{"id":104649,"date":"2026-01-12T11:25:07","date_gmt":"2026-01-12T11:25:07","guid":{"rendered":"https:\/\/thetenerifechannel.com\/excursions\/wycieczka-na-wyspe-candelaria-la-orotava-garachico-masca-od-poludnia\/"},"modified":"2026-02-14T12:20:07","modified_gmt":"2026-02-14T12:20:07","slug":"wycieczka-na-wyspe-candelaria-la-orotava-garachico-masca-od-poludnia","status":"publish","type":"product","link":"https:\/\/thetenerifechannel.com\/pl\/excursions\/wycieczka-na-wyspe-candelaria-la-orotava-garachico-masca-od-poludnia\/","title":{"rendered":"Wycieczka na wysp\u0119: Candelaria &#8211; La Orotava &#8211; Garachico &#8211; Masca (od po\u0142udnia)"},"content":{"rendered":"<section class=\"l-section wpb_row height_huge\"><div class=\"l-section-h i-cf\"><div class=\"g-cols vc_row via_grid cols_1 laptops-cols_inherit tablets-cols_inherit mobiles-cols_1 valign_top type_default stacking_default\"><div class=\"wpb_column vc_column_container\"><div class=\"vc_column-inner\"><div class=\"wpb_text_column\"><div class=\"wpb_wrapper\"><div class=\"flex-shrink-0 flex flex-col relative items-end\">\n<div class=\"pt-0.5\">\n<div class=\"gizmo-shadow-stroke flex h-6 w-6 items-center justify-center overflow-hidden rounded-full\">\n<p>Poznaj esencj\u0119 Teneryfy w ci\u0105gu jednego dnia podczas tej ca\u0142odniowej wycieczki. Zacznij od nadmorskiego miasta Candelaria, w kt\u00f3rym znajduje si\u0119 imponuj\u0105ca bazylika i br\u0105zowe pos\u0105gi staro\u017cytnych kr\u00f3l\u00f3w Guanche. Nast\u0119pnie udaj si\u0119 do historycznego miasta La Orotava, spaceruj\u0105c jego urokliwymi uliczkami i odwiedzaj\u0105c takie zabytki, jak Casa de Los Balcones i Plaza del Ayuntamiento. Nast\u0119pnie odkryj Garachico, malownicze miasto ukszta\u0142towane przez erupcj\u0119 wulkanu, z najwa\u017cniejszymi atrakcjami, w tym naturalnymi basenami El Calet\u00f3n i Castillo de San Miguel. Ciesz si\u0119 wolnym czasem na lunch przed udaniem si\u0119 do osza\u0142amiaj\u0105cych krajobraz\u00f3w Parku Wiejskiego Teno, ko\u0144cz\u0105c w tradycyjnej wiosce Masca, po\u0142o\u017conej w\u015br\u00f3d zapieraj\u0105cych dech w piersiach klif\u00f3w.    <\/p>\n<\/div>\n<\/div>\n<\/div>\n<div class=\"relative flex w-full flex-col lg:w-&#091;calc(100%-115px)&#093; agent-turn\">\n<div class=\"flex-col gap-1 md:gap-3\">\n<div class=\"flex flex-grow flex-col max-w-full\">\n<div class=\"min-h-&#091;20px&#093; text-message flex flex-col items-start gap-3 whitespace-pre-wrap break-words &#091;.text-message+&amp;&#093;:mt-5 overflow-x-auto\" data-message-author-role=\"assistant\" data-message-id=\"1b594d4d-875f-4ede-8698-e67da448c8b8\">\n<p>Na zako\u0144czenie tej niezapomnianej wycieczki udamy si\u0119 w drog\u0119 powrotn\u0105 do hoteli.<br \/>\nCzas trwania: oko\u0142o 9 godzin.<\/p>\n<p><strong>Wliczone w cen\u0119:<\/strong><\/p>\n<\/div>\n<\/div>\n<\/div>\n<\/div>\n<ul>\n<li>Klimatyzowany autobus uznaniowy<\/li>\n<li>Oficjalny przewodnik<\/li>\n<\/ul>\n<p><strong>Brak w zestawie:<\/strong><\/p>\n<ul>\n<li>Lunch<\/li>\n<\/ul>\n<\/div><\/div><\/div><\/div><\/div><\/div><\/section>\n","protected":false},"excerpt":{"rendered":"<p>Odkryj esencj\u0119 Teneryfy w ci\u0105gu jednego dnia podczas tej wycieczki po wyspie, odwiedzaj\u0105c najpi\u0119kniejsze i historyczne miejsca, w tym Candelaria, La Orotava, Garachico i Masca, wyruszaj\u0105c z po\u0142udnia wyspy.<\/p>\n","protected":false},"featured_media":104674,"template":"","meta":{"_acf_changed":false,"_joinchat":[]},"product_brand":[],"product_cat":[314],"product_tag":[],"class_list":{"0":"post-104649","1":"product","2":"type-product","3":"status-publish","4":"has-post-thumbnail","6":"product_cat-wycieczki-na-teneryfe","7":"pa_depart-from-na-poludnie-od-wyspy","9":"first","10":"instock","11":"virtual","12":"sold-individually","13":"purchasable","14":"product-type-booking"},"acf":[],"_links":{"self":[{"href":"https:\/\/thetenerifechannel.com\/pl\/wp-json\/wp\/v2\/product\/104649","targetHints":{"allow":["GET"]}}],"collection":[{"href":"https:\/\/thetenerifechannel.com\/pl\/wp-json\/wp\/v2\/product"}],"about":[{"href":"https:\/\/thetenerifechannel.com\/pl\/wp-json\/wp\/v2\/types\/product"}],"wp:featuredmedia":[{"embeddable":true,"href":"https:\/\/thetenerifechannel.com\/pl\/wp-json\/wp\/v2\/media\/104674"}],"wp:attachment":[{"href":"https:\/\/thetenerifechannel.com\/pl\/wp-json\/wp\/v2\/media?parent=104649"}],"wp:term":[{"taxonomy":"product_brand","embeddable":true,"href":"https:\/\/thetenerifechannel.com\/pl\/wp-json\/wp\/v2\/product_brand?post=104649"},{"taxonomy":"product_cat","embeddable":true,"href":"https:\/\/thetenerifechannel.com\/pl\/wp-json\/wp\/v2\/product_cat?post=104649"},{"taxonomy":"product_tag","embeddable":true,"href":"https:\/\/thetenerifechannel.com\/pl\/wp-json\/wp\/v2\/product_tag?post=104649"}],"curies":[{"name":"wp","href":"https:\/\/api.w.org\/{rel}","templated":true}]}}