{"id":104756,"date":"2026-01-08T13:26:14","date_gmt":"2026-01-08T13:26:14","guid":{"rendered":"https:\/\/thetenerifechannel.com\/excursions\/banana-boat\/"},"modified":"2026-02-14T13:21:39","modified_gmt":"2026-02-14T13:21:39","slug":"banana-boat","status":"publish","type":"product","link":"https:\/\/thetenerifechannel.com\/pl\/excursions\/banana-boat\/","title":{"rendered":"Banana Boat"},"content":{"rendered":"<section class=\"l-section wpb_row height_huge\"><div class=\"l-section-h i-cf\"><div class=\"g-cols vc_row via_grid cols_1 laptops-cols_inherit tablets-cols_inherit mobiles-cols_1 valign_top type_default stacking_default\"><div class=\"wpb_column vc_column_container\"><div class=\"vc_column-inner\"><div class=\"wpb_text_column\"><div class=\"wpb_wrapper\"><p>Przygotuj si\u0119 na ekscytuj\u0105c\u0105 przeja\u017cd\u017ck\u0119 nasz\u0105 \u0142odzi\u0105 bananow\u0105! Ten pe\u0142en zabawy sport wodny jest idealny dla przyjaci\u00f3\u0142, rodzin i ka\u017cdego, kto szuka emocji na wodzie. Wskocz na nadmuchiwan\u0105 \u0142\u00f3d\u017a w kszta\u0142cie banana, trzymaj si\u0119 mocno i pozw\u00f3l, aby motor\u00f3wka przeci\u0105gn\u0119\u0142a Ci\u0119 przez fale. Poczuj dreszczyk emocji pluskaj\u0105c si\u0119 w wodzie, \u015bmiej\u0105c si\u0119 z towarzyszami i tworz\u0105c niezapomniane wspomnienia. Aktywno\u015b\u0107 trwa 10 minut.    <\/p>\n<p><strong>W zestawie:<\/strong><\/p>\n<ul>\n<li>Miejsce spotkania na pla\u017cy najbli\u017cej miejsca zakwaterowania.<\/li>\n<li>Bilet elektroniczny. Kamizelka ratunkowa (obowi\u0105zkowa) <\/li>\n<\/ul>\n<p><strong>Brak w zestawie:<\/strong><\/p>\n<ul>\n<li>Transport<\/li>\n<li>Pami\u0105tkowe zdj\u0119cie<\/li>\n<\/ul>\n<\/div><\/div><\/div><\/div><\/div><\/div><\/section>\n","protected":false},"excerpt":{"rendered":"<p>Przygotuj si\u0119 na \u015bmiech, pluski i nieprzerwan\u0105 zabaw\u0119 &#8211; wskocz na nasz\u0105 \u0142\u00f3d\u017a bananow\u0105 i niech rozpocznie si\u0119 przygoda!<\/p>\n","protected":false},"featured_media":104786,"template":"","meta":{"_acf_changed":false,"_joinchat":[]},"product_brand":[],"product_cat":[308],"product_tag":[],"class_list":{"0":"post-104756","1":"product","2":"type-product","3":"status-publish","4":"has-post-thumbnail","6":"product_cat-sporty-wodne","7":"pa_depart-from-na-poludnie-od-wyspy","9":"first","10":"instock","11":"virtual","12":"sold-individually","13":"purchasable","14":"product-type-booking"},"acf":[],"_links":{"self":[{"href":"https:\/\/thetenerifechannel.com\/pl\/wp-json\/wp\/v2\/product\/104756","targetHints":{"allow":["GET"]}}],"collection":[{"href":"https:\/\/thetenerifechannel.com\/pl\/wp-json\/wp\/v2\/product"}],"about":[{"href":"https:\/\/thetenerifechannel.com\/pl\/wp-json\/wp\/v2\/types\/product"}],"wp:featuredmedia":[{"embeddable":true,"href":"https:\/\/thetenerifechannel.com\/pl\/wp-json\/wp\/v2\/media\/104786"}],"wp:attachment":[{"href":"https:\/\/thetenerifechannel.com\/pl\/wp-json\/wp\/v2\/media?parent=104756"}],"wp:term":[{"taxonomy":"product_brand","embeddable":true,"href":"https:\/\/thetenerifechannel.com\/pl\/wp-json\/wp\/v2\/product_brand?post=104756"},{"taxonomy":"product_cat","embeddable":true,"href":"https:\/\/thetenerifechannel.com\/pl\/wp-json\/wp\/v2\/product_cat?post=104756"},{"taxonomy":"product_tag","embeddable":true,"href":"https:\/\/thetenerifechannel.com\/pl\/wp-json\/wp\/v2\/product_tag?post=104756"}],"curies":[{"name":"wp","href":"https:\/\/api.w.org\/{rel}","templated":true}]}}