{"id":104957,"date":"2025-01-17T09:07:10","date_gmt":"2025-01-17T09:07:10","guid":{"rendered":"https:\/\/thetenerifechannel.com\/excursions\/jazda-konna\/"},"modified":"2026-03-31T10:48:28","modified_gmt":"2026-03-31T10:48:28","slug":"jazda-konna","status":"publish","type":"product","link":"https:\/\/thetenerifechannel.com\/pl\/excursions\/jazda-konna\/","title":{"rendered":"Jazda konna"},"content":{"rendered":"<section class=\"l-section wpb_row height_huge\"><div class=\"l-section-h i-cf\"><div class=\"g-cols vc_row via_grid cols_1 laptops-cols_inherit tablets-cols_inherit mobiles-cols_1 valign_top type_default stacking_default\"><div class=\"wpb_column vc_column_container\"><div class=\"vc_column-inner\"><div class=\"wpb_text_column\"><div class=\"wpb_wrapper\"><p><span>Wybierz si\u0119 na godzinn\u0105 przeja\u017cd\u017ck\u0119 konn\u0105 szlakiem wulkanicznym, podczas kt\u00f3rej zobaczysz typowe kanaryjskie krajobrazy i formacje lawy.<br \/>\nJe\u015bli chcesz wybra\u0107 si\u0119 nieco dalej, wybierz dwugodzinn\u0105 tras\u0119, kt\u00f3ra prowadzi a\u017c do morza, pozwalaj\u0105c cieszy\u0107 si\u0119 nadmorskimi widokami.<\/span><\/p>\n<p><span>Wycieczki s\u0105 dost\u0119pne dla os\u00f3b w wieku 6 lat i starszych, z maksymalnym limitem wagi 95 kg w celu zapewnienia dobrostanu zwierz\u0105t. Istnieje us\u0142uga odbioru na po\u0142udniu Teneryfy (z Callao Salvaje do El M\u00e9dano), ale nale\u017cy pami\u0119ta\u0107, \u017ce us\u0142uga ta nie jest dost\u0119pna w weekendy, a dodatkowy koszt w wysoko\u015bci 10 \u20ac za rodzin\u0119 (do 7 os\u00f3b w tym samym punkcie odbioru) nale\u017cy ui\u015bci\u0107 bezpo\u015brednio w dniu wycieczki. <\/span><\/p>\n<\/div><\/div><\/div><\/div><\/div><\/div><\/section>\n","protected":false},"excerpt":{"rendered":"<p><span>Wybierz si\u0119 na godzinn\u0105 przeja\u017cd\u017ck\u0119 po typowym kanaryjskim szlaku wulkanicznym lub wybierz dwugodzinn\u0105 podr\u00f3\u017c, kt\u00f3ra zabierze Ci\u0119 a\u017c do morza.<\/span><\/p>\n","protected":false},"featured_media":33829,"template":"","meta":{"_acf_changed":false,"_joinchat":[]},"product_brand":[],"product_cat":[315],"product_tag":[],"class_list":{"0":"post-104957","1":"product","2":"type-product","3":"status-publish","4":"has-post-thumbnail","6":"product_cat-przygoda-z-natura","7":"pa_depart-from-na-poludnie-od-wyspy","9":"first","10":"instock","11":"virtual","12":"sold-individually","13":"purchasable","14":"product-type-booking"},"acf":[],"_links":{"self":[{"href":"https:\/\/thetenerifechannel.com\/pl\/wp-json\/wp\/v2\/product\/104957","targetHints":{"allow":["GET"]}}],"collection":[{"href":"https:\/\/thetenerifechannel.com\/pl\/wp-json\/wp\/v2\/product"}],"about":[{"href":"https:\/\/thetenerifechannel.com\/pl\/wp-json\/wp\/v2\/types\/product"}],"wp:featuredmedia":[{"embeddable":true,"href":"https:\/\/thetenerifechannel.com\/pl\/wp-json\/wp\/v2\/media\/33829"}],"wp:attachment":[{"href":"https:\/\/thetenerifechannel.com\/pl\/wp-json\/wp\/v2\/media?parent=104957"}],"wp:term":[{"taxonomy":"product_brand","embeddable":true,"href":"https:\/\/thetenerifechannel.com\/pl\/wp-json\/wp\/v2\/product_brand?post=104957"},{"taxonomy":"product_cat","embeddable":true,"href":"https:\/\/thetenerifechannel.com\/pl\/wp-json\/wp\/v2\/product_cat?post=104957"},{"taxonomy":"product_tag","embeddable":true,"href":"https:\/\/thetenerifechannel.com\/pl\/wp-json\/wp\/v2\/product_tag?post=104957"}],"curies":[{"name":"wp","href":"https:\/\/api.w.org\/{rel}","templated":true}]}}