{"id":104964,"date":"2024-12-26T09:47:02","date_gmt":"2024-12-26T09:47:02","guid":{"rendered":"https:\/\/thetenerifechannel.com\/excursions\/bat-4-all\/"},"modified":"2024-12-26T09:47:02","modified_gmt":"2024-12-26T09:47:02","slug":"bat-4-all","status":"publish","type":"product","link":"https:\/\/thetenerifechannel.com\/pl\/excursions\/bat-4-all\/","title":{"rendered":"Bat 4 All"},"content":{"rendered":"<p>Bat4All to integracyjna \u0142\u00f3d\u017a zaprojektowana dla wszystkich, w tym os\u00f3b o ograniczonej sprawno\u015bci ruchowej. Mie\u015bci do 10 os\u00f3b i 4 w\u00f3zki inwalidzkie, zapewniaj\u0105c komfort i dost\u0119pno\u015b\u0107. Wycieczka trwa 3 godziny.  <\/p>\n<p>Ciesz si\u0119 przestronnym pok\u0142adem rufowym, zrelaksuj si\u0119 na poduszkach dziobowych lub udaj si\u0119 na g\u00f3rny pok\u0142ad z miejscami do siedzenia i tarasem pokrytym darni\u0105, idealnym do obserwowania wieloryb\u00f3w. Platforma hydrauliczna zapewnia bezpieczny dost\u0119p do morza, nawet dla os\u00f3b z trudno\u015bciami w poruszaniu si\u0119. <\/p>\n<p>Eksploruj rezerwat morski z do\u015bwiadczonymi przewodnikami, obserwuj\u0105c \u017c\u00f3\u0142wie, delfiny i wieloryby. Sprz\u0119t do snorkelingu jest wliczony w cen\u0119, a po k\u0105pieli w ciep\u0142ych, spokojnych wodach mo\u017cna delektowa\u0107 si\u0119 pysznym w\u0142oskim posi\u0142kiem z makaronem na zimno.<br \/>\nDzi\u0119ki \u0142azience przystosowanej do w\u00f3zk\u00f3w inwalidzkich i pomocy zapewnianej przez za\u0142og\u0119, Bat4All gwarantuje, \u017ce ka\u017cdy mo\u017ce cieszy\u0107 si\u0119 p\u0142ywaniem, snorkelingiem i relaksem. Idealny dla rodzin i na prywatne imprezy, to doskona\u0142y wyb\u00f3r na niezapomniany dzie\u0144 na morzu.  <\/p>\n<p><strong>W ZESTAWIE:<\/strong><\/p>\n<ul>\n<li>Lunch i napoje (woda i napoje bezalkoholowe)<\/li>\n<li>Zmniejszona grupa<\/li>\n<\/ul>\n<p><strong>NIE WLICZONE W CEN\u0118:<\/strong><\/p>\n<ul>\n<li>Transport<\/li>\n<\/ul>\n","protected":false},"excerpt":{"rendered":"<p>Bat4All<span> to wyj\u0105tkowa i integracyjna \u0142\u00f3d\u017a, zaprojektowana tak, aby oferowa\u0107 <\/span>dost\u0119pne <span>wra\u017cenia \u017ceglarskie dla wszystkich, w tym <\/span>os\u00f3b o ograniczonej sprawno\u015bci ruchowej.<span> Ta pozbawiona barier \u0142\u00f3d\u017a mo\u017ce pomie\u015bci\u0107 do 10 os\u00f3b i 4 w\u00f3zki inwalidzkie, gwarantuj\u0105c komfort i personalizacj\u0119.<\/span><\/p>\n","protected":false},"featured_media":32018,"template":"","meta":{"_acf_changed":false,"_joinchat":[]},"product_brand":[],"product_cat":[310],"product_tag":[],"class_list":{"0":"post-104964","1":"product","2":"type-product","3":"status-publish","4":"has-post-thumbnail","6":"product_cat-obserwacja-wielorybow","8":"first","9":"instock","10":"sold-individually","11":"shipping-taxable","12":"purchasable","13":"product-type-booking"},"acf":[],"_links":{"self":[{"href":"https:\/\/thetenerifechannel.com\/pl\/wp-json\/wp\/v2\/product\/104964","targetHints":{"allow":["GET"]}}],"collection":[{"href":"https:\/\/thetenerifechannel.com\/pl\/wp-json\/wp\/v2\/product"}],"about":[{"href":"https:\/\/thetenerifechannel.com\/pl\/wp-json\/wp\/v2\/types\/product"}],"wp:featuredmedia":[{"embeddable":true,"href":"https:\/\/thetenerifechannel.com\/pl\/wp-json\/wp\/v2\/media\/32018"}],"wp:attachment":[{"href":"https:\/\/thetenerifechannel.com\/pl\/wp-json\/wp\/v2\/media?parent=104964"}],"wp:term":[{"taxonomy":"product_brand","embeddable":true,"href":"https:\/\/thetenerifechannel.com\/pl\/wp-json\/wp\/v2\/product_brand?post=104964"},{"taxonomy":"product_cat","embeddable":true,"href":"https:\/\/thetenerifechannel.com\/pl\/wp-json\/wp\/v2\/product_cat?post=104964"},{"taxonomy":"product_tag","embeddable":true,"href":"https:\/\/thetenerifechannel.com\/pl\/wp-json\/wp\/v2\/product_tag?post=104964"}],"curies":[{"name":"wp","href":"https:\/\/api.w.org\/{rel}","templated":true}]}}