{"id":104965,"date":"2024-08-15T17:38:41","date_gmt":"2024-08-15T17:38:41","guid":{"rendered":"https:\/\/thetenerifechannel.com\/excursions\/lekcje-surfingu\/"},"modified":"2026-03-09T13:56:34","modified_gmt":"2026-03-09T13:56:34","slug":"lekcje-surfingu","status":"publish","type":"product","link":"https:\/\/thetenerifechannel.com\/pl\/excursions\/lekcje-surfingu\/","title":{"rendered":"Lekcje surfingu"},"content":{"rendered":"<p>Z\u0142ap fale dzi\u0119ki 2-godzinnym sesjom surfingu na Teneryfie! Niezale\u017cnie od tego, czy jeste\u015b pocz\u0105tkuj\u0105cym, czy do\u015bwiadczonym surferem, mo\u017cesz wybra\u0107 lekcje prywatne lub grupowe dost\u0119pne dla wszystkich poziom\u00f3w umiej\u0119tno\u015bci. <\/p>\n<p>Te sesje z do\u015bwiadczonymi instruktorami maj\u0105 na celu zapewnienie dobrej zabawy, szybkiej nauki i bezpiecznej jazdy na falach. Wypr\u00f3buj ten popularny sport, aby Twoja wizyta na Teneryfie by\u0142a niezapomniana z ka\u017cd\u0105 z\u0142apan\u0105 fal\u0105! <\/p>\n<p><span>W Playa de Las Americas ka\u017cde zaj\u0119cia rozpoczynaj\u0105 si\u0119 od 30 minut teorii i rozgrzewki poza wod\u0105. Nast\u0119pnie przez oko\u0142o 1 godzin\u0119 i 30 minut \u0107wiczymy w morzu. <\/span><\/p>\n<p><strong>W ZESTAWIE:<\/strong><\/p>\n<ul>\n<li class=\"dsm_icon_list_child dsm_icon_list_child_0\"><span class=\"dsm_icon_list_text\">Deska surfingowa \/ bodyboard<\/span><\/li>\n<li class=\"dsm_icon_list_child dsm_icon_list_child_1\"><span class=\"dsm_icon_list_text\">Kombinezon neoprenowy<\/span><\/li>\n<li class=\"dsm_icon_list_child dsm_icon_list_child_3\"><span class=\"dsm_icon_list_text\">Botki (opcjonalnie)<\/span><\/li>\n<li class=\"dsm_icon_list_child dsm_icon_list_child_4\"><span class=\"dsm_icon_list_text\">P\u0142etwy (do bodyboardingu)<\/span><\/li>\n<li class=\"dsm_icon_list_child dsm_icon_list_child_6\"><span class=\"dsm_icon_list_text\">Ubezpieczenie od nast\u0119pstw nieszcz\u0119\u015bliwych wypadk\u00f3w<\/span><\/li>\n<\/ul>\n<p><strong>NIE WLICZONE W CEN\u0118:<\/strong><\/p>\n<ul>\n<li>Transport<\/li>\n<\/ul>\n<p>*Dzieci poni\u017cej 13. roku \u017cycia musz\u0105 wzi\u0105\u0107 udzia\u0142 w lekcji prywatnej lub p\u00f3\u0142prywatnej z innym cz\u0142onkiem rodziny.<br \/>\n*Minimalny wiek: 5 lat.<\/p>\n<p>&nbsp;<\/p>\n","protected":false},"excerpt":{"rendered":"<p><span>Do\u015bwiadcz wra\u017cenia surfowania po falach w Playa de Las Americas. <\/span><span>Zaj\u0119cia dostosowane do wszystkich poziom\u00f3w<\/span><span> pom\u00f3c Ci z\u0142apa\u0107 pierwsz\u0105 fal\u0119 na Teneryfie.<br \/>\nDost\u0119pne s\u0105 zaj\u0119cia prywatne lub grupowe.<\/span><\/p>\n","protected":false},"featured_media":12983,"template":"","meta":{"_acf_changed":false,"_joinchat":[]},"product_brand":[],"product_cat":[308],"product_tag":[],"class_list":{"0":"post-104965","1":"product","2":"type-product","3":"status-publish","4":"has-post-thumbnail","6":"product_cat-sporty-wodne","7":"pa_depart-from-na-poludnie-od-wyspy","9":"first","10":"instock","11":"virtual","12":"sold-individually","13":"purchasable","14":"product-type-booking"},"acf":[],"_links":{"self":[{"href":"https:\/\/thetenerifechannel.com\/pl\/wp-json\/wp\/v2\/product\/104965","targetHints":{"allow":["GET"]}}],"collection":[{"href":"https:\/\/thetenerifechannel.com\/pl\/wp-json\/wp\/v2\/product"}],"about":[{"href":"https:\/\/thetenerifechannel.com\/pl\/wp-json\/wp\/v2\/types\/product"}],"wp:featuredmedia":[{"embeddable":true,"href":"https:\/\/thetenerifechannel.com\/pl\/wp-json\/wp\/v2\/media\/12983"}],"wp:attachment":[{"href":"https:\/\/thetenerifechannel.com\/pl\/wp-json\/wp\/v2\/media?parent=104965"}],"wp:term":[{"taxonomy":"product_brand","embeddable":true,"href":"https:\/\/thetenerifechannel.com\/pl\/wp-json\/wp\/v2\/product_brand?post=104965"},{"taxonomy":"product_cat","embeddable":true,"href":"https:\/\/thetenerifechannel.com\/pl\/wp-json\/wp\/v2\/product_cat?post=104965"},{"taxonomy":"product_tag","embeddable":true,"href":"https:\/\/thetenerifechannel.com\/pl\/wp-json\/wp\/v2\/product_tag?post=104965"}],"curies":[{"name":"wp","href":"https:\/\/api.w.org\/{rel}","templated":true}]}}