{"id":104973,"date":"2024-12-12T10:24:06","date_gmt":"2024-12-12T10:24:06","guid":{"rendered":"https:\/\/thetenerifechannel.com\/excursions\/teide-downhill-bike-tour\/"},"modified":"2026-05-05T13:20:10","modified_gmt":"2026-05-05T13:20:10","slug":"teide-downhill-bike-tour","status":"publish","type":"product","link":"https:\/\/thetenerifechannel.com\/pl\/excursions\/teide-downhill-bike-tour\/","title":{"rendered":"Teide Downhill Bike Tour"},"content":{"rendered":"<section class=\"l-section wpb_row height_huge\"><div class=\"l-section-h i-cf\"><div class=\"g-cols vc_row via_grid cols_1 laptops-cols_inherit tablets-cols_inherit mobiles-cols_1 valign_top type_default stacking_default\"><div class=\"wpb_column vc_column_container\"><div class=\"vc_column-inner\"><div class=\"wpb_text_column\"><div class=\"wpb_wrapper\"><div class=\"flex max-w-full flex-col flex-grow\">\n<div class=\"min-h-8 text-message flex w-full flex-col items-end gap-2 whitespace-normal break-words text-start &#091;.text-message+&amp;&#093;:mt-5\" dir=\"auto\" data-message-author-role=\"assistant\" data-message-id=\"43375018-f0f5-4884-b7da-62fad3812d9d\" data-message-model-slug=\"gpt-4o\">\n<div class=\"flex w-full flex-col gap-1 empty:hidden first:pt-&#091;3px&#093;\">\n<div class=\"markdown prose w-full break-words dark:prose-invert light\">\n<p>Odkryj Teneryf\u0119 od wulkanu do morza, bez wysi\u0142ku zje\u017cd\u017caj\u0105c na rowerze w d\u00f3\u0142! Do\u015bwiadcz rado\u015bci z relaksuj\u0105cej jazdy na rowerze i poznaj ukryte pi\u0119kno autentycznej Teneryfy. Ciesz si\u0119 36 kilometrami zjazd\u00f3w rowerowych po utwardzonych drogach, prowadzonych przez profesjonalny zesp\u00f3\u0142 z pojazdem pomocniczym. Nie spiesz si\u0119, zatrzymuj si\u0119 na zdj\u0119cia i korzystaj z urok\u00f3w wyspy.   <\/p>\n<p>Pocz\u0105wszy od Parku Narodowego Teide, podr\u00f3\u017c prowadzi przez wulkany, lasy, urocze wioski i pustynie, a ko\u0144czy si\u0119 nad oceanem. Odbierzemy Ci\u0119 z Twojego hotelu lub apartamentu w Los Cristianos lub Las Americas i zawieziemy do punktu pocz\u0105tkowego, a je\u015bli jeszcze go nie widzia\u0142e\u015b, zrobimy nawet objazd, aby odwiedzi\u0107 g\u00f3r\u0119 Teide. <\/p>\n<p>Na starcie zapewniamy ca\u0142y niezb\u0119dny sprz\u0119t &#8211; kask, r\u0119kawiczki, kamizelk\u0119 odblaskow\u0105, kurtk\u0119 przeciwwiatrow\u0105 (zim\u0105) i rower dostosowany do Twojego rozmiaru. Pojazd pomocniczy przewiezie Twoje rzeczy, zapewniaj\u0105c komfortow\u0105 jazd\u0119. <\/p>\n<p>Zjazd trwa oko\u0142o 2,5 godziny, z r\u00f3\u017cnymi przystankami. Po przeja\u017cd\u017cce odwieziemy Ci\u0119 z powrotem do miejsca zakwaterowania. Ta wycieczka jest przyjazna dla \u015brodowiska, zabawna i niezapomniana.  <\/p>\n<p>Wycieczka\/odbi\u00f3r rozpoczyna si\u0119 mi\u0119dzy godzin\u0105 12:00 a 14:00.<\/p>\n<p><strong>W ZESTAWIE:<\/strong><\/p>\n<ul>\n<li><span><span>Odbi\u00f3r i transport do punktu rozpocz\u0119cia wycieczki. A <\/span><\/span>miejsca odbioru: Los Cristianos, Las Am\u00e9ricas, Costa Adeje. Poza tymi obszarami obowi\u0105zuje dodatkowa op\u0142ata w wysoko\u015bci 10 \u20ac. <\/li>\n<li><span>R\u0119kawice i kask w zestawie. Sprz\u0119t dostosowany do pogody. <\/span><\/li>\n<li><span>Przez ca\u0142\u0105 drog\u0119 towarzyszy\u0142 mu pojazd assistance.<\/span><\/li>\n<\/ul>\n<\/div>\n<\/div>\n<\/div>\n<\/div>\n<\/div><\/div><\/div><\/div><\/div><\/div><\/section>\n","protected":false},"excerpt":{"rendered":"<p><span>Odkryj osza\u0142amiaj\u0105ce krajobrazy Teneryfy podczas 36-kilometrowej zjazdowej wycieczki rowerowej z g\u00f3ry Teide, obejmuj\u0105cej malownicze przystanki i ekologiczn\u0105 zabaw\u0119.<\/span><\/p>\n","protected":false},"featured_media":31103,"template":"","meta":{"_acf_changed":false,"_joinchat":[]},"product_brand":[],"product_cat":[312],"product_tag":[372,375,374,373,511,376,399],"class_list":{"0":"post-104973","1":"product","2":"type-product","3":"status-publish","4":"has-post-thumbnail","6":"product_cat-wycieczki-na-teide","7":"product_tag-a-group-couples","8":"product_tag-a-group-solo","9":"product_tag-a-grupa-przyjaciol","10":"product_tag-a-grupa-rodziny","11":"product_tag-a-must-teide-solo","12":"product_tag-a-vibe-adventure","13":"product_tag-a-vibe-nature","15":"first","16":"instock","17":"virtual","18":"sold-individually","19":"purchasable","20":"product-type-booking"},"acf":[],"_links":{"self":[{"href":"https:\/\/thetenerifechannel.com\/pl\/wp-json\/wp\/v2\/product\/104973","targetHints":{"allow":["GET"]}}],"collection":[{"href":"https:\/\/thetenerifechannel.com\/pl\/wp-json\/wp\/v2\/product"}],"about":[{"href":"https:\/\/thetenerifechannel.com\/pl\/wp-json\/wp\/v2\/types\/product"}],"wp:featuredmedia":[{"embeddable":true,"href":"https:\/\/thetenerifechannel.com\/pl\/wp-json\/wp\/v2\/media\/31103"}],"wp:attachment":[{"href":"https:\/\/thetenerifechannel.com\/pl\/wp-json\/wp\/v2\/media?parent=104973"}],"wp:term":[{"taxonomy":"product_brand","embeddable":true,"href":"https:\/\/thetenerifechannel.com\/pl\/wp-json\/wp\/v2\/product_brand?post=104973"},{"taxonomy":"product_cat","embeddable":true,"href":"https:\/\/thetenerifechannel.com\/pl\/wp-json\/wp\/v2\/product_cat?post=104973"},{"taxonomy":"product_tag","embeddable":true,"href":"https:\/\/thetenerifechannel.com\/pl\/wp-json\/wp\/v2\/product_tag?post=104973"}],"curies":[{"name":"wp","href":"https:\/\/api.w.org\/{rel}","templated":true}]}}