{"id":104982,"date":"2024-11-26T20:05:16","date_gmt":"2024-11-26T20:05:16","guid":{"rendered":"https:\/\/thetenerifechannel.com\/excursions\/buggy-sunset-adventure\/"},"modified":"2026-03-26T14:04:59","modified_gmt":"2026-03-26T14:04:59","slug":"buggy-sunset-adventure","status":"publish","type":"product","link":"https:\/\/thetenerifechannel.com\/pl\/excursions\/buggy-sunset-adventure\/","title":{"rendered":"Buggy Sunset Adventure"},"content":{"rendered":"<section class=\"l-section wpb_row height_huge\"><div class=\"l-section-h i-cf\"><div class=\"g-cols vc_row via_grid cols_1 laptops-cols_inherit tablets-cols_inherit mobiles-cols_1 valign_top type_default stacking_default\"><div class=\"wpb_column vc_column_container\"><div class=\"vc_column-inner\"><div class=\"wpb_text_column\"><div class=\"wpb_wrapper\"><p>Podczas tej wycieczki przejedziemy przez kilka miast na po\u0142udniu Teneryfy, podziwiaj\u0105c wspania\u0142e krajobrazy i \u015bwie\u017ce g\u00f3rskie powietrze.<\/p>\n<p>Podr\u00f3\u017c zabierze nas do Parku Narodowego Teide, gdzie zatrzymamy si\u0119, aby podziwia\u0107 zapieraj\u0105cy dech w piersiach zach\u00f3d s\u0142o\u0144ca. Podziwiaj\u0105c widoki, b\u0119dziesz cieszy\u0107 si\u0119 drinkiem (wino lub bezalkoholowa cava) i lekkimi przek\u0105skami, takimi jak w\u0119dliny i orzechy, co zapewni naprawd\u0119 niezapomniane wra\u017cenia. <\/p>\n<p>W drodze powrotnej b\u0119dziemy podziwia\u0107 widoki na wybrze\u017ce Teneryfy przed powrotem do naszej bazy.<\/p>\n<p><strong>ZAWIERA:<\/strong><\/p>\n<ul class=\"elementor-icon-list-items\">\n<li>Czas podr\u00f3\u017cy 3,5 godziny<\/li>\n<li><span>Paliwo, przewodnik, ubezpieczenie dla turyst\u00f3w, kurtka\/p\u0142aszcz, okulary przeciws\u0142oneczne, czekolada, kanapka i woda, wino i\/lub wino musuj\u0105ce bezalkoholowe, w\u0119dliny i\/lub orzechy.<\/span><\/li>\n<li><span>Zalecamy zabranie ze sob\u0105 p\u0142aszcza, cho\u0107 firma b\u0119dzie go mia\u0142a do dyspozycji.<\/span><\/li>\n<\/ul>\n<p>*Transport mo\u017cliwy za dodatkow\u0105 op\u0142at\u0105 w wysoko\u015bci 10 \u20ac na po\u0142udniu wyspy.<\/p>\n<p><span>*Nale\u017cy nosi\u0107 zamkni\u0119te obuwie.<br \/>\n*Musisz posiada\u0107 prawo jazdy kategorii B1. NIE AKCEPTUJEMY LICENCJI TYMCZASOWYCH. Minimalny wiek kierowcy to 18 lat.<br \/>\n*Dzieci o wzro\u015bcie co najmniej 1,35 m mog\u0105 podr\u00f3\u017cowa\u0107 jako osoba towarzysz\u0105ca w dwuosobowym w\u00f3zku. Dzieci w wieku od 2 lat mog\u0105 je\u017adzi\u0107 w foteliku dzieci\u0119cym w 4-osobowym w\u00f3zku zapewnionym przez firm\u0119. <\/span><\/p>\n<p><span class=\"elementor-icon-list-text\"><span>*Do odbioru w<\/span><\/span><span style=\"letter-spacing: 0em;\">w obszarach takich jak Playa Para\u00edso <\/span>(Hard Rock Hotel i pobliskie hotele), nale\u017cy zapyta\u0107 o dost\u0119pno\u015b\u0107 podczas dokonywania rezerwacji.<\/p>\n<\/div><\/div><\/div><\/div><\/div><\/div><\/section>\n","protected":false},"excerpt":{"rendered":"<div class=\"flex max-w-full flex-col flex-grow\">\n<div class=\"min-h-8 text-message flex w-full flex-col items-end gap-2 whitespace-normal break-words [.text-message+&amp;]:mt-5\" dir=\"auto\" data-message-author-role=\"assistant\" data-message-id=\"bc3f96f7-f5f2-48ea-9575-478fb857310e\" data-message-model-slug=\"gpt-4o\">\n<div class=\"flex w-full flex-col gap-1 empty:hidden first:pt-[3px]\">\n<div class=\"markdown prose w-full break-words dark:prose-invert light\">\n<p>Wybierz si\u0119 na 3,5-godzinn\u0105 wycieczk\u0119 do Parku Narodowego El Teide i podziwiaj spektakularny zach\u00f3d s\u0142o\u0144ca po\u015br\u00f3d zapieraj\u0105cych dech w piersiach krajobraz\u00f3w.<\/p>\n<\/div>\n<\/div>\n<\/div>\n<\/div>\n","protected":false},"featured_media":29295,"template":"","meta":{"_acf_changed":false,"_joinchat":[]},"product_brand":[],"product_cat":[313,312,314],"product_tag":[],"class_list":{"0":"post-104982","1":"product","2":"type-product","3":"status-publish","4":"has-post-thumbnail","6":"product_cat-wycieczki-na-quadach","7":"product_cat-wycieczki-na-teide","8":"product_cat-wycieczki-na-teneryfe","10":"first","11":"instock","12":"virtual","13":"sold-individually","14":"purchasable","15":"product-type-booking"},"acf":[],"_links":{"self":[{"href":"https:\/\/thetenerifechannel.com\/pl\/wp-json\/wp\/v2\/product\/104982","targetHints":{"allow":["GET"]}}],"collection":[{"href":"https:\/\/thetenerifechannel.com\/pl\/wp-json\/wp\/v2\/product"}],"about":[{"href":"https:\/\/thetenerifechannel.com\/pl\/wp-json\/wp\/v2\/types\/product"}],"wp:featuredmedia":[{"embeddable":true,"href":"https:\/\/thetenerifechannel.com\/pl\/wp-json\/wp\/v2\/media\/29295"}],"wp:attachment":[{"href":"https:\/\/thetenerifechannel.com\/pl\/wp-json\/wp\/v2\/media?parent=104982"}],"wp:term":[{"taxonomy":"product_brand","embeddable":true,"href":"https:\/\/thetenerifechannel.com\/pl\/wp-json\/wp\/v2\/product_brand?post=104982"},{"taxonomy":"product_cat","embeddable":true,"href":"https:\/\/thetenerifechannel.com\/pl\/wp-json\/wp\/v2\/product_cat?post=104982"},{"taxonomy":"product_tag","embeddable":true,"href":"https:\/\/thetenerifechannel.com\/pl\/wp-json\/wp\/v2\/product_tag?post=104982"}],"curies":[{"name":"wp","href":"https:\/\/api.w.org\/{rel}","templated":true}]}}