{"id":105025,"date":"2024-07-19T13:23:18","date_gmt":"2024-07-19T13:23:18","guid":{"rendered":"https:\/\/thetenerifechannel.com\/excursions\/paralotniarstwo-w-tandemie-lot-do-bazy-na-teide\/"},"modified":"2026-03-09T13:56:59","modified_gmt":"2026-03-09T13:56:59","slug":"paralotniarstwo-w-tandemie-lot-do-bazy-na-teide","status":"publish","type":"product","link":"https:\/\/thetenerifechannel.com\/pl\/excursions\/paralotniarstwo-w-tandemie-lot-do-bazy-na-teide\/","title":{"rendered":"Paralotniarstwo w tandemie &#8211; lot do bazy na Teide"},"content":{"rendered":"<div class=\"flex-shrink-0 flex flex-col relative items-end\">\n<div class=\"pt-0.5\">\n<div class=\"page\" title=\"Strona 1\">\n<div class=\"section\">\n<div class=\"layoutArea\">\n<div class=\"column\">\n<p><span>Poznaj Teneryf\u0119 z zapieraj\u0105cej dech w piersiach perspektywy. Wystartuj z imponuj\u0105cej wysoko\u015bci 2250 metr\u00f3w i ciesz si\u0119 35-minutow\u0105 podr\u00f3\u017c\u0105 nad p\u00f3\u0142nocnymi krajobrazami wyspy. Szybuj ponad chmurami, podziwiaj\u0105c panoramiczne widoki na Teide i okoliczne tereny.   Lot ko\u0144czy si\u0119 p\u0142ynnym l\u0105dowaniem na pla\u017cy, oferuj\u0105c wyj\u0105tkowe po\u0142\u0105czenie g\u00f3rskiej i przybrze\u017cnej scenerii podczas ca\u0142ej przygody.  <\/span><\/p>\n<\/div>\n<\/div>\n<\/div>\n<\/div>\n<ul>\n<li>35 minut lotu.<\/li>\n<li>2250 m n.p.m.<\/li>\n<\/ul>\n<\/div>\n<\/div>\n","protected":false},"excerpt":{"rendered":"<div class=\"page\" title=\"Strona 1\">\n<div class=\"section\">\n<div class=\"layoutArea\">\n<div class=\"column\">\n<p>To legendarny lot z Teneryfy. Start z wysoko\u015bci 2250 metr\u00f3w i zapieraj\u0105ce dech w piersiach widoki na p\u00f3\u0142nocn\u0105 cz\u0119\u015b\u0107 wyspy.<br \/>\nLot ponad chmurami z widokiem na wulkan Teide, podr\u00f3\u017c przez ten niesamowity krajobraz i l\u0105dowanie na pla\u017cy w Puerto de la Cruz. <\/p>\n<\/div>\n<\/div>\n<\/div>\n<\/div>\n","protected":false},"featured_media":105073,"template":"","meta":{"_acf_changed":false,"_joinchat":[]},"product_brand":[],"product_cat":[323],"product_tag":[],"class_list":{"0":"post-105025","1":"product","2":"type-product","3":"status-publish","4":"has-post-thumbnail","6":"product_cat-paralotniarstwo","7":"pa_depart-from-na-poludnie-od-wyspy","9":"first","10":"instock","11":"virtual","12":"sold-individually","13":"purchasable","14":"product-type-booking"},"acf":[],"_links":{"self":[{"href":"https:\/\/thetenerifechannel.com\/pl\/wp-json\/wp\/v2\/product\/105025","targetHints":{"allow":["GET"]}}],"collection":[{"href":"https:\/\/thetenerifechannel.com\/pl\/wp-json\/wp\/v2\/product"}],"about":[{"href":"https:\/\/thetenerifechannel.com\/pl\/wp-json\/wp\/v2\/types\/product"}],"wp:featuredmedia":[{"embeddable":true,"href":"https:\/\/thetenerifechannel.com\/pl\/wp-json\/wp\/v2\/media\/105073"}],"wp:attachment":[{"href":"https:\/\/thetenerifechannel.com\/pl\/wp-json\/wp\/v2\/media?parent=105025"}],"wp:term":[{"taxonomy":"product_brand","embeddable":true,"href":"https:\/\/thetenerifechannel.com\/pl\/wp-json\/wp\/v2\/product_brand?post=105025"},{"taxonomy":"product_cat","embeddable":true,"href":"https:\/\/thetenerifechannel.com\/pl\/wp-json\/wp\/v2\/product_cat?post=105025"},{"taxonomy":"product_tag","embeddable":true,"href":"https:\/\/thetenerifechannel.com\/pl\/wp-json\/wp\/v2\/product_tag?post=105025"}],"curies":[{"name":"wp","href":"https:\/\/api.w.org\/{rel}","templated":true}]}}