{"id":105084,"date":"2024-11-26T19:43:12","date_gmt":"2024-11-26T19:43:12","guid":{"rendered":"https:\/\/thetenerifechannel.com\/excursions\/buggy-coastal-adventure\/"},"modified":"2026-03-19T13:27:09","modified_gmt":"2026-03-19T13:27:09","slug":"buggy-coastal-adventure","status":"publish","type":"product","link":"https:\/\/thetenerifechannel.com\/pl\/excursions\/buggy-coastal-adventure\/","title":{"rendered":"Buggy Coastal Adventure"},"content":{"rendered":"<section class=\"l-section wpb_row height_huge\"><div class=\"l-section-h i-cf\"><div class=\"g-cols vc_row via_grid cols_1 laptops-cols_inherit tablets-cols_inherit mobiles-cols_1 valign_top type_default stacking_default\"><div class=\"wpb_column vc_column_container\"><div class=\"vc_column-inner\"><div class=\"wpb_text_column\"><div class=\"wpb_wrapper\"><p><span>Do\u0142\u0105cz do nas na 2-godzinn\u0105 przeja\u017cd\u017ck\u0119 wzd\u0142u\u017c po\u0142udniowego wybrze\u017ca Teneryfy, pe\u0142n\u0105 wspania\u0142ych widok\u00f3w i pi\u0119knych krajobraz\u00f3w. Przejedziemy przez nadmorskie miasteczka, zatrzymuj\u0105c si\u0119 w kilku miejscach, aby podziwia\u0107 krajobrazy i stworzy\u0107 wspania\u0142e wspomnienia, a nast\u0119pnie wr\u00f3cimy do bazy. <\/span><\/p>\n<p><strong>ZAWIERA:<\/strong><\/p>\n<ul class=\"elementor-icon-list-items\">\n<li class=\"elementor-icon-list-item\">Czas podr\u00f3\u017cy 2 godziny<\/li>\n<li class=\"elementor-icon-list-item\"><span>Paliwo, przewodnik, ubezpieczenie dla turyst\u00f3w, kurtka\/p\u0142aszcz, okulary przeciws\u0142oneczne.<\/span><\/li>\n<li class=\"elementor-icon-list-item\"><span>Zalecamy zabranie ze sob\u0105 p\u0142aszcza, cho\u0107 firma b\u0119dzie go mia\u0142a do dyspozycji.<\/span><\/li>\n<\/ul>\n<p>*Transport dost\u0119pny za 10 EUR mi\u0119dzy Fa\u00f1abe, Torviscas, Las Americas los Cristianos i Golf del Sur.<\/p>\n<p><span>*Nale\u017cy nosi\u0107 zamkni\u0119te obuwie.<br \/>\n*Musisz posiada\u0107 prawo jazdy kategorii B1. NIE AKCEPTUJEMY LICENCJI TYMCZASOWYCH. Minimalny wiek kierowcy to 18 lat.<br \/>\n*Dzieci o wzro\u015bcie co najmniej 1,35 m mog\u0105 podr\u00f3\u017cowa\u0107 jako osoba towarzysz\u0105ca w dwuosobowym w\u00f3zku. Dzieci w wieku od 2 lat mog\u0105 je\u017adzi\u0107 w foteliku dzieci\u0119cym w 4-osobowym w\u00f3zku zapewnionym przez firm\u0119. <\/span><\/p>\n<p><span class=\"elementor-icon-list-text\"><span>*Do odbioru w<\/span><\/span><span style=\"letter-spacing: 0em;\">w obszarach takich jak Playa Para\u00edso <\/span>(Hard Rock Hotel i pobliskie hotele), nale\u017cy zapyta\u0107 o dost\u0119pno\u015b\u0107 podczas dokonywania rezerwacji.<\/p>\n<\/div><\/div><\/div><\/div><\/div><\/div><\/section>\n","protected":false},"excerpt":{"rendered":"<div class=\"flex max-w-full flex-col flex-grow\">\n<div class=\"min-h-8 text-message flex w-full flex-col items-end gap-2 whitespace-normal break-words [.text-message+&amp;]:mt-5\" dir=\"auto\" data-message-author-role=\"assistant\" data-message-id=\"bc3f96f7-f5f2-48ea-9575-478fb857310e\" data-message-model-slug=\"gpt-4o\">\n<div class=\"flex w-full flex-col gap-1 empty:hidden first:pt-[3px]\">\n<div class=\"markdown prose w-full break-words dark:prose-invert light\">\n<p>Ciesz si\u0119 dwugodzinn\u0105 przygod\u0105 buggy wzd\u0142u\u017c wybrze\u017ca!<\/p>\n<\/div>\n<\/div>\n<\/div>\n<\/div>\n","protected":false},"featured_media":28308,"template":"","meta":{"_acf_changed":false,"_joinchat":[]},"product_brand":[],"product_cat":[313,314],"product_tag":[],"class_list":{"0":"post-105084","1":"product","2":"type-product","3":"status-publish","4":"has-post-thumbnail","6":"product_cat-wycieczki-na-quadach","7":"product_cat-wycieczki-na-teneryfe","9":"first","10":"instock","11":"virtual","12":"sold-individually","13":"purchasable","14":"product-type-booking"},"acf":[],"_links":{"self":[{"href":"https:\/\/thetenerifechannel.com\/pl\/wp-json\/wp\/v2\/product\/105084","targetHints":{"allow":["GET"]}}],"collection":[{"href":"https:\/\/thetenerifechannel.com\/pl\/wp-json\/wp\/v2\/product"}],"about":[{"href":"https:\/\/thetenerifechannel.com\/pl\/wp-json\/wp\/v2\/types\/product"}],"wp:featuredmedia":[{"embeddable":true,"href":"https:\/\/thetenerifechannel.com\/pl\/wp-json\/wp\/v2\/media\/28308"}],"wp:attachment":[{"href":"https:\/\/thetenerifechannel.com\/pl\/wp-json\/wp\/v2\/media?parent=105084"}],"wp:term":[{"taxonomy":"product_brand","embeddable":true,"href":"https:\/\/thetenerifechannel.com\/pl\/wp-json\/wp\/v2\/product_brand?post=105084"},{"taxonomy":"product_cat","embeddable":true,"href":"https:\/\/thetenerifechannel.com\/pl\/wp-json\/wp\/v2\/product_cat?post=105084"},{"taxonomy":"product_tag","embeddable":true,"href":"https:\/\/thetenerifechannel.com\/pl\/wp-json\/wp\/v2\/product_tag?post=105084"}],"curies":[{"name":"wp","href":"https:\/\/api.w.org\/{rel}","templated":true}]}}