{"id":105085,"date":"2024-07-19T13:06:38","date_gmt":"2024-07-19T13:06:38","guid":{"rendered":"https:\/\/thetenerifechannel.com\/excursions\/paralotniarstwo-w-tandemie-lot-wyczynowy\/"},"modified":"2026-03-09T13:57:10","modified_gmt":"2026-03-09T13:57:10","slug":"paralotniarstwo-w-tandemie-lot-wyczynowy","status":"publish","type":"product","link":"https:\/\/thetenerifechannel.com\/pl\/excursions\/paralotniarstwo-w-tandemie-lot-wyczynowy\/","title":{"rendered":"Paralotniarstwo w tandemie &#8211; lot wyczynowy"},"content":{"rendered":"<div class=\"flex-shrink-0 flex flex-col relative items-end\">\n<div class=\"pt-0.5\">\n<p>Ten lot oferuje najbardziej ekscytuj\u0105ce wra\u017cenia i do\u015bwiadczenia. Lataj wysoko, bierz termik\u0119, kontroluj szybowiec i wiele wi\u0119cej.<br \/>\nLot trwa zwykle od 25 do 30 minut w zale\u017cno\u015bci od codziennych warunk\u00f3w pogodowych. <\/p>\n<ul>\n<li>25-30 minut lotu.<\/li>\n<li>700-1300 m n.p.m.<\/li>\n<\/ul>\n<\/div>\n<\/div>\n","protected":false},"excerpt":{"rendered":"<p>Ten lot oferuje najbardziej ekscytuj\u0105ce wra\u017cenia i do\u015bwiadczenia. Lataj wysoko, bierz termik\u0119, kontroluj szybowiec i wiele wi\u0119cej. <\/p>\n","protected":false},"featured_media":105089,"template":"","meta":{"_acf_changed":false,"_joinchat":[]},"product_brand":[],"product_cat":[323],"product_tag":[],"class_list":{"0":"post-105085","1":"product","2":"type-product","3":"status-publish","4":"has-post-thumbnail","6":"product_cat-paralotniarstwo","7":"pa_depart-from-na-poludnie-od-wyspy","9":"first","10":"instock","11":"virtual","12":"sold-individually","13":"purchasable","14":"product-type-booking"},"acf":[],"_links":{"self":[{"href":"https:\/\/thetenerifechannel.com\/pl\/wp-json\/wp\/v2\/product\/105085","targetHints":{"allow":["GET"]}}],"collection":[{"href":"https:\/\/thetenerifechannel.com\/pl\/wp-json\/wp\/v2\/product"}],"about":[{"href":"https:\/\/thetenerifechannel.com\/pl\/wp-json\/wp\/v2\/types\/product"}],"wp:featuredmedia":[{"embeddable":true,"href":"https:\/\/thetenerifechannel.com\/pl\/wp-json\/wp\/v2\/media\/105089"}],"wp:attachment":[{"href":"https:\/\/thetenerifechannel.com\/pl\/wp-json\/wp\/v2\/media?parent=105085"}],"wp:term":[{"taxonomy":"product_brand","embeddable":true,"href":"https:\/\/thetenerifechannel.com\/pl\/wp-json\/wp\/v2\/product_brand?post=105085"},{"taxonomy":"product_cat","embeddable":true,"href":"https:\/\/thetenerifechannel.com\/pl\/wp-json\/wp\/v2\/product_cat?post=105085"},{"taxonomy":"product_tag","embeddable":true,"href":"https:\/\/thetenerifechannel.com\/pl\/wp-json\/wp\/v2\/product_tag?post=105085"}],"curies":[{"name":"wp","href":"https:\/\/api.w.org\/{rel}","templated":true}]}}