{"id":105125,"date":"2024-10-29T10:07:45","date_gmt":"2024-10-29T10:07:45","guid":{"rendered":"https:\/\/thetenerifechannel.com\/excursions\/la-palma\/"},"modified":"2026-03-09T13:56:10","modified_gmt":"2026-03-09T13:56:10","slug":"la-palma","status":"publish","type":"product","link":"https:\/\/thetenerifechannel.com\/pl\/excursions\/la-palma\/","title":{"rendered":"La Palma"},"content":{"rendered":"<p><span>Odkryj pi\u0119kno La Palmy! Wyp\u0142yni\u0119cie promem z Los Cristianos. <\/span><\/p>\n<ul>\n<li><strong>10:15 Przybycie do portu w Santa Cruz de La Palma.<\/strong><br \/>\nDzie\u0144 zaczyna si\u0119 od przybycia do portu w Santa Cruz de La Palma, gdzie wysiadamy i przygotowujemy si\u0119 do zwiedzania tej pi\u0119knej Wyspy Kanaryjskiej. Santa Cruz to stolica La Palmy, znana ze swojego historycznego uroku i kolonialnej architektury. <\/li>\n<li><strong>Spacer po stolicy Santa Cruz.<\/strong><br \/>\nWycieczk\u0119 rozpoczniemy od kr\u00f3tkiego spaceru po centrum miasta, gdzie odkryjesz jego tradycyjn\u0105 architektur\u0119, brukowane uliczki i pi\u0119kne zak\u0105tki.<\/li>\n<li><strong>Wizyta na wulkanie Tajogaite.<\/strong><br \/>\nOpuszczamy stolic\u0119 i udajemy si\u0119 na wulkan Tajogaite, kt\u00f3ry jest jednym z najbardziej charakterystycznych miejsc na wyspie ze wzgl\u0119du na niedawn\u0105 erupcj\u0119, kt\u00f3ra mia\u0142a miejsce w 2021 roku. Wulkan ten pozostawi\u0142 g\u0142\u0119boki \u015blad geologiczny na wyspie, a jego krajobraz po erupcji oferuje spektakularne widoki. <\/li>\n<li><strong><span style=\"letter-spacing: 0em;\">Lunch w lokalnej restauracji.<br \/>\n<\/span><\/strong><span style=\"letter-spacing: 0em;\">Po wizycie na wulkanie czas na relaks i posi\u0142ek, kt\u00f3ry jest wliczony w cen\u0119 wycieczki.<\/span><\/li>\n<li><strong><span style=\"letter-spacing: 0em;\">Wizyta w Sanktuarium \u015anieg\u00f3w<br \/>\n<\/span><\/strong><span style=\"letter-spacing: 0em;\">Po obiedzie udamy si\u0119 do Sanktuarium Las Nieves, po\u0142o\u017conego w g\u00f3rach<\/span><span style=\"letter-spacing: 0em;\">  wyspa. Ta pielgrzymka   <\/span><span style=\"letter-spacing: 0em;\">jest jednym z najwa\u017cniejszych miejsc pielgrzymkowych na La Palmie<\/span><span style=\"letter-spacing: 0em;\">po\u015bwi\u0119cony Virgen de las Nieves, patronce wyspy. <\/span><span style=\"letter-spacing: 0em;\">Z tego miejsca mo\u017cna podziwia\u0107 zapieraj\u0105ce dech w piersiach widoki na <\/span><span style=\"letter-spacing: 0em;\">imponuj\u0105ce g\u00f3rskie otoczenie i dolin\u0119.<\/span><\/li>\n<li><strong><span style=\"letter-spacing: 0em;\">Powr\u00f3t do portu w Santa Cruz de La Palma.<br \/>\n<\/span><\/strong><span style=\"letter-spacing: 0em;\">Na koniec wr\u00f3cimy do portu Santa Cruz,  <\/span><span style=\"letter-spacing: 0em;\">gdzie zako\u0144czy si\u0119 nasza wycieczka. To jest po\u017cegnanie  <\/span><span style=\"letter-spacing: 0em;\">wystarczaj\u0105co du\u017co czasu, aby rozpocz\u0105\u0107 i kontynuowa\u0107 podr\u00f3\u017c.<\/span><\/li>\n<\/ul>\n<p><strong>ZAWIERA:<\/strong><\/p>\n<ul>\n<li>Transfer do portu w Los Cristianos i powr\u00f3t do hotelu<\/li>\n<li>Oficjalny przewodnik<\/li>\n<li>Klimatyzowany autobus<\/li>\n<li>Lunch<\/li>\n<li>Bilety promowe<\/li>\n<\/ul>\n<p><strong>WA\u017bNE:<\/strong><\/p>\n<p>Godzina odbioru zostanie potwierdzona dzie\u0144 przed wycieczk\u0105.<br \/>\nNale\u017cy pami\u0119ta\u0107 o zabraniu oryginalnego dowodu osobistego lub paszportu.<\/p>\n","protected":false},"excerpt":{"rendered":"<p><span>Odkryj pi\u0119kno La Palmy, odwiedzaj\u0105c kultowe miejsca, takie jak Sanktuarium Virgen de las Nieves, punkt widokowy Cumbrecita i majestatyczny wulkan Cumbre Vieja. Ciesz si\u0119 malowniczym lunchem na zachodnim wybrze\u017cu i, je\u015bli czas na to pozwoli, spaceruj po historycznym centrum Santa Cruz de La Palma. <\/span><\/p>\n","protected":false},"featured_media":24826,"template":"","meta":{"_acf_changed":false,"_joinchat":[]},"product_brand":[],"product_cat":[324],"product_tag":[],"class_list":{"0":"post-105125","1":"product","2":"type-product","3":"status-publish","4":"has-post-thumbnail","6":"product_cat-wycieczki-po-innych-wyspach","8":"first","9":"instock","10":"virtual","11":"sold-individually","12":"purchasable","13":"product-type-booking"},"acf":[],"_links":{"self":[{"href":"https:\/\/thetenerifechannel.com\/pl\/wp-json\/wp\/v2\/product\/105125","targetHints":{"allow":["GET"]}}],"collection":[{"href":"https:\/\/thetenerifechannel.com\/pl\/wp-json\/wp\/v2\/product"}],"about":[{"href":"https:\/\/thetenerifechannel.com\/pl\/wp-json\/wp\/v2\/types\/product"}],"wp:featuredmedia":[{"embeddable":true,"href":"https:\/\/thetenerifechannel.com\/pl\/wp-json\/wp\/v2\/media\/24826"}],"wp:attachment":[{"href":"https:\/\/thetenerifechannel.com\/pl\/wp-json\/wp\/v2\/media?parent=105125"}],"wp:term":[{"taxonomy":"product_brand","embeddable":true,"href":"https:\/\/thetenerifechannel.com\/pl\/wp-json\/wp\/v2\/product_brand?post=105125"},{"taxonomy":"product_cat","embeddable":true,"href":"https:\/\/thetenerifechannel.com\/pl\/wp-json\/wp\/v2\/product_cat?post=105125"},{"taxonomy":"product_tag","embeddable":true,"href":"https:\/\/thetenerifechannel.com\/pl\/wp-json\/wp\/v2\/product_tag?post=105125"}],"curies":[{"name":"wp","href":"https:\/\/api.w.org\/{rel}","templated":true}]}}