{"id":105166,"date":"2024-06-17T14:24:16","date_gmt":"2024-06-17T14:24:16","guid":{"rendered":"https:\/\/thetenerifechannel.com\/excursions\/flipper-uno-3-godziny\/"},"modified":"2026-03-09T13:57:44","modified_gmt":"2026-03-09T13:57:44","slug":"flipper-uno-3-godziny","status":"publish","type":"product","link":"https:\/\/thetenerifechannel.com\/pl\/excursions\/flipper-uno-3-godziny\/","title":{"rendered":"Flipper Uno &#8211; 3 godziny"},"content":{"rendered":"<p>Wyrusz z portu Los Gigantes, aby wyruszy\u0107 na poszukiwanie delfin\u00f3w lub wieloryb\u00f3w, zapewniaj\u0105c obserwacj\u0119 co najmniej jednego, o ile pozwol\u0105 na to warunki pogodowe i morskie.<\/p>\n<p>Po zobaczeniu tych pi\u0119knych zwierz\u0105t w ich naturalnym \u015brodowisku, przep\u0142yniemy w pobli\u017cu majestatycznych klif\u00f3w Masca i Los Gigantes, jednych z najwy\u017cszych na \u015bwiecie, wznosz\u0105cych si\u0119 na prawie 600 metr\u00f3w. Nast\u0119pnie zakotwiczamy w zatoce, w kt\u00f3rej mo\u017cna zanurkowa\u0107, aby pop\u0142ywa\u0107 po drabince lub, co bardziej ekscytuj\u0105ce, na linie zip.<br \/>\nNast\u0119pnie serwujemy lunch, a podczas ca\u0142ej wycieczki napoje takie jak czerwone wino, piwo, napoje bezalkoholowe i woda s\u0105 dost\u0119pne za darmo.<br \/>\nWieloj\u0119zyczny przewodnik zapewni wgl\u0105d w ca\u0142\u0105 podr\u00f3\u017c.<br \/>\nNasza wycieczka \u017ceglarska ko\u0144czy si\u0119 z powrotem na molo Los Gigantes. Pami\u0119taj, aby zabra\u0107 ze sob\u0105 aparat fotograficzny, str\u00f3j k\u0105pielowy i pogod\u0119 ducha.  <\/p>\n<p><strong>W ZESTAWIE:<\/strong><\/p>\n<ul>\n<li>Specjalistyczny przewodnik<\/li>\n<li>Lunch i napoje<\/li>\n<li>Swim stop<\/li>\n<\/ul>\n<p><strong>NIE WLICZONE W CEN\u0118:<\/strong><\/p>\n<ul>\n<li>Transport<\/li>\n<\/ul>\n","protected":false},"excerpt":{"rendered":"<p><span>Wyrusz z Los Gigantes, aby obserwowa\u0107 wieloryby lub delfiny na tej wyj\u0105tkowej pirackiej \u0142odzi!<br \/>\nCiesz si\u0119 k\u0105piel\u0105 w zatoce, zjedz lunch i podziwiaj pi\u0119kne klify Los Gigantes.<\/span><\/p>\n","protected":false},"featured_media":9142,"template":"","meta":{"_acf_changed":false,"_joinchat":[]},"product_brand":[],"product_cat":[310],"product_tag":[],"class_list":{"0":"post-105166","1":"product","2":"type-product","3":"status-publish","4":"has-post-thumbnail","6":"product_cat-obserwacja-wielorybow","7":"pa_depart-from-na-poludnie-od-wyspy","9":"first","10":"instock","11":"virtual","12":"sold-individually","13":"purchasable","14":"product-type-booking"},"acf":[],"_links":{"self":[{"href":"https:\/\/thetenerifechannel.com\/pl\/wp-json\/wp\/v2\/product\/105166","targetHints":{"allow":["GET"]}}],"collection":[{"href":"https:\/\/thetenerifechannel.com\/pl\/wp-json\/wp\/v2\/product"}],"about":[{"href":"https:\/\/thetenerifechannel.com\/pl\/wp-json\/wp\/v2\/types\/product"}],"wp:featuredmedia":[{"embeddable":true,"href":"https:\/\/thetenerifechannel.com\/pl\/wp-json\/wp\/v2\/media\/9142"}],"wp:attachment":[{"href":"https:\/\/thetenerifechannel.com\/pl\/wp-json\/wp\/v2\/media?parent=105166"}],"wp:term":[{"taxonomy":"product_brand","embeddable":true,"href":"https:\/\/thetenerifechannel.com\/pl\/wp-json\/wp\/v2\/product_brand?post=105166"},{"taxonomy":"product_cat","embeddable":true,"href":"https:\/\/thetenerifechannel.com\/pl\/wp-json\/wp\/v2\/product_cat?post=105166"},{"taxonomy":"product_tag","embeddable":true,"href":"https:\/\/thetenerifechannel.com\/pl\/wp-json\/wp\/v2\/product_tag?post=105166"}],"curies":[{"name":"wp","href":"https:\/\/api.w.org\/{rel}","templated":true}]}}