{"id":105167,"date":"2024-02-12T13:23:25","date_gmt":"2024-02-12T13:23:25","guid":{"rendered":"https:\/\/thetenerifechannel.com\/excursions\/3-godzinna-wycieczka-katamaranem-monte-cristo\/"},"modified":"2026-03-09T13:58:05","modified_gmt":"2026-03-09T13:58:05","slug":"3-godzinna-wycieczka-katamaranem-monte-cristo","status":"publish","type":"product","link":"https:\/\/thetenerifechannel.com\/pl\/excursions\/3-godzinna-wycieczka-katamaranem-monte-cristo\/","title":{"rendered":"3-godzinna wycieczka katamaranem Monte Cristo"},"content":{"rendered":"<div class=\"flex-shrink-0 flex flex-col relative items-end\">\n<div>\n<div class=\"pt-0.5\">\n<div class=\"gizmo-shadow-stroke flex h-6 w-6 items-center justify-center overflow-hidden rounded-full\"><\/div>\n<\/div>\n<\/div>\n<\/div>\n<div class=\"relative flex w-full flex-col lg:w-[calc(100%-115px)] agent-turn\">\n<div class=\"flex-col gap-1 md:gap-3\">\n<div class=\"flex flex-grow flex-col max-w-full\">\n<div class=\"min-h-[20px] text-message flex flex-col items-start gap-3 whitespace-pre-wrap break-words [.text-message+&amp;]:mt-5 overflow-x-auto\" data-message-author-role=\"assistant\" data-message-id=\"438cac28-43c5-4a9e-9167-cf19b3fb492c\">\n<div class=\"markdown prose w-full break-words dark:prose-invert light\">\n<div class=\"relative flex w-full flex-col lg:w-[calc(100%-115px)] agent-turn\">\n<div class=\"flex-col gap-1 md:gap-3\">\n<div class=\"flex flex-grow flex-col max-w-full\">\n<div class=\"min-h-[20px] text-message flex flex-col items-start gap-3 whitespace-pre-wrap break-words [.text-message+&amp;]:mt-5 overflow-x-auto\" data-message-author-role=\"assistant\" data-message-id=\"452772fb-9ab2-467a-8880-fbf096d105a2\">\n<div class=\"markdown prose w-full break-words dark:prose-invert light\">\n<div class=\"flex-shrink-0 flex flex-col relative items-end\">\n<div>\n<div class=\"pt-0.5\">\n<div class=\"gizmo-shadow-stroke flex h-6 w-6 items-center justify-center overflow-hidden rounded-full\">\n<div class=\"relative p-1 rounded-sm h-9 w-9 text-white flex items-center justify-center\">Wyrusz na wycieczk\u0119 katamaranem z Monte Cristo, gdzie zostaniesz zabrany bezpo\u015brednio do idealnego miejsca na spotkanie z wielorybami.<\/div>\n<\/div>\n<\/div>\n<\/div>\n<\/div>\n<div class=\"relative flex w-full flex-col lg:w-[calc(100%-115px)] agent-turn\">\n<div class=\"flex-col gap-1 md:gap-3\">\n<div class=\"flex flex-grow flex-col max-w-full\">\n<div class=\"min-h-[20px] text-message flex flex-col items-start gap-3 whitespace-pre-wrap break-words [.text-message+&amp;]:mt-5 overflow-x-auto\" data-message-author-role=\"assistant\" data-message-id=\"388e8325-731f-458a-b520-1f2a2b311292\">\n<div class=\"markdown prose w-full break-words dark:prose-invert light\">\n<p>Zrelaksuj si\u0119 na przestronnych pok\u0142adach, delektuj\u0105c si\u0119 napojami, przek\u0105skami i tapas. Ta 3-godzinna wycieczka z Puerto Col\u00f3n obejmuje r\u00f3wnie\u017c przystanki na p\u0142ywanie i nurkowanie z rurk\u0105.<br \/>\nCiesz si\u0119 stylowym komfortem katamaranu, podziwiaj\u0105c pi\u0119kne widoki na po\u0142udniowe wybrze\u017ce Teneryfy. <\/p>\n<p><strong>I<\/strong><strong>W\u0141\u0104CZONE:<\/strong><\/p>\n<ul>\n<li>Jedzenie i napoje.<\/li>\n<li>Sprz\u0119t do snorkelingu.<\/li>\n<li>Transport z po\u0142udnia.<\/li>\n<li>Kamizelki ratunkowe.<\/li>\n<li>Ma\u0142e grupy &#8211; maksymalnie 24 pasa\u017cer\u00f3w.<\/li>\n<\/ul>\n<p><strong>NIE WLICZONE W CEN\u0118:<\/strong><\/p>\n<ul>\n<li>R\u0119czniki<\/li>\n<li>Os\u0142ona przeciws\u0142oneczna<\/li>\n<\/ul>\n<\/div>\n<\/div>\n<\/div>\n<\/div>\n<\/div>\n<\/div>\n<\/div>\n<\/div>\n<\/div>\n<\/div>\n<\/div>\n<\/div>\n<\/div>\n<\/div>\n<\/div>\n","protected":false},"excerpt":{"rendered":"<div class=\"flex-shrink-0 flex flex-col relative items-end\">\n<div>\n<div class=\"pt-0.5\">\n<div class=\"gizmo-shadow-stroke flex h-6 w-6 items-center justify-center overflow-hidden rounded-full\">Do\u0142\u0105cz do tej wyj\u0105tkowej przygody z obserwacj\u0105 wieloryb\u00f3w w ma\u0142ej grupie. Trzygodzinna wycieczka w poszukiwaniu wieloryb\u00f3w i delfin\u00f3w, kt\u00f3rej towarzysz\u0105 tapas i napoje, a tak\u017ce orze\u017awiaj\u0105ca k\u0105piel w oceanie, aby dope\u0142ni\u0107 niezapomnianych wra\u017ce\u0144. <\/div>\n<\/div>\n<\/div>\n<\/div>\n","protected":false},"featured_media":105168,"template":"","meta":{"_acf_changed":false,"_joinchat":[]},"product_brand":[],"product_cat":[310],"product_tag":[],"class_list":{"0":"post-105167","1":"product","2":"type-product","3":"status-publish","4":"has-post-thumbnail","6":"product_cat-obserwacja-wielorybow","7":"pa_depart-from-na-poludnie-od-wyspy","9":"first","10":"instock","11":"virtual","12":"sold-individually","13":"purchasable","14":"product-type-booking"},"acf":[],"_links":{"self":[{"href":"https:\/\/thetenerifechannel.com\/pl\/wp-json\/wp\/v2\/product\/105167","targetHints":{"allow":["GET"]}}],"collection":[{"href":"https:\/\/thetenerifechannel.com\/pl\/wp-json\/wp\/v2\/product"}],"about":[{"href":"https:\/\/thetenerifechannel.com\/pl\/wp-json\/wp\/v2\/types\/product"}],"wp:featuredmedia":[{"embeddable":true,"href":"https:\/\/thetenerifechannel.com\/pl\/wp-json\/wp\/v2\/media\/105168"}],"wp:attachment":[{"href":"https:\/\/thetenerifechannel.com\/pl\/wp-json\/wp\/v2\/media?parent=105167"}],"wp:term":[{"taxonomy":"product_brand","embeddable":true,"href":"https:\/\/thetenerifechannel.com\/pl\/wp-json\/wp\/v2\/product_brand?post=105167"},{"taxonomy":"product_cat","embeddable":true,"href":"https:\/\/thetenerifechannel.com\/pl\/wp-json\/wp\/v2\/product_cat?post=105167"},{"taxonomy":"product_tag","embeddable":true,"href":"https:\/\/thetenerifechannel.com\/pl\/wp-json\/wp\/v2\/product_tag?post=105167"}],"curies":[{"name":"wp","href":"https:\/\/api.w.org\/{rel}","templated":true}]}}