{"id":105212,"date":"2024-05-22T16:36:21","date_gmt":"2024-05-22T16:36:21","guid":{"rendered":"https:\/\/thetenerifechannel.com\/excursions\/luksusowy-czarter-lodzi-opera-60\/"},"modified":"2026-03-09T13:57:44","modified_gmt":"2026-03-09T13:57:44","slug":"luksusowy-czarter-lodzi-opera-60","status":"publish","type":"product","link":"https:\/\/thetenerifechannel.com\/pl\/excursions\/luksusowy-czarter-lodzi-opera-60\/","title":{"rendered":"Luksusowy czarter \u0142odzi Opera 60"},"content":{"rendered":"<p>Przekszta\u0142\u0107 sw\u00f3j dzie\u0144 w niezapomnian\u0105 przygod\u0119, do\u0142\u0105czaj\u0105c do tej 3-godzinnej eleganckiej wycieczki \u0142odzi\u0105 motorow\u0105! Wyruszaj\u0105c z Puerto Colon w Las Am\u00e9ricas, pop\u0142yniemy wzd\u0142u\u017c zachodniego wybrze\u017ca Teneryfy. Po drodze skorzystaj z okazji, aby zobaczy\u0107 wieloryby i delfiny w ich naturalnym \u015brodowisku. Zakotwiczymy w pobli\u017cu Puertito de Arme\u00f1ime na d\u0142u\u017cszy post\u00f3j na p\u0142ywanie, podczas kt\u00f3rego mo\u017cna nurkowa\u0107 z rurk\u0105 przy u\u017cyciu sprz\u0119tu dostarczonego na pok\u0142adzie.<br \/>\nWycieczce towarzyszy gor\u0105cy bufet z wykwintnymi hiszpa\u0144skimi przysmakami oraz bezp\u0142atny bar dost\u0119pny przez ca\u0142y czas trwania rejsu. Do\u0142\u0105cz do nas i uczy\u0144 sw\u00f3j dzie\u0144 niezwyk\u0142ym!    <\/p>\n<p><strong>W ZESTAWIE:<\/strong><\/p>\n<ul>\n<li>Zmniejszona grupa: do 12 pasa\u017cer\u00f3w.<\/li>\n<li>Gor\u0105cy posi\u0142ek i napoje wliczone w cen\u0119.<\/li>\n<li>Przystanek p\u0142ywania.<\/li>\n<li>Sprz\u0119t do snorkelingu.<\/li>\n<\/ul>\n<p><strong>NIE WLICZONE W CEN\u0118:<br \/>\n<\/strong><\/p>\n<ul>\n<li>R\u0119czniki<\/li>\n<\/ul>\n","protected":false},"excerpt":{"rendered":"<p>Zanurz si\u0119 w luksusowej 3-godzinnej podr\u00f3\u017cy na pok\u0142adzie eleganckiej \u0142odzi motorowej Opera 60.<br \/>\nWyrusz na poszukiwanie wieloryb\u00f3w i delfin\u00f3w i ciesz si\u0119 pi\u0119knym dniem podczas tej niezapomnianej wycieczki.<\/p>\n","protected":false},"featured_media":105219,"template":"","meta":{"_acf_changed":false,"_joinchat":[]},"product_brand":[],"product_cat":[310],"product_tag":[311],"class_list":{"0":"post-105212","1":"product","2":"type-product","3":"status-publish","4":"has-post-thumbnail","6":"product_cat-obserwacja-wielorybow","7":"product_tag-karty-domowe","8":"pa_depart-from-na-poludnie-od-wyspy","10":"first","11":"instock","12":"virtual","13":"sold-individually","14":"purchasable","15":"product-type-booking"},"acf":[],"_links":{"self":[{"href":"https:\/\/thetenerifechannel.com\/pl\/wp-json\/wp\/v2\/product\/105212","targetHints":{"allow":["GET"]}}],"collection":[{"href":"https:\/\/thetenerifechannel.com\/pl\/wp-json\/wp\/v2\/product"}],"about":[{"href":"https:\/\/thetenerifechannel.com\/pl\/wp-json\/wp\/v2\/types\/product"}],"wp:featuredmedia":[{"embeddable":true,"href":"https:\/\/thetenerifechannel.com\/pl\/wp-json\/wp\/v2\/media\/105219"}],"wp:attachment":[{"href":"https:\/\/thetenerifechannel.com\/pl\/wp-json\/wp\/v2\/media?parent=105212"}],"wp:term":[{"taxonomy":"product_brand","embeddable":true,"href":"https:\/\/thetenerifechannel.com\/pl\/wp-json\/wp\/v2\/product_brand?post=105212"},{"taxonomy":"product_cat","embeddable":true,"href":"https:\/\/thetenerifechannel.com\/pl\/wp-json\/wp\/v2\/product_cat?post=105212"},{"taxonomy":"product_tag","embeddable":true,"href":"https:\/\/thetenerifechannel.com\/pl\/wp-json\/wp\/v2\/product_tag?post=105212"}],"curies":[{"name":"wp","href":"https:\/\/api.w.org\/{rel}","templated":true}]}}