{"id":105213,"date":"2024-02-01T16:35:14","date_gmt":"2024-02-01T16:35:14","guid":{"rendered":"https:\/\/thetenerifechannel.com\/excursions\/kupon-podarunkowy\/"},"modified":"2026-03-09T14:36:46","modified_gmt":"2026-03-09T14:36:46","slug":"kupon-podarunkowy","status":"publish","type":"product","link":"https:\/\/thetenerifechannel.com\/pl\/excursions\/kupon-podarunkowy\/","title":{"rendered":"Kupon podarunkowy"},"content":{"rendered":"<p>Szukasz idealnego prezentu? Co mo\u017ce by\u0107 lepszego ni\u017c prezent w postaci niezapomnianego prze\u017cycia!<br \/>\nVouchery upominkowe Tenerife Channel pozwalaj\u0105 odbiorcom wybra\u0107 w\u0142asn\u0105 przygod\u0119 i stworzy\u0107 cenne wspomnienia.<br \/>\nPo prostu wybierz \u017c\u0105dan\u0105 warto\u015b\u0107, spersonalizuj j\u0105 za pomoc\u0105 szczerej wiadomo\u015bci i wy\u015blij e-mailem bezpo\u015brednio do odbiorcy lub wydrukuj, aby nada\u0107 jej osobisty charakter. <\/p>\n<p>Nasze vouchery s\u0105 wa\u017cne przez 3 lata, dzi\u0119ki czemu odbiorcy mog\u0105 zaplanowa\u0107 i cieszy\u0107 si\u0119 swoim do\u015bwiadczeniem w dogodnym dla siebie czasie. Maj\u0105 oni swobod\u0119 wyboru spo\u015br\u00f3d szeregu opcji, a nawet mog\u0105 ulepszy\u0107 lub dostosowa\u0107 swoje do\u015bwiadczenie, je\u015bli chc\u0105. <\/p>\n<p>Podaruj niezapomniane chwile!<\/p>\n<p>W przypadku jakichkolwiek pyta\u0144 lub pomocy, prosimy o kontakt z naszym przyjaznym zespo\u0142em pod adresem info@thetenerifechannel.com.<\/p>\n","protected":false},"excerpt":{"rendered":"<div class=\"flex-shrink-0 flex flex-col relative items-end\">\n<div>\n<div class=\"pt-0.5\">\n<div class=\"gizmo-shadow-stroke flex h-6 w-6 items-center justify-center overflow-hidden rounded-full\"><\/div>\n<\/div>\n<\/div>\n<\/div>\n<div class=\"relative flex w-full flex-col lg:w-[calc(100%-115px)] agent-turn\">\n<div class=\"flex-col gap-1 md:gap-3\">\n<div class=\"flex flex-grow flex-col max-w-full\">\n<div class=\"min-h-[20px] text-message flex flex-col items-start gap-3 whitespace-pre-wrap break-words [.text-message+&amp;]:mt-5 overflow-x-auto\" data-message-author-role=\"assistant\" data-message-id=\"e1c85dc5-d626-4be4-b24f-d5c50bdae753\">\n<div class=\"markdown prose w-full break-words dark:prose-invert light\">\n<p>Szukasz idealnego prezentu? C\u00f3\u017c mo\u017ce by\u0107 bardziej wyj\u0105tkowego ni\u017c prezent w postaci niezapomnianych prze\u017cy\u0107!<br \/>\nVouchery upominkowe Tenerife Channel pozwalaj\u0105 bliskim wybra\u0107 w\u0142asn\u0105 przygod\u0119 i stworzy\u0107 cenne wspomnienia.<\/p>\n<\/div>\n<\/div>\n<\/div>\n<\/div>\n<\/div>\n","protected":false},"featured_media":105271,"template":"","meta":{"_acf_changed":false,"_joinchat":[]},"product_brand":[],"product_cat":[325],"product_tag":[],"class_list":{"0":"post-105213","1":"product","2":"type-product","3":"status-publish","4":"has-post-thumbnail","6":"product_cat-kupon-podarunkowy","8":"first","9":"instock","10":"virtual","11":"product-type-simple"},"acf":[],"_links":{"self":[{"href":"https:\/\/thetenerifechannel.com\/pl\/wp-json\/wp\/v2\/product\/105213","targetHints":{"allow":["GET"]}}],"collection":[{"href":"https:\/\/thetenerifechannel.com\/pl\/wp-json\/wp\/v2\/product"}],"about":[{"href":"https:\/\/thetenerifechannel.com\/pl\/wp-json\/wp\/v2\/types\/product"}],"wp:featuredmedia":[{"embeddable":true,"href":"https:\/\/thetenerifechannel.com\/pl\/wp-json\/wp\/v2\/media\/105271"}],"wp:attachment":[{"href":"https:\/\/thetenerifechannel.com\/pl\/wp-json\/wp\/v2\/media?parent=105213"}],"wp:term":[{"taxonomy":"product_brand","embeddable":true,"href":"https:\/\/thetenerifechannel.com\/pl\/wp-json\/wp\/v2\/product_brand?post=105213"},{"taxonomy":"product_cat","embeddable":true,"href":"https:\/\/thetenerifechannel.com\/pl\/wp-json\/wp\/v2\/product_cat?post=105213"},{"taxonomy":"product_tag","embeddable":true,"href":"https:\/\/thetenerifechannel.com\/pl\/wp-json\/wp\/v2\/product_tag?post=105213"}],"curies":[{"name":"wp","href":"https:\/\/api.w.org\/{rel}","templated":true}]}}