{"id":105288,"date":"2024-01-26T19:09:22","date_gmt":"2024-01-26T19:09:22","guid":{"rendered":"https:\/\/thetenerifechannel.com\/excursions\/safari-na-lodzi-podwodnej\/"},"modified":"2026-03-09T13:53:32","modified_gmt":"2026-03-09T13:53:32","slug":"safari-na-lodzi-podwodnej","status":"publish","type":"product","link":"https:\/\/thetenerifechannel.com\/pl\/excursions\/safari-na-lodzi-podwodnej\/","title":{"rendered":"Safari na \u0142odzi podwodnej"},"content":{"rendered":"<p>Zanurz si\u0119 w niezapomnianej przygodzie z Submarine Safari na Teneryfie, gdzie zejdziesz \u0142odzi\u0105 podwodn\u0105 na g\u0142\u0119boko\u015b\u0107 30 metr\u00f3w (100 st\u00f3p).<br \/>\nOdkryj t\u0119tni\u0105ce \u017cyciem morskie \u017cycie dzi\u0119ki osobistemu portowi widokowemu, z kt\u00f3rych ka\u017cdy wyposa\u017cony jest w ekran telewizyjny wy\u015bwietlaj\u0105cy alternatywne widoki i dostarczaj\u0105cy informacji o \u0142odzi podwodnej i jej \u015brodowisku.<\/p>\n<p>B\u0119dziesz mie\u0107 r\u00f3wnie\u017c mo\u017cliwo\u015b\u0107 zrobienia zdj\u0119\u0107 z pilotem w kokpicie.<br \/>\nPo nurkowaniu otrzymasz spersonalizowany certyfikat nurkowania i b\u0119dziesz mie\u0107 wolny czas na zwiedzanie przystani. Do\u015bwiadczenie trwa oko\u0142o 50 minut. <\/p>\n<p class=\"p1\"><b>  W zestawie<\/b><\/p>\n<ul class=\"ul1\">\n<li class=\"li2\">Elektroniczny bilet wst\u0119pu.<\/li>\n<li class=\"li2\">Transfer autobusowy z po\u0142udnia.<\/li>\n<li>Certyfikat nurkowania<\/li>\n<\/ul>\n<p class=\"p1\"><b>Nie zawiera<\/b><\/p>\n<ul class=\"ul1\">\n<li class=\"li2\">Napoje lub przek\u0105ski<\/li>\n<\/ul>\n<p><em>*Dzieci poni\u017cej 2 roku \u017cycia nie mog\u0105 nurkowa\u0107 ze wzgl\u0119d\u00f3w bezpiecze\u0144stwa.<\/em><\/p>\n","protected":false},"excerpt":{"rendered":"<p>Zanurz si\u0119 w niezapomnianej przygodzie z Submarine Safari na Teneryfie, gdzie zejdziesz \u0142odzi\u0105 podwodn\u0105 na g\u0142\u0119boko\u015b\u0107 30 metr\u00f3w (100 st\u00f3p).<br \/>\nOdkryj t\u0119tni\u0105ce \u017cyciem morskie \u017cycie dzi\u0119ki osobistemu portowi widokowemu, z kt\u00f3rych ka\u017cdy wyposa\u017cony jest w ekran telewizyjny wy\u015bwietlaj\u0105cy alternatywne widoki i dostarczaj\u0105cy informacji o \u0142odzi podwodnej i jej \u015brodowisku.<\/p>\n","protected":false},"featured_media":105295,"template":"","meta":{"_acf_changed":false,"_joinchat":[]},"product_brand":[],"product_cat":[308],"product_tag":[],"class_list":{"0":"post-105288","1":"product","2":"type-product","3":"status-publish","4":"has-post-thumbnail","6":"product_cat-sporty-wodne","7":"pa_depart-from-na-poludnie-od-wyspy","9":"first","10":"instock","11":"virtual","12":"sold-individually","13":"purchasable","14":"product-type-booking"},"acf":[],"_links":{"self":[{"href":"https:\/\/thetenerifechannel.com\/pl\/wp-json\/wp\/v2\/product\/105288","targetHints":{"allow":["GET"]}}],"collection":[{"href":"https:\/\/thetenerifechannel.com\/pl\/wp-json\/wp\/v2\/product"}],"about":[{"href":"https:\/\/thetenerifechannel.com\/pl\/wp-json\/wp\/v2\/types\/product"}],"wp:featuredmedia":[{"embeddable":true,"href":"https:\/\/thetenerifechannel.com\/pl\/wp-json\/wp\/v2\/media\/105295"}],"wp:attachment":[{"href":"https:\/\/thetenerifechannel.com\/pl\/wp-json\/wp\/v2\/media?parent=105288"}],"wp:term":[{"taxonomy":"product_brand","embeddable":true,"href":"https:\/\/thetenerifechannel.com\/pl\/wp-json\/wp\/v2\/product_brand?post=105288"},{"taxonomy":"product_cat","embeddable":true,"href":"https:\/\/thetenerifechannel.com\/pl\/wp-json\/wp\/v2\/product_cat?post=105288"},{"taxonomy":"product_tag","embeddable":true,"href":"https:\/\/thetenerifechannel.com\/pl\/wp-json\/wp\/v2\/product_tag?post=105288"}],"curies":[{"name":"wp","href":"https:\/\/api.w.org\/{rel}","templated":true}]}}