{"id":105289,"date":"2024-05-21T10:53:47","date_gmt":"2024-05-21T10:53:47","guid":{"rendered":"https:\/\/thetenerifechannel.com\/excursions\/3-godzinna-wycieczka-prywatnym-katamaranem-monte-cristo\/"},"modified":"2026-03-09T13:57:54","modified_gmt":"2026-03-09T13:57:54","slug":"3-godzinna-wycieczka-prywatnym-katamaranem-monte-cristo","status":"publish","type":"product","link":"https:\/\/thetenerifechannel.com\/pl\/excursions\/3-godzinna-wycieczka-prywatnym-katamaranem-monte-cristo\/","title":{"rendered":"3-godzinna wycieczka prywatnym katamaranem Monte Cristo"},"content":{"rendered":"<div class=\"flex-shrink-0 flex flex-col relative items-end\">\n<div>\n<div class=\"pt-0.5\">\n<div class=\"gizmo-shadow-stroke flex h-6 w-6 items-center justify-center overflow-hidden rounded-full\"><span style=\"letter-spacing: 0em;\">Ciesz si\u0119 pe\u0142n\u0105 zabawy prywatn\u0105 trzygodzinn\u0105 wycieczk\u0105 katamaranem dla grup do 24 pasa\u017cer\u00f3w, z pysznym lunchem i napojami alkoholowymi wliczonymi w cen\u0119.  <\/span><\/div>\n<div class=\"gizmo-shadow-stroke flex h-6 w-6 items-center justify-center overflow-hidden rounded-full\"><span style=\"letter-spacing: 0em;\">Zobacz lokalne \u017cycie morskie, takie jak wieloryby, \u017c\u00f3\u0142wie morskie i delfiny, i skorzystaj z do\u0142\u0105czonego sprz\u0119tu do nurkowania.  <\/span><\/div>\n<div class=\"gizmo-shadow-stroke flex h-6 w-6 items-center justify-center overflow-hidden rounded-full\"><span style=\"letter-spacing: 0em;\">Zrelaksuj si\u0119, korzystaj\u0105c z odbioru i dowozu do hotelu, aby nie martwi\u0107 si\u0119 o transfery.<\/span><\/div>\n<div><\/div>\n<div class=\"gizmo-shadow-stroke flex h-6 w-6 items-center justify-center overflow-hidden rounded-full\"><strong>I<\/strong><strong>W\u0141\u0104CZONE:<\/strong><\/div>\n<\/div>\n<\/div>\n<\/div>\n<div class=\"relative flex w-full flex-col lg:w-[calc(100%-115px)] agent-turn\">\n<div class=\"flex-col gap-1 md:gap-3\">\n<div class=\"flex flex-grow flex-col max-w-full\">\n<div class=\"min-h-[20px] text-message flex flex-col items-start gap-3 whitespace-pre-wrap break-words [.text-message+&amp;]:mt-5 overflow-x-auto\" data-message-author-role=\"assistant\" data-message-id=\"438cac28-43c5-4a9e-9167-cf19b3fb492c\">\n<div class=\"markdown prose w-full break-words dark:prose-invert light\">\n<div class=\"relative flex w-full flex-col lg:w-[calc(100%-115px)] agent-turn\">\n<div class=\"flex-col gap-1 md:gap-3\">\n<div class=\"flex flex-grow flex-col max-w-full\">\n<div class=\"min-h-[20px] text-message flex flex-col items-start gap-3 whitespace-pre-wrap break-words [.text-message+&amp;]:mt-5 overflow-x-auto\" data-message-author-role=\"assistant\" data-message-id=\"452772fb-9ab2-467a-8880-fbf096d105a2\">\n<div class=\"markdown prose w-full break-words dark:prose-invert light\">\n<div class=\"relative flex w-full flex-col lg:w-[calc(100%-115px)] agent-turn\">\n<div class=\"flex-col gap-1 md:gap-3\">\n<div class=\"flex flex-grow flex-col max-w-full\">\n<div class=\"min-h-[20px] text-message flex flex-col items-start gap-3 whitespace-pre-wrap break-words [.text-message+&amp;]:mt-5 overflow-x-auto\" data-message-author-role=\"assistant\" data-message-id=\"388e8325-731f-458a-b520-1f2a2b311292\">\n<div class=\"markdown prose w-full break-words dark:prose-invert light\">\n<ul>\n<li>Jedzenie i napoje.<\/li>\n<li>Napoje alkoholowe<\/li>\n<li>Woda butelkowana<\/li>\n<li>Sprz\u0119t do snorkelingu.<\/li>\n<li>Transport z po\u0142udnia.<\/li>\n<li>Kamizelki ratunkowe.<\/li>\n<li>Ma\u0142e grupy &#8211; maksymalnie 24 pasa\u017cer\u00f3w.<\/li>\n<\/ul>\n<p><strong>NIE WLICZONE W CEN\u0118:<\/strong><\/p>\n<ul>\n<li>R\u0119czniki<\/li>\n<li>Os\u0142ona przeciws\u0142oneczna<\/li>\n<\/ul>\n<\/div>\n<\/div>\n<\/div>\n<\/div>\n<\/div>\n<\/div>\n<\/div>\n<\/div>\n<\/div>\n<\/div>\n<\/div>\n<\/div>\n<\/div>\n<\/div>\n<\/div>\n","protected":false},"excerpt":{"rendered":"<div class=\"flex-shrink-0 flex flex-col relative items-end\">\n<div class=\"pt-0.5\">\n<div class=\"gizmo-shadow-stroke flex h-6 w-6 items-center justify-center overflow-hidden rounded-full\">Do\u015bwiadcz najwy\u017cszego luksusu podczas tego ekskluzywnego czarteru prywatnego katamaranu. Odkryj wieloryby i delfiny w ich naturalnym \u015brodowisku, delektuj si\u0119 smacznym bufetem na pok\u0142adzie i odkryj podwodny \u015bwiat podczas zabawnego snorkelingu. Idealny dla rodzin, przyjaci\u00f3\u0142 lub par szukaj\u0105cych wyj\u0105tkowego dnia na wodzie.  <\/div>\n<\/div>\n<\/div>\n","protected":false},"featured_media":105168,"template":"","meta":{"_acf_changed":false,"_joinchat":[]},"product_brand":[],"product_cat":[310,320],"product_tag":[],"class_list":{"0":"post-105289","1":"product","2":"type-product","3":"status-publish","4":"has-post-thumbnail","6":"product_cat-obserwacja-wielorybow","7":"product_cat-prywatne-czartery","8":"pa_depart-from-na-poludnie-od-wyspy","10":"first","11":"instock","12":"virtual","13":"sold-individually","14":"purchasable","15":"product-type-booking"},"acf":[],"_links":{"self":[{"href":"https:\/\/thetenerifechannel.com\/pl\/wp-json\/wp\/v2\/product\/105289","targetHints":{"allow":["GET"]}}],"collection":[{"href":"https:\/\/thetenerifechannel.com\/pl\/wp-json\/wp\/v2\/product"}],"about":[{"href":"https:\/\/thetenerifechannel.com\/pl\/wp-json\/wp\/v2\/types\/product"}],"wp:featuredmedia":[{"embeddable":true,"href":"https:\/\/thetenerifechannel.com\/pl\/wp-json\/wp\/v2\/media\/105168"}],"wp:attachment":[{"href":"https:\/\/thetenerifechannel.com\/pl\/wp-json\/wp\/v2\/media?parent=105289"}],"wp:term":[{"taxonomy":"product_brand","embeddable":true,"href":"https:\/\/thetenerifechannel.com\/pl\/wp-json\/wp\/v2\/product_brand?post=105289"},{"taxonomy":"product_cat","embeddable":true,"href":"https:\/\/thetenerifechannel.com\/pl\/wp-json\/wp\/v2\/product_cat?post=105289"},{"taxonomy":"product_tag","embeddable":true,"href":"https:\/\/thetenerifechannel.com\/pl\/wp-json\/wp\/v2\/product_tag?post=105289"}],"curies":[{"name":"wp","href":"https:\/\/api.w.org\/{rel}","templated":true}]}}