{"id":105324,"date":"2024-03-24T19:37:33","date_gmt":"2024-03-24T19:37:33","guid":{"rendered":"https:\/\/thetenerifechannel.com\/excursions\/doswiadczenie-wedkarskie-4-godziny\/"},"modified":"2026-03-09T13:57:55","modified_gmt":"2026-03-09T13:57:55","slug":"doswiadczenie-wedkarskie-4-godziny","status":"publish","type":"product","link":"https:\/\/thetenerifechannel.com\/pl\/excursions\/doswiadczenie-wedkarskie-4-godziny\/","title":{"rendered":"Do\u015bwiadczenie w\u0119dkarskie &#8211; 4 godziny"},"content":{"rendered":"<p>Do\u0142\u0105cz do wsp\u00f3lnej przygody czarterowej, w pe\u0142ni wyposa\u017conej na wspania\u0142\u0105 podr\u00f3\u017c w\u0119dkarsk\u0105. B\u0119dziesz mia\u0142 okazj\u0119 z\u0142owi\u0107 barakudy, lucjany i inne gatunki przy u\u017cyciu lekkich w\u0119dek i przyn\u0119t. Dodatkowo b\u0119dziesz trollingowa\u0107 w poszukiwaniu marlin\u00f3w, mahi mahi, tu\u0144czyk\u00f3w, wahoo i innych gatunk\u00f3w wzd\u0142u\u017c wybrze\u017ca Teneryfy.  <\/p>\n<p>Zesp\u00f3\u0142 zapewni szczeg\u00f3\u0142owe wprowadzenie, obejmuj\u0105ce wszystkie techniki w\u0119dkarskie i wiedz\u0119, kt\u00f3rej b\u0119dziesz potrzebowa\u0107, aby sta\u0107 si\u0119 do\u015bwiadczonym w\u0119dkarzem. Poprowadz\u0105 Ci\u0119 podczas ca\u0142ej wyprawy, wi\u0119c nie musisz si\u0119 martwi\u0107 o sw\u00f3j poziom do\u015bwiadczenia. <\/p>\n<p>Wsp\u00f3lne czartery wyp\u0142ywaj\u0105 o 09:00 rano i ponownie o 02:00 po po\u0142udniu, oferuj\u0105c dwie szanse dziennie na odkrycie rado\u015bci i emocji zwi\u0105zanych z w\u0119dkarstwem. G\u0142\u00f3wnym celem jest pomoc w zrozumieniu magii i pasji w\u0119dkarstwa, ale na po\u0142udniowym i zachodnim wybrze\u017cu Teneryfy czekaj\u0105 na Ciebie cuda i do\u015bwiadczenie ca\u0142ego \u017cycia. <\/p>\n<p>Aby zwie\u0144czy\u0107 swoj\u0105 przygod\u0119, mo\u017cesz zabra\u0107 do domu do 5 kg z\u0142owionych ryb &#8211; idealne na uroczyste grillowanie!<br \/>\n*Toalety i le\u017caki s\u0105 dost\u0119pne dla widz\u00f3w.<\/p>\n<p><strong>W zestawie:<\/strong><\/p>\n<ul>\n<li>Ca\u0142y sprz\u0119t w\u0119dkarski<\/li>\n<li>Licencja w\u0119dkarska<\/li>\n<li>Napoje (woda, piwo i przek\u0105ski).<\/li>\n<\/ul>\n<p><strong>Brak w zestawie:<\/strong><\/p>\n<ul>\n<li>Transport<\/li>\n<li>Jedzenie*tylko jeden widz na rybaka<\/li>\n<\/ul>\n","protected":false},"excerpt":{"rendered":"<p>Zosta\u0144 rybakiem i odkryj bogate \u0142owiska wzd\u0142u\u017c wybrze\u017ca Teneryfy podczas 4-godzinnej wyprawy w\u0119dkarskiej z najlepszym sprz\u0119tem i do\u015bwiadczon\u0105 za\u0142og\u0105.<\/p>\n","protected":false},"featured_media":7593,"template":"","meta":{"_acf_changed":false,"_joinchat":[]},"product_brand":[],"product_cat":[308,326],"product_tag":[],"class_list":{"0":"post-105324","1":"product","2":"type-product","3":"status-publish","4":"has-post-thumbnail","6":"product_cat-sporty-wodne","7":"product_cat-wedkarstwo","8":"pa_depart-from-na-poludnie-od-wyspy","10":"first","11":"instock","12":"virtual","13":"sold-individually","14":"purchasable","15":"product-type-booking"},"acf":[],"_links":{"self":[{"href":"https:\/\/thetenerifechannel.com\/pl\/wp-json\/wp\/v2\/product\/105324","targetHints":{"allow":["GET"]}}],"collection":[{"href":"https:\/\/thetenerifechannel.com\/pl\/wp-json\/wp\/v2\/product"}],"about":[{"href":"https:\/\/thetenerifechannel.com\/pl\/wp-json\/wp\/v2\/types\/product"}],"wp:featuredmedia":[{"embeddable":true,"href":"https:\/\/thetenerifechannel.com\/pl\/wp-json\/wp\/v2\/media\/7593"}],"wp:attachment":[{"href":"https:\/\/thetenerifechannel.com\/pl\/wp-json\/wp\/v2\/media?parent=105324"}],"wp:term":[{"taxonomy":"product_brand","embeddable":true,"href":"https:\/\/thetenerifechannel.com\/pl\/wp-json\/wp\/v2\/product_brand?post=105324"},{"taxonomy":"product_cat","embeddable":true,"href":"https:\/\/thetenerifechannel.com\/pl\/wp-json\/wp\/v2\/product_cat?post=105324"},{"taxonomy":"product_tag","embeddable":true,"href":"https:\/\/thetenerifechannel.com\/pl\/wp-json\/wp\/v2\/product_tag?post=105324"}],"curies":[{"name":"wp","href":"https:\/\/api.w.org\/{rel}","templated":true}]}}