{"id":105353,"date":"2024-01-26T17:39:23","date_gmt":"2024-01-26T17:39:23","guid":{"rendered":"https:\/\/thetenerifechannel.com\/excursions\/teide-by-night-polnoc\/"},"modified":"2026-03-09T13:53:42","modified_gmt":"2026-03-09T13:53:42","slug":"teide-by-night-polnoc","status":"publish","type":"product","link":"https:\/\/thetenerifechannel.com\/pl\/excursions\/teide-by-night-polnoc\/","title":{"rendered":"Teide By Night (p\u00f3\u0142noc)"},"content":{"rendered":"<p>Przyjed\u017a i odkryj g\u00f3r\u0119 Teide i jej Park Narodowy. Gwiezdna destynacja i absolutna konieczno\u015b\u0107 podczas pobytu na Teneryfie. Zobaczysz to samo, co podczas ka\u017cdej dziennej wycieczki na Teide, ale dodatkowo b\u0119dziesz mie\u0107 najbardziej romantyczny zach\u00f3d s\u0142o\u0144ca nad chmurami i do\u015bwiadczysz magicznej sesji obserwacji gwiazd na jednym z najlepszych niebosk\u0142on\u00f3w na \u015bwiecie. Wszystko zasilane laserami i teleskopami.<br \/>\nTeide by Night to najlepszy stosunek jako\u015bci do ceny, poniewa\u017c obejmuje wiele wycieczek w jednym, co pozwala w pe\u0142ni wykorzysta\u0107 wszystkie aspekty Teide.<br \/>\nZachwy\u0107 si\u0119 zapieraj\u0105cymi dech w piersiach widokami o zachodzie s\u0142o\u0144ca. Wznie\u015b kieliszek za osza\u0142amiaj\u0105c\u0105 sceneri\u0119, zanim poznasz g\u0142\u0119bokie niebo, jego historie i niebia\u0144sk\u0105 mitologi\u0119. Ta wycieczka ma na celu poznanie Teneryfy. Po po\u0142udniu zostaniesz odebrany z hotelu lub miejsca zakwaterowania. Wycieczka obejmuje napoje podczas podziwiania zachodu s\u0142o\u0144ca, 3-daniowy posi\u0142ek z winami i napojami bezalkoholowymi.       <\/p>\n<p>Teide by Night to najlepszy, najbardziej romantyczny i magiczny spos\u00f3b na odkrycie Teide. Obowi\u0105zkowa pozycja podczas pobytu na Teneryfie! <\/p>\n<p><strong>Co wchodzi w sk\u0142ad zestawu?<\/strong><\/p>\n<p>Cava o zachodzie s\u0142o\u0144ca.<\/p>\n<ul>\n<li>Trzydaniowa kolacja z napojami.<\/li>\n<li>Obserwacja gwiazd za pomoc\u0105 profesjonalnych teleskop\u00f3w i laser\u00f3w.<\/li>\n<li>Przystanki na terenie parku narodowego.<\/li>\n<li>Specjalistyczny przewodnik.<\/li>\n<li>Transport w pobli\u017cu miejsca zakwaterowania.<\/li>\n<li>Wygodny autobus z klimatyzacj\u0105.<\/li>\n<li>J\u0119zyk wycieczki: Angielski<\/li>\n<li>Odbi\u00f3r w Puerto de la Cruz.<\/li>\n<\/ul>\n","protected":false},"excerpt":{"rendered":"<p>Teide By Night to najlepszy spos\u00f3b na odwiedzenie Teide. Odkryj Park Narodowy Teide, wznie\u015b toast za zach\u00f3d s\u0142o\u0144ca nad chmurami i podziwiaj gwiazdy i konstelacje dzi\u0119ki do\u015bwiadczonym przewodnikom, laserom i teleskopom. Odkryj cuda g\u0142\u0119bokiego nieba podczas tej niezapomnianej wycieczki.  <\/p>\n","protected":false},"featured_media":105387,"template":"","meta":{"_acf_changed":false,"_joinchat":[]},"product_brand":[],"product_cat":[312,314],"product_tag":[],"class_list":{"0":"post-105353","1":"product","2":"type-product","3":"status-publish","4":"has-post-thumbnail","6":"product_cat-wycieczki-na-teide","7":"product_cat-wycieczki-na-teneryfe","8":"pa_depart-from-polnoc-wyspy","10":"first","11":"instock","12":"virtual","13":"sold-individually","14":"purchasable","15":"product-type-booking"},"acf":[],"_links":{"self":[{"href":"https:\/\/thetenerifechannel.com\/pl\/wp-json\/wp\/v2\/product\/105353","targetHints":{"allow":["GET"]}}],"collection":[{"href":"https:\/\/thetenerifechannel.com\/pl\/wp-json\/wp\/v2\/product"}],"about":[{"href":"https:\/\/thetenerifechannel.com\/pl\/wp-json\/wp\/v2\/types\/product"}],"wp:featuredmedia":[{"embeddable":true,"href":"https:\/\/thetenerifechannel.com\/pl\/wp-json\/wp\/v2\/media\/105387"}],"wp:attachment":[{"href":"https:\/\/thetenerifechannel.com\/pl\/wp-json\/wp\/v2\/media?parent=105353"}],"wp:term":[{"taxonomy":"product_brand","embeddable":true,"href":"https:\/\/thetenerifechannel.com\/pl\/wp-json\/wp\/v2\/product_brand?post=105353"},{"taxonomy":"product_cat","embeddable":true,"href":"https:\/\/thetenerifechannel.com\/pl\/wp-json\/wp\/v2\/product_cat?post=105353"},{"taxonomy":"product_tag","embeddable":true,"href":"https:\/\/thetenerifechannel.com\/pl\/wp-json\/wp\/v2\/product_tag?post=105353"}],"curies":[{"name":"wp","href":"https:\/\/api.w.org\/{rel}","templated":true}]}}