{"id":105378,"date":"2024-03-04T12:51:45","date_gmt":"2024-03-04T12:51:45","guid":{"rendered":"https:\/\/thetenerifechannel.com\/excursions\/mht-comedy-drag-dinner-show\/"},"modified":"2026-04-06T12:36:28","modified_gmt":"2026-04-06T12:36:28","slug":"mht-comedy-drag-dinner-show","status":"publish","type":"product","link":"https:\/\/thetenerifechannel.com\/pl\/excursions\/mht-comedy-drag-dinner-show\/","title":{"rendered":"MHT &#8211; Comedy Drag Dinner Show"},"content":{"rendered":"<section class=\"l-section wpb_row height_huge\"><div class=\"l-section-h i-cf\"><div class=\"g-cols vc_row via_grid cols_1 laptops-cols_inherit tablets-cols_inherit mobiles-cols_1 valign_top type_default stacking_default\"><div class=\"wpb_column vc_column_container\"><div class=\"vc_column-inner\"><div class=\"wpb_text_column\"><div class=\"wpb_wrapper\"><p data-start=\"120\" data-end=\"390\"><strong data-start=\"120\" data-end=\"181\">Najzabawniejsza noc wakacji &#8211; przeprojektowana na rok 2026!<\/strong><br data-start=\"181\" data-end=\"184\">Ciesz si\u0119 niezapomnian\u0105 komediow\u0105 kolacj\u0105 drag z zupe\u0142nie now\u0105 produkcj\u0105 z 2026 roku. Spodziewaj si\u0119 wokali na \u017cywo, ol\u015bniewaj\u0105cych kostium\u00f3w, przezabawnej komedii i pe\u0142nej profesjonalnej obsady kr\u00f3lowych i tancerzy. <\/p>\n<p data-pm-slice=\"1 1 &#091;&#093;\">Wiecz\u00f3r obejmuje trzydaniow\u0105 kolacj\u0119 z obs\u0142ug\u0105 sto\u0142ow\u0105, komedi\u0119 przed pokazem, energiczny pokaz g\u0142\u00f3wny i interaktywny fina\u0142. Wyst\u0119p w j\u0119zyku angielskim i przyjazny dla rodzin, to idealny wiecz\u00f3r dla par, przyjaci\u00f3\u0142 i rodzin. <\/p>\n<p><span class=\"x1rg5ohu x16dsc37 x19la9d6 x1fc57z9 x6ikm8r x10wlt62 x19co3pv x11tp94h xw4jnvo x1qx5ct2 xfibh0p xiy17q3 x1xsqp64 x1lkfr7t xexx8yu xyri2b x18d9i69 x1c1uobl\"><span class=\"xrtxmta x1bhl96m\">Playa de Las Americas<\/span><\/span><\/p>\n<p>&nbsp;<\/p>\n<p><strong>Przybli\u017cone godziny:<br \/>\n<\/strong>Drzwi otwarte 19.00<br \/>\nMHT Pre Show 19.30<br \/>\nPosi\u0142ek serwowany jest 19.45<br \/>\nMHT Main Show 20.45<br \/>\nShow ko\u0144czy si\u0119 23.00<br \/>\n(15 minut przerwy wliczone w cen\u0119)<\/p>\n<div><\/div>\n<\/div><\/div><\/div><\/div><\/div><\/div><\/section>\n","protected":false},"excerpt":{"rendered":"<p>Nie ogl\u0105daj tylko Drag Show, do\u015bwiadcz pe\u0142nowymiarowej komediowej kolacji!<br \/>\nWokal na \u017cywo, ol\u015bniewaj\u0105ce kostiumy, przezabawna komedia i trzydaniowy posi\u0142ek w jedn\u0105 niezapomnian\u0105 noc.<\/p>\n","protected":false},"featured_media":108146,"template":"","meta":{"_acf_changed":false,"_joinchat":[]},"product_brand":[],"product_cat":[319],"product_tag":[341],"class_list":{"0":"post-105378","1":"product","2":"type-product","3":"status-publish","4":"has-post-thumbnail","6":"product_cat-pokazy-kolacji","7":"product_tag-a-vibe-nightlife","9":"first","10":"instock","11":"virtual","12":"sold-individually","13":"purchasable","14":"product-type-booking"},"acf":[],"_links":{"self":[{"href":"https:\/\/thetenerifechannel.com\/pl\/wp-json\/wp\/v2\/product\/105378","targetHints":{"allow":["GET"]}}],"collection":[{"href":"https:\/\/thetenerifechannel.com\/pl\/wp-json\/wp\/v2\/product"}],"about":[{"href":"https:\/\/thetenerifechannel.com\/pl\/wp-json\/wp\/v2\/types\/product"}],"wp:featuredmedia":[{"embeddable":true,"href":"https:\/\/thetenerifechannel.com\/pl\/wp-json\/wp\/v2\/media\/108146"}],"wp:attachment":[{"href":"https:\/\/thetenerifechannel.com\/pl\/wp-json\/wp\/v2\/media?parent=105378"}],"wp:term":[{"taxonomy":"product_brand","embeddable":true,"href":"https:\/\/thetenerifechannel.com\/pl\/wp-json\/wp\/v2\/product_brand?post=105378"},{"taxonomy":"product_cat","embeddable":true,"href":"https:\/\/thetenerifechannel.com\/pl\/wp-json\/wp\/v2\/product_cat?post=105378"},{"taxonomy":"product_tag","embeddable":true,"href":"https:\/\/thetenerifechannel.com\/pl\/wp-json\/wp\/v2\/product_tag?post=105378"}],"curies":[{"name":"wp","href":"https:\/\/api.w.org\/{rel}","templated":true}]}}