{"id":105430,"date":"2024-01-26T17:25:27","date_gmt":"2024-01-26T17:25:27","guid":{"rendered":"https:\/\/thetenerifechannel.com\/excursions\/wycieczka-na-teide-bilet-na-kolejke-linowa\/"},"modified":"2026-03-09T13:53:42","modified_gmt":"2026-03-09T13:53:42","slug":"wycieczka-na-teide-bilet-na-kolejke-linowa","status":"publish","type":"product","link":"https:\/\/thetenerifechannel.com\/pl\/excursions\/wycieczka-na-teide-bilet-na-kolejke-linowa\/","title":{"rendered":"Wycieczka na Teide + bilet na kolejk\u0119 linow\u0105"},"content":{"rendered":"<p class=\"p1\">Podczas tej zorganizowanej wycieczki na Teide z biletami powrotnymi na kolejk\u0119 linow\u0105 z cyfrowym przewodnikiem audio po szlakach odkryjesz Park Narodowy Teide: najcz\u0119\u015bciej odwiedzany park narodowy w Europie.<\/p>\n<p class=\"p1\">Z wygodnego autobusu i w towarzystwie oficjalnego przewodnika odkryjesz krajobrazy, kt\u00f3re sprawi\u0105, \u017ce b\u0119dziesz mie\u0107 szeroko otwarte oczy ze zdumienia, gdy b\u0119dziesz wspina\u0107 si\u0119 w kierunku szczytu. Poniewa\u017c Teneryfa jest ogromn\u0105 g\u00f3r\u0105 po\u015brodku oceanu, jej drogi wspinaj\u0105 si\u0119, aby dotrze\u0107 do serca wyspy: Teide. Po drodze b\u0119dziesz przechodzi\u0107 przez r\u00f3\u017cne poziomy bioklimatyczne.  <\/p>\n<p class=\"p1\">Ponadto, poniewa\u017c bilety na kolejk\u0119 linow\u0105 na Teide s\u0105 ju\u017c wliczone w cen\u0119, nie musisz si\u0119 martwi\u0107, \u017ce przegapisz szans\u0119 na zarezerwowanie miejsca.<\/p>\n<p class=\"p1\">Wycieczka na Teide obejmuje bilety wst\u0119pu i zej\u015bcia z cyfrowym przewodnikiem audio po szlakach, kt\u00f3re prowadz\u0105 na wysoko\u015b\u0107 3555 metr\u00f3w, dzi\u0119ki czemu mo\u017cna podziwia\u0107 wspania\u0142e widoki na Teneryf\u0119 i niekt\u00f3re z s\u0105siednich wysp, a jednocze\u015bnie zobaczy\u0107 jeden z najbardziej niezwyk\u0142ych krajobraz\u00f3w wulkanicznych na \u015bwiecie.<\/p>\n<p class=\"p2\"><b><i>Czas trwania w przybli\u017ceniu 07:00 godz. <\/i><\/b><\/p>\n<p class=\"p1\"><b>Co wchodzi w sk\u0142ad zestawu?<\/b><\/p>\n<ul class=\"ul1\">\n<li class=\"li1\">Bilet elektroniczny<\/li>\n<li class=\"li1\">Bilety na kolejk\u0119 linow\u0105 + audioprzewodnik (bez obowi\u0105zku korzystania)<\/li>\n<li class=\"li1\">Transport<\/li>\n<li class=\"li1\">Oficjalny przewodnik (wieloj\u0119zyczny)<\/li>\n<li class=\"li1\">Odbi\u00f3r z po\u0142udniowej cz\u0119\u015bci wyspy (Playa de Las Americas, Los Cristianos, Costa Adeje, Callao Salvaje, Golf del Sur).<\/li>\n<\/ul>\n<p class=\"p1\"><b>Brak w zestawie:<\/b><\/p>\n<ul class=\"ul1\">\n<li class=\"li3\">Jedzenie i\/lub napoje (mo\u017cna przynie\u015b\u0107 w\u0142asne przek\u0105ski lub kupi\u0107 je w naszej restauracji)<\/li>\n<li class=\"li4\">Dost\u0119p do szlaku prowadz\u0105cego do krateru Teide (wymaga zezwolenia Parku Narodowego)<\/li>\n<li class=\"li5\">Dost\u0119p dla os\u00f3b niepe\u0142nosprawnych fizycznie lub ruchowo<\/li>\n<\/ul>\n","protected":false},"excerpt":{"rendered":"<p>Do\u0142\u0105cz do naszej zorganizowanej wycieczki na Teide z wliczonymi biletami powrotnymi na kolejk\u0119 linow\u0105 i cyfrowym przewodnikiem audio po szlakach.<br \/>\nPoznaj Park Narodowy Teide, najcz\u0119\u015bciej odwiedzany park narodowy w Europie!<\/p>\n","protected":false},"featured_media":105456,"template":"","meta":{"_acf_changed":false,"_joinchat":[]},"product_brand":[],"product_cat":[312,314],"product_tag":[],"class_list":{"0":"post-105430","1":"product","2":"type-product","3":"status-publish","4":"has-post-thumbnail","6":"product_cat-wycieczki-na-teide","7":"product_cat-wycieczki-na-teneryfe","8":"pa_depart-from-na-poludnie-od-wyspy","9":"pa_depart-from-polnoc-wyspy","11":"first","12":"instock","13":"virtual","14":"sold-individually","15":"purchasable","16":"product-type-booking"},"acf":[],"_links":{"self":[{"href":"https:\/\/thetenerifechannel.com\/pl\/wp-json\/wp\/v2\/product\/105430","targetHints":{"allow":["GET"]}}],"collection":[{"href":"https:\/\/thetenerifechannel.com\/pl\/wp-json\/wp\/v2\/product"}],"about":[{"href":"https:\/\/thetenerifechannel.com\/pl\/wp-json\/wp\/v2\/types\/product"}],"wp:featuredmedia":[{"embeddable":true,"href":"https:\/\/thetenerifechannel.com\/pl\/wp-json\/wp\/v2\/media\/105456"}],"wp:attachment":[{"href":"https:\/\/thetenerifechannel.com\/pl\/wp-json\/wp\/v2\/media?parent=105430"}],"wp:term":[{"taxonomy":"product_brand","embeddable":true,"href":"https:\/\/thetenerifechannel.com\/pl\/wp-json\/wp\/v2\/product_brand?post=105430"},{"taxonomy":"product_cat","embeddable":true,"href":"https:\/\/thetenerifechannel.com\/pl\/wp-json\/wp\/v2\/product_cat?post=105430"},{"taxonomy":"product_tag","embeddable":true,"href":"https:\/\/thetenerifechannel.com\/pl\/wp-json\/wp\/v2\/product_tag?post=105430"}],"curies":[{"name":"wp","href":"https:\/\/api.w.org\/{rel}","templated":true}]}}