{"id":105508,"date":"2024-01-25T18:54:47","date_gmt":"2024-01-25T18:54:47","guid":{"rendered":"https:\/\/thetenerifechannel.com\/excursions\/wycieczka-po-wyspach-teide-masca-garachico-od-poludnia\/"},"modified":"2026-03-09T13:54:35","modified_gmt":"2026-03-09T13:54:35","slug":"wycieczka-po-wyspach-teide-masca-garachico-od-poludnia","status":"publish","type":"product","link":"https:\/\/thetenerifechannel.com\/pl\/excursions\/wycieczka-po-wyspach-teide-masca-garachico-od-poludnia\/","title":{"rendered":"Wycieczka po wyspach: Teide &#8211; Masca &#8211; Garachico (od po\u0142udnia)"},"content":{"rendered":"<div class=\"flex-shrink-0 flex flex-col relative items-end\">\n<div>\n<div class=\"pt-0.5\">\n<div class=\"gizmo-shadow-stroke flex h-6 w-6 items-center justify-center overflow-hidden rounded-full\">Do\u0142\u0105cz do malowniczej podr\u00f3\u017cy przez pi\u0119kne miejsca Teneryfy.<\/div>\n<\/div>\n<\/div>\n<\/div>\n<div class=\"relative flex w-full flex-col lg:w-[calc(100%-115px)] agent-turn\">\n<div class=\"flex-col gap-1 md:gap-3\">\n<div class=\"flex flex-grow flex-col max-w-full\">\n<div class=\"min-h-[20px] text-message flex flex-col items-start gap-3 whitespace-pre-wrap break-words [.text-message+&amp;]:mt-5 overflow-x-auto\" data-message-author-role=\"assistant\" data-message-id=\"1b594d4d-875f-4ede-8698-e67da448c8b8\">\n<div class=\"markdown prose w-full break-words dark:prose-invert light\">\n<p>Wyruszaj\u0105c z po\u0142udnia, najpierw udamy si\u0119 do Parku Narodowego Teide, gdzie zatrzymamy si\u0119 w uroczym miasteczku Vilaflor na kr\u00f3tki post\u00f3j. Gdy dotrzemy do parku, wpisanego na List\u0119 \u015awiatowego Dziedzictwa UNESCO od 2007 roku, przywita nas najwy\u017cszy szczyt Hiszpanii El Teide i jeden z najbardziej osza\u0142amiaj\u0105cych krajobraz\u00f3w wulkanicznych na \u015bwiecie. To prawdziwie naturalny spektakl w samym sercu Wysp Kanaryjskich.  <\/p>\n<\/div>\n<p>Nasza wycieczka kontynuowana jest do Icod de los Vinos, domu legendarnego staro\u017cytnego Smoczego Drzewa. Nast\u0119pnie odkryjemy urocze uliczki Garachico, gdzie mo\u017cna zwiedzi\u0107 dobrze zachowane stare miasto.<br \/>\nNast\u0119pnie podr\u00f3\u017c zabierze nas do malowniczej wioski Masca, po\u0142o\u017conej w Teno Rural Park, gdzie b\u0119dziesz mia\u0142 troch\u0119 wolnego czasu, aby doceni\u0107 pi\u0119kne widoki. <\/p>\n<p>Ko\u0144cz\u0105c t\u0119 niezapomnian\u0105 wycieczk\u0119, udamy si\u0119 w drog\u0119 powrotn\u0105 do hoteli.<\/p>\n<p><strong>W zestawie:<\/strong><\/p>\n<\/div>\n<\/div>\n<\/div>\n<\/div>\n<ul>\n<li>Klimatyzowany autobus uznaniowy<\/li>\n<li>Oficjalny przewodnik<\/li>\n<\/ul>\n<p><strong>Brak w zestawie:<\/strong><\/p>\n<ul>\n<li>Lunch<\/li>\n<\/ul>\n","protected":false},"excerpt":{"rendered":"<p>Odkryj najpi\u0119kniejsze miejsca Teneryfy podczas tej wycieczki po wyspie, kt\u00f3ra zabierze Ci\u0119 do Masca, Garachico, Teide i jego pi\u0119knego parku narodowego oraz Icod de los Vinos, wyruszaj\u0105c z po\u0142udnia Teneryfy.<\/p>\n","protected":false},"featured_media":105529,"template":"","meta":{"_acf_changed":false,"_joinchat":[]},"product_brand":[],"product_cat":[312,314],"product_tag":[],"class_list":{"0":"post-105508","1":"product","2":"type-product","3":"status-publish","4":"has-post-thumbnail","6":"product_cat-wycieczki-na-teide","7":"product_cat-wycieczki-na-teneryfe","8":"pa_depart-from-na-poludnie-od-wyspy","10":"first","11":"instock","12":"virtual","13":"sold-individually","14":"purchasable","15":"product-type-booking"},"acf":[],"_links":{"self":[{"href":"https:\/\/thetenerifechannel.com\/pl\/wp-json\/wp\/v2\/product\/105508","targetHints":{"allow":["GET"]}}],"collection":[{"href":"https:\/\/thetenerifechannel.com\/pl\/wp-json\/wp\/v2\/product"}],"about":[{"href":"https:\/\/thetenerifechannel.com\/pl\/wp-json\/wp\/v2\/types\/product"}],"wp:featuredmedia":[{"embeddable":true,"href":"https:\/\/thetenerifechannel.com\/pl\/wp-json\/wp\/v2\/media\/105529"}],"wp:attachment":[{"href":"https:\/\/thetenerifechannel.com\/pl\/wp-json\/wp\/v2\/media?parent=105508"}],"wp:term":[{"taxonomy":"product_brand","embeddable":true,"href":"https:\/\/thetenerifechannel.com\/pl\/wp-json\/wp\/v2\/product_brand?post=105508"},{"taxonomy":"product_cat","embeddable":true,"href":"https:\/\/thetenerifechannel.com\/pl\/wp-json\/wp\/v2\/product_cat?post=105508"},{"taxonomy":"product_tag","embeddable":true,"href":"https:\/\/thetenerifechannel.com\/pl\/wp-json\/wp\/v2\/product_tag?post=105508"}],"curies":[{"name":"wp","href":"https:\/\/api.w.org\/{rel}","templated":true}]}}