{"id":105524,"date":"2024-01-26T16:26:15","date_gmt":"2024-01-26T16:26:15","guid":{"rendered":"https:\/\/thetenerifechannel.com\/excursions\/la-gomera\/"},"modified":"2026-03-09T13:53:54","modified_gmt":"2026-03-09T13:53:54","slug":"la-gomera","status":"publish","type":"product","link":"https:\/\/thetenerifechannel.com\/pl\/excursions\/la-gomera\/","title":{"rendered":"La Gomera"},"content":{"rendered":"<p>Ta wycieczka wyruszy z portu Los Cristianos &#8211; Teneryfa, promem do San Sebasti\u00e1n de la Gomera, portu i stolicy wyspy.<br \/>\nW tym miejscu rozpoczniemy wspinaczk\u0119 do Parku Narodowego Garajonay, prawdziwego raju las\u00f3w laurowych, rezerwatu przyrody i miejsca wpisanego na List\u0119 \u015awiatowego Dziedzictwa UNESCO.<br \/>\nZatrzymamy si\u0119 w punkcie widokowym Degollada de Peraza, gdzie b\u0119dziesz mia\u0142 okazj\u0119 podziwia\u0107 pi\u0119kne panoramiczne widoki, kt\u00f3re oferuje wyspa.<\/p>\n<p>B\u0119dziemy kontynuowa\u0107 podr\u00f3\u017c, przeje\u017cd\u017caj\u0105c przez La Palmita i wje\u017cd\u017caj\u0105c bezpo\u015brednio do Parku Narodowego Garajonay, a\u017c dotrzemy do ma\u0142ych wiosek Las Rosas i Agulo.<br \/>\nW tych wioskach b\u0119dziesz mia\u0142 czas wolny na lunch w typowej restauracji Gomeran, gdzie odb\u0119dzie si\u0119 pokaz na \u017cywo znanej Silbo Gomero, unikalnej metody komunikacji. Je\u015bli czas na to pozwoli, odwiedzimy centrum dla zwiedzaj\u0105cych, gdzie b\u0119dzie mo\u017cna do\u015bwiadczy\u0107 gry w kulki. <\/p>\n<p>Wr\u00f3cimy przez dolin\u0119 Hermigua do San Sebasti\u00e1n, gdzie mo\u017cna zobaczy\u0107 historyczne pami\u0105tki po przej\u015bciu Krzysztofa Kolumba przed jego wyruszeniem na kontynent ameryka\u0144ski, w tym Torre del Conde i Casa de Col\u00f3n.<\/p>\n<p><strong>Zawiera:<\/strong><\/p>\n<ul>\n<li>Transfer do portu w Los Cristianos i powr\u00f3t do hotelu<\/li>\n<li>Oficjalny przewodnik<\/li>\n<li>Klimatyzowany autobus<\/li>\n<li>Lunch<\/li>\n<li>Bilety promowe<\/li>\n<\/ul>\n<p><strong>Wa\u017cne: <\/strong>Nie zapomnij zabra\u0107 ze sob\u0105 oryginalnego dowodu osobistego lub paszportu.<\/p>\n","protected":false},"excerpt":{"rendered":"<div class=\"flex-shrink-0 flex flex-col relative items-end\">\n<div>\n<div class=\"pt-0.5\">\n<div class=\"gizmo-shadow-stroke flex h-6 w-6 items-center justify-center overflow-hidden rounded-full\">Odwied\u017a pi\u0119kn\u0105 wysp\u0119 La Gomera.<br \/>\nWybierz si\u0119 na urzekaj\u0105c\u0105 jednodniow\u0105 wycieczk\u0119, aby odkry\u0107 jej osza\u0142amiaj\u0105ce krajobrazy i naturalne pi\u0119kno podczas tej wycieczki z przewodnikiem.<\/div>\n<\/div>\n<\/div>\n<\/div>\n","protected":false},"featured_media":105552,"template":"","meta":{"_acf_changed":false,"_joinchat":[]},"product_brand":[],"product_cat":[314,324],"product_tag":[311],"class_list":{"0":"post-105524","1":"product","2":"type-product","3":"status-publish","4":"has-post-thumbnail","6":"product_cat-wycieczki-na-teneryfe","7":"product_cat-wycieczki-po-innych-wyspach","8":"product_tag-karty-domowe","9":"pa_depart-from-na-poludnie-od-wyspy","11":"first","12":"instock","13":"virtual","14":"sold-individually","15":"purchasable","16":"product-type-booking"},"acf":[],"_links":{"self":[{"href":"https:\/\/thetenerifechannel.com\/pl\/wp-json\/wp\/v2\/product\/105524","targetHints":{"allow":["GET"]}}],"collection":[{"href":"https:\/\/thetenerifechannel.com\/pl\/wp-json\/wp\/v2\/product"}],"about":[{"href":"https:\/\/thetenerifechannel.com\/pl\/wp-json\/wp\/v2\/types\/product"}],"wp:featuredmedia":[{"embeddable":true,"href":"https:\/\/thetenerifechannel.com\/pl\/wp-json\/wp\/v2\/media\/105552"}],"wp:attachment":[{"href":"https:\/\/thetenerifechannel.com\/pl\/wp-json\/wp\/v2\/media?parent=105524"}],"wp:term":[{"taxonomy":"product_brand","embeddable":true,"href":"https:\/\/thetenerifechannel.com\/pl\/wp-json\/wp\/v2\/product_brand?post=105524"},{"taxonomy":"product_cat","embeddable":true,"href":"https:\/\/thetenerifechannel.com\/pl\/wp-json\/wp\/v2\/product_cat?post=105524"},{"taxonomy":"product_tag","embeddable":true,"href":"https:\/\/thetenerifechannel.com\/pl\/wp-json\/wp\/v2\/product_tag?post=105524"}],"curies":[{"name":"wp","href":"https:\/\/api.w.org\/{rel}","templated":true}]}}