{"id":105600,"date":"2024-01-25T18:23:12","date_gmt":"2024-01-25T18:23:12","guid":{"rendered":"https:\/\/thetenerifechannel.com\/excursions\/bilet-podwojny-jungle-park-aqualand\/"},"modified":"2026-03-09T13:54:28","modified_gmt":"2026-03-09T13:54:28","slug":"bilet-podwojny-jungle-park-aqualand","status":"publish","type":"product","link":"https:\/\/thetenerifechannel.com\/pl\/excursions\/bilet-podwojny-jungle-park-aqualand\/","title":{"rendered":"Bilet podw\u00f3jny Jungle Park + Aqualand"},"content":{"rendered":"<div><strong>Ciesz si\u0119<\/strong> <strong>Jungle Park &amp; Aqualand Costa Adeje!<\/strong><\/div>\n<div>Mi\u0142ej zabawy w tych dw\u00f3ch parkach.<\/div>\n<div>Pakiet ten obejmuje jednodniowy bilet wst\u0119pu do Jungle Park i jednodniowy bilet wst\u0119pu do Aqualand Costa Adeje.<\/div>\n<div>Kup bilet teraz, a p\u00f3\u017aniej zdecyduj, kiedy chcesz go odwiedzi\u0107. Dni odwiedzin nie musz\u0105 nast\u0119powa\u0107 po sobie. <\/div>\n<p><strong>Jungle Park<\/strong> to dynamiczny park dzikich zwierz\u0105t prezentuj\u0105cy r\u00f3\u017cnorodne zwierz\u0119ta, w tym egzotyczne ptaki, naczelne i nie tylko. Nie przegap spektakularnych pokaz\u00f3w ptak\u00f3w drapie\u017cnych i szlak\u00f3w przypominaj\u0105cych las deszczowy.<br \/>\nIdealne miejsce na sp\u0119dzenie dnia z ca\u0142\u0105 rodzin\u0105! <\/p>\n<p><em>Czynne codziennie od 10:00 do 17:30.<\/em><\/p>\n<p>Odkryj wodn\u0105 rozrywk\u0119 i rodzinn\u0105 zabaw\u0119 w <strong>Aqualand Tenerife.<\/strong><br \/>\nTen park wodny oferuje szereg atrakcji wodnych, w tym zabawne zje\u017cd\u017calnie, baseny z falami i leniw\u0105 rzek\u0119, a tak\u017ce pokazy delfin\u00f3w.<\/p>\n<p><em>Czynne codziennie od 10:00 do 17:00.<br \/>\n<\/em><em> <\/em><\/p>\n<p>&nbsp;<\/p>\n","protected":false},"excerpt":{"rendered":"<div>Ciesz si\u0119 Jungle Park &amp; Aqualand Costa Adeje!<\/div>\n<div>Baw si\u0119 dobrze w tych dw\u00f3ch parkach. Pakiet obejmuje jednodniowy bilet wst\u0119pu do Jungle Park i jednodniowy bilet wst\u0119pu do Aqualand Costa Adeje. <\/div>\n","protected":false},"featured_media":105621,"template":"","meta":{"_acf_changed":false,"_joinchat":[]},"product_brand":[],"product_cat":[327],"product_tag":[],"class_list":{"0":"post-105600","1":"product","2":"type-product","3":"status-publish","4":"has-post-thumbnail","6":"product_cat-bilety-do-parkow-rozrywki","7":"pa_depart-from-na-poludnie-od-wyspy","9":"first","10":"instock","11":"virtual","12":"sold-individually","13":"purchasable","14":"product-type-booking"},"acf":[],"_links":{"self":[{"href":"https:\/\/thetenerifechannel.com\/pl\/wp-json\/wp\/v2\/product\/105600","targetHints":{"allow":["GET"]}}],"collection":[{"href":"https:\/\/thetenerifechannel.com\/pl\/wp-json\/wp\/v2\/product"}],"about":[{"href":"https:\/\/thetenerifechannel.com\/pl\/wp-json\/wp\/v2\/types\/product"}],"wp:featuredmedia":[{"embeddable":true,"href":"https:\/\/thetenerifechannel.com\/pl\/wp-json\/wp\/v2\/media\/105621"}],"wp:attachment":[{"href":"https:\/\/thetenerifechannel.com\/pl\/wp-json\/wp\/v2\/media?parent=105600"}],"wp:term":[{"taxonomy":"product_brand","embeddable":true,"href":"https:\/\/thetenerifechannel.com\/pl\/wp-json\/wp\/v2\/product_brand?post=105600"},{"taxonomy":"product_cat","embeddable":true,"href":"https:\/\/thetenerifechannel.com\/pl\/wp-json\/wp\/v2\/product_cat?post=105600"},{"taxonomy":"product_tag","embeddable":true,"href":"https:\/\/thetenerifechannel.com\/pl\/wp-json\/wp\/v2\/product_tag?post=105600"}],"curies":[{"name":"wp","href":"https:\/\/api.w.org\/{rel}","templated":true}]}}