{"id":105620,"date":"2024-01-26T15:57:45","date_gmt":"2024-01-26T15:57:45","guid":{"rendered":"https:\/\/thetenerifechannel.com\/excursions\/wycieczka-na-teide-od-poludnia\/"},"modified":"2026-04-25T11:14:58","modified_gmt":"2026-04-25T11:14:58","slug":"wycieczka-na-teide-od-poludnia","status":"publish","type":"product","link":"https:\/\/thetenerifechannel.com\/pl\/excursions\/wycieczka-na-teide-od-poludnia\/","title":{"rendered":"Wycieczka na Teide &#8211; od po\u0142udnia"},"content":{"rendered":"<section class=\"l-section wpb_row height_huge\"><div class=\"l-section-h i-cf\"><div class=\"g-cols vc_row via_grid cols_1 laptops-cols_inherit tablets-cols_inherit mobiles-cols_1 valign_top type_default stacking_default\"><div class=\"wpb_column vc_column_container\"><div class=\"vc_column-inner\"><div class=\"wpb_text_column\"><div class=\"wpb_wrapper\"><p>Ta 6-godzinna wycieczka, wyruszaj\u0105ca rano z po\u0142udnia, zabierze Ci\u0119 do Parku Narodowego Teide, wpisanego na List\u0119 \u015awiatowego Dziedzictwa UNESCO i jednego z najbardziej spektakularnych przyk\u0142ad\u00f3w aktywno\u015bci wulkanicznej na \u015bwiecie.<br \/>\nJego szczyt, o wysoko\u015bci 3718 metr\u00f3w, jest najwy\u017cszym szczytem w Hiszpanii.<\/p>\n<p>Po wej\u015bciu do parku zrobimy kilka przystank\u00f3w, a w Los Roques de Garc\u00eda b\u0119dziemy mieli czas wolny na spacer po wyznaczonym obszarze i podziwianie zapieraj\u0105cych dech w piersiach widok\u00f3w. St\u0105d mo\u017cemy podziwia\u0107 Pico Viejo i majestatyczny Teide, unikalne struktury na naszej planecie.<br \/>\nSetki sto\u017ck\u00f3w, strumieni lawy i jaski\u0144 wzbogacaj\u0105 jego znaczenie naukowe i krajobrazowe. Park jest r\u00f3wnie\u017c domem dla bogatej r\u00f3\u017cnorodno\u015bci endemicznej fauny i flory.  <\/p>\n<p><strong>W zestawie:<\/strong><\/p>\n<ul>\n<li>Transport.<\/li>\n<li>Klimatyzowany autobus.<\/li>\n<\/ul>\n<p><strong>Brak w zestawie:<\/strong><\/p>\n<ul>\n<li>Bilety na kolejk\u0119 linow\u0105<\/li>\n<li>Posi\u0142ki\/napoje.<\/li>\n<\/ul>\n<\/div><\/div><\/div><\/div><\/div><\/div><\/section>\n","protected":false},"excerpt":{"rendered":"<p>Wybierz si\u0119 na p\u00f3\u0142dniow\u0105 wycieczk\u0119, aby zwiedzi\u0107 g\u00f3r\u0119 Teide i jej park narodowy, gdzie b\u0119dziesz mia\u0142 okazj\u0119 podziwia\u0107 zapieraj\u0105ce dech w piersiach krajobrazy i odkry\u0107 wulkaniczny teren tego cudu natury.<\/p>\n","protected":false},"featured_media":105532,"template":"","meta":{"_acf_changed":false,"_joinchat":[]},"product_brand":[],"product_cat":[312,314],"product_tag":[],"class_list":{"0":"post-105620","1":"product","2":"type-product","3":"status-publish","4":"has-post-thumbnail","6":"product_cat-wycieczki-na-teide","7":"product_cat-wycieczki-na-teneryfe","8":"pa_depart-from-na-poludnie-od-wyspy","10":"first","11":"instock","12":"virtual","13":"sold-individually","14":"purchasable","15":"product-type-booking"},"acf":[],"_links":{"self":[{"href":"https:\/\/thetenerifechannel.com\/pl\/wp-json\/wp\/v2\/product\/105620","targetHints":{"allow":["GET"]}}],"collection":[{"href":"https:\/\/thetenerifechannel.com\/pl\/wp-json\/wp\/v2\/product"}],"about":[{"href":"https:\/\/thetenerifechannel.com\/pl\/wp-json\/wp\/v2\/types\/product"}],"wp:featuredmedia":[{"embeddable":true,"href":"https:\/\/thetenerifechannel.com\/pl\/wp-json\/wp\/v2\/media\/105532"}],"wp:attachment":[{"href":"https:\/\/thetenerifechannel.com\/pl\/wp-json\/wp\/v2\/media?parent=105620"}],"wp:term":[{"taxonomy":"product_brand","embeddable":true,"href":"https:\/\/thetenerifechannel.com\/pl\/wp-json\/wp\/v2\/product_brand?post=105620"},{"taxonomy":"product_cat","embeddable":true,"href":"https:\/\/thetenerifechannel.com\/pl\/wp-json\/wp\/v2\/product_cat?post=105620"},{"taxonomy":"product_tag","embeddable":true,"href":"https:\/\/thetenerifechannel.com\/pl\/wp-json\/wp\/v2\/product_tag?post=105620"}],"curies":[{"name":"wp","href":"https:\/\/api.w.org\/{rel}","templated":true}]}}