{"id":105677,"date":"2024-01-25T18:22:02","date_gmt":"2024-01-25T18:22:02","guid":{"rendered":"https:\/\/thetenerifechannel.com\/excursions\/jungle-park\/"},"modified":"2026-03-09T13:54:39","modified_gmt":"2026-03-09T13:54:39","slug":"jungle-park","status":"publish","type":"product","link":"https:\/\/thetenerifechannel.com\/pl\/excursions\/jungle-park\/","title":{"rendered":"Jungle Park"},"content":{"rendered":"<p>Jungle Park to park dzikich zwierz\u0105t znany z bujnego \u015brodowiska przypominaj\u0105cego d\u017cungl\u0119. Park jest domem dla r\u00f3\u017cnorodnych zwierz\u0105t, w tym egzotycznych ptak\u00f3w, naczelnych, du\u017cych kot\u00f3w i nie tylko. Mo\u017cna tu zobaczy\u0107 spektakularne pokazy ptak\u00f3w drapie\u017cnych, w kt\u00f3rych or\u0142y i jastrz\u0119bie prezentuj\u0105 swoje imponuj\u0105ce umiej\u0119tno\u015bci latania.<br \/>\nUk\u0142ad parku przypomina tropikalny las deszczowy, oferuj\u0105c zabawne szlaki spacerowe.<br \/>\nDzi\u0119ki anga\u017cuj\u0105cym spotkaniom ze zwierz\u0119tami i eksponatom edukacyjnym Jungle Park zapewnia zabawne i pouczaj\u0105ce do\u015bwiadczenie dla wszystkich grup wiekowych, co czyni go idealnym miejscem dla rodzin i entuzjast\u00f3w przyrody.  <\/p>\n<p><em>Otwarte codziennie od 10:00 do 17:30.<br \/>\n<strong>Elastyczno\u015b\u0107 odwiedzin!<\/strong> Wej\u015bcie do Jungle Park na jeden dzie\u0144.<br \/>\n<\/em><em>Kup bilet teraz i zdecyduj p\u00f3\u017aniej, kiedy chcesz go odwiedzi\u0107.<\/em><\/p>\n<p><em> <\/em><\/p>\n<p><strong>Pokazy<\/strong><em><br \/>\n<\/em><\/p>\n<ul>\n<li><em><strong>Karmienie szop\u00f3w: <\/strong>12:00 h<\/em><\/li>\n<li><em><strong>Karmienie pingwin\u00f3w:<\/strong><\/em> 12:15 h<\/li>\n<li><em><strong>Pokaz ptak\u00f3w drapie\u017cnych: <\/strong><\/em>12:30 h<\/li>\n<li><em><strong>Pokaz lw\u00f3w morskich: <\/strong><\/em>13:30 h<\/li>\n<li><em><strong>Woliera: <\/strong><\/em>od 11:00 do 16:00<\/li>\n<li><em><strong>Spacer wzd\u0142u\u017c lemur\u00f3w: <\/strong><\/em>od 11:00 do 16:00<\/li>\n<\/ul>\n<p>&nbsp;<\/p>\n","protected":false},"excerpt":{"rendered":"<p>Jungle Park to dynamiczny park dzikich zwierz\u0105t prezentuj\u0105cy r\u00f3\u017cnorodne zwierz\u0119ta, w tym egzotyczne ptaki, naczelne i nie tylko. Nie przegap spektakularnych pokaz\u00f3w ptak\u00f3w drapie\u017cnych i szlak\u00f3w przypominaj\u0105cych las deszczowy.<br \/>\nIdealne miejsce na sp\u0119dzenie dnia z ca\u0142\u0105 rodzin\u0105! <\/p>\n","protected":false},"featured_media":105623,"template":"","meta":{"_acf_changed":false,"_joinchat":[]},"product_brand":[],"product_cat":[327],"product_tag":[],"class_list":{"0":"post-105677","1":"product","2":"type-product","3":"status-publish","4":"has-post-thumbnail","6":"product_cat-bilety-do-parkow-rozrywki","7":"pa_depart-from-na-poludnie-od-wyspy","9":"first","10":"instock","11":"virtual","12":"sold-individually","13":"purchasable","14":"product-type-booking"},"acf":[],"_links":{"self":[{"href":"https:\/\/thetenerifechannel.com\/pl\/wp-json\/wp\/v2\/product\/105677","targetHints":{"allow":["GET"]}}],"collection":[{"href":"https:\/\/thetenerifechannel.com\/pl\/wp-json\/wp\/v2\/product"}],"about":[{"href":"https:\/\/thetenerifechannel.com\/pl\/wp-json\/wp\/v2\/types\/product"}],"wp:featuredmedia":[{"embeddable":true,"href":"https:\/\/thetenerifechannel.com\/pl\/wp-json\/wp\/v2\/media\/105623"}],"wp:attachment":[{"href":"https:\/\/thetenerifechannel.com\/pl\/wp-json\/wp\/v2\/media?parent=105677"}],"wp:term":[{"taxonomy":"product_brand","embeddable":true,"href":"https:\/\/thetenerifechannel.com\/pl\/wp-json\/wp\/v2\/product_brand?post=105677"},{"taxonomy":"product_cat","embeddable":true,"href":"https:\/\/thetenerifechannel.com\/pl\/wp-json\/wp\/v2\/product_cat?post=105677"},{"taxonomy":"product_tag","embeddable":true,"href":"https:\/\/thetenerifechannel.com\/pl\/wp-json\/wp\/v2\/product_tag?post=105677"}],"curies":[{"name":"wp","href":"https:\/\/api.w.org\/{rel}","templated":true}]}}