{"id":105678,"date":"2024-01-26T15:56:59","date_gmt":"2024-01-26T15:56:59","guid":{"rendered":"https:\/\/thetenerifechannel.com\/excursions\/pol-dnia-na-teide-rano-od-polnocy\/"},"modified":"2026-04-25T10:54:49","modified_gmt":"2026-04-25T10:54:49","slug":"pol-dnia-na-teide-rano-od-polnocy","status":"publish","type":"product","link":"https:\/\/thetenerifechannel.com\/pl\/excursions\/pol-dnia-na-teide-rano-od-polnocy\/","title":{"rendered":"P\u00f3\u0142 dnia na Teide &#8211; od p\u00f3\u0142nocy"},"content":{"rendered":"<p>Ta 6-godzinna wycieczka, rozpoczynaj\u0105ca si\u0119 rano, zabierze Ci\u0119 do Parku Narodowego Teide, wpisanego na List\u0119 \u015awiatowego Dziedzictwa UNESCO i jednego z najbardziej spektakularnych przyk\u0142ad\u00f3w aktywno\u015bci wulkanicznej na \u015bwiecie.<br \/>\nJego szczyt, o wysoko\u015bci 3718 metr\u00f3w, jest najwy\u017cszym szczytem w Hiszpanii.<br \/>\nWjedziemy do parku przez dolin\u0119 Orotava, gdzie b\u0119dziemy mieli okazj\u0119 podziwia\u0107 pi\u0119kne widoki.<\/p>\n<p>Po wej\u015bciu do parku zrobimy kilka przystank\u00f3w, a w Los Roques de Garc\u00eda b\u0119dziemy mieli czas wolny na spacer po wyznaczonym obszarze i podziwianie zapieraj\u0105cych dech w piersiach widok\u00f3w. St\u0105d mo\u017cemy podziwia\u0107 Pico Viejo i majestatyczny Teide, unikalne struktury na naszej planecie.<br \/>\nSetki sto\u017ck\u00f3w, strumieni lawy i jaski\u0144 wzbogacaj\u0105 jego znaczenie naukowe i krajobrazowe. Park jest r\u00f3wnie\u017c domem dla bogatej r\u00f3\u017cnorodno\u015bci endemicznej fauny i flory.  <\/p>\n<p><em>*Opcjonalnie i zawsze w zale\u017cno\u015bci od dost\u0119pno\u015bci, mo\u017cna wybra\u0107 dost\u0119p do kolejki linowej. Je\u015bli klient zechce skorzysta\u0107 z tej opcji, niekt\u00f3re cz\u0119\u015bci Parku Narodowego nie b\u0119d\u0105 dla niego dost\u0119pne.<br \/>\n*Kolejka linowa nie jest zalecana dla dzieci poni\u017cej 3 roku \u017cycia, kobiet w ci\u0105\u017cy ani os\u00f3b z chorobami uk\u0142adu kr\u0105\u017cenia.<\/em><\/p>\n<p><strong>W zestawie:<br \/>\n<\/strong><\/p>\n<ul>\n<li>Transport.<\/li>\n<li>Klimatyzowany autobus.<\/li>\n<\/ul>\n<p><strong>Brak w zestawie:<\/strong><\/p>\n<ul>\n<li>Bilety na kolejk\u0119 linow\u0105.<\/li>\n<li>Posi\u0142ki\/napoje.<\/li>\n<\/ul>\n","protected":false},"excerpt":{"rendered":"<p>Wybierz si\u0119 na p\u00f3\u0142dniow\u0105 wycieczk\u0119, aby zwiedzi\u0107 g\u00f3r\u0119 Teide i jej park narodowy, gdzie b\u0119dziesz mia\u0142 okazj\u0119 podziwia\u0107 zapieraj\u0105ce dech w piersiach krajobrazy i odkry\u0107 wulkaniczny teren tego cudu natury.<br \/>\nWycieczka odbywa si\u0119 rano w pi\u0105tki oraz po po\u0142udniu w poniedzia\u0142ki i czwartki.<\/p>\n","protected":false},"featured_media":105532,"template":"","meta":{"_acf_changed":false,"_joinchat":[]},"product_brand":[],"product_cat":[312,314],"product_tag":[],"class_list":{"0":"post-105678","1":"product","2":"type-product","3":"status-publish","4":"has-post-thumbnail","6":"product_cat-wycieczki-na-teide","7":"product_cat-wycieczki-na-teneryfe","8":"pa_depart-from-polnoc-wyspy","10":"first","11":"instock","12":"virtual","13":"sold-individually","14":"purchasable","15":"product-type-booking"},"acf":[],"_links":{"self":[{"href":"https:\/\/thetenerifechannel.com\/pl\/wp-json\/wp\/v2\/product\/105678","targetHints":{"allow":["GET"]}}],"collection":[{"href":"https:\/\/thetenerifechannel.com\/pl\/wp-json\/wp\/v2\/product"}],"about":[{"href":"https:\/\/thetenerifechannel.com\/pl\/wp-json\/wp\/v2\/types\/product"}],"wp:featuredmedia":[{"embeddable":true,"href":"https:\/\/thetenerifechannel.com\/pl\/wp-json\/wp\/v2\/media\/105532"}],"wp:attachment":[{"href":"https:\/\/thetenerifechannel.com\/pl\/wp-json\/wp\/v2\/media?parent=105678"}],"wp:term":[{"taxonomy":"product_brand","embeddable":true,"href":"https:\/\/thetenerifechannel.com\/pl\/wp-json\/wp\/v2\/product_brand?post=105678"},{"taxonomy":"product_cat","embeddable":true,"href":"https:\/\/thetenerifechannel.com\/pl\/wp-json\/wp\/v2\/product_cat?post=105678"},{"taxonomy":"product_tag","embeddable":true,"href":"https:\/\/thetenerifechannel.com\/pl\/wp-json\/wp\/v2\/product_tag?post=105678"}],"curies":[{"name":"wp","href":"https:\/\/api.w.org\/{rel}","templated":true}]}}