{"id":105705,"date":"2024-01-25T19:11:23","date_gmt":"2024-01-25T19:11:23","guid":{"rendered":"https:\/\/thetenerifechannel.com\/excursions\/wycieczka-po-wyspie-la-laguna-anaga-santa-cruz-od-poludnia\/"},"modified":"2026-03-09T13:54:23","modified_gmt":"2026-03-09T13:54:23","slug":"wycieczka-po-wyspie-la-laguna-anaga-santa-cruz-od-poludnia","status":"publish","type":"product","link":"https:\/\/thetenerifechannel.com\/pl\/excursions\/wycieczka-po-wyspie-la-laguna-anaga-santa-cruz-od-poludnia\/","title":{"rendered":"Wycieczka po wyspie: La Laguna &#8211; Anaga &#8211; Santa Cruz (od po\u0142udnia)"},"content":{"rendered":"<p>Do\u0142\u0105cz do tej wycieczki przez pi\u0119kne i kultowe miejsca Teneryfy.<br \/>\nWycieczk\u0119 rozpoczniemy od zwiedzania historycznego miasta La Laguna, wpisanego na List\u0119 \u015awiatowego Dziedzictwa UNESCO. Odwiedzimy kluczowe atrakcje, takie jak Plaza del Adelantado, ko\u015bci\u00f3\u0142 Naj\u015bwi\u0119tszego Chrystusa w La Laguna, El Mercado del Cristo, stare miasto, Pa\u0142ac Biskupi i wiele innych. <\/p>\n<p>Nast\u0119pnie udamy si\u0119 do Monte de Las Mercedes, zje\u017cd\u017caj\u0105c drog\u0105 Bailadero przez bujne lasy laurowe, prowadz\u0105ce do g\u00f3r Anaga. Ta urocza wioska zachowuje tradycyjne zwyczaje i architektur\u0119, otoczona pla\u017cami i wysokimi klifami morskimi. <\/p>\n<p>Nasza trasa prowadzi nast\u0119pnie do rybackiej dzielnicy San Andr\u00e9s, a nast\u0119pnie do serca Santa Cruz de Tenerife, kosmopolitycznej i t\u0119tni\u0105cej \u017cyciem stolicy wyspy. Pokr\u00f3tce poznamy jej najbardziej kultowe miejsca, w tym Plaza de Espa\u00f1a, Plaza de La Candelaria i Calle Castillo. <\/p>\n<p>Ko\u0144cz\u0105c nasz\u0105 wycieczk\u0119, udajemy si\u0119 autostrad\u0105 na po\u0142udnie, ko\u0144cz\u0105c niezapomnian\u0105 podr\u00f3\u017c przez bogat\u0105 histori\u0119 i kultur\u0119 Teneryfy.<\/p>\n<p><strong>W zestawie:<\/strong><\/p>\n<ul>\n<li>Klimatyzowany autobus<\/li>\n<li>Oficjalny przewodnik<\/li>\n<\/ul>\n<p><strong>Brak w zestawie:<\/strong><\/p>\n<ul>\n<li>Posi\u0142ki<\/li>\n<\/ul>\n","protected":false},"excerpt":{"rendered":"<p>Do\u0142\u0105cz do nas podczas pi\u0119knej przygody na p\u00f3\u0142nocy Teneryfy, odwiedzaj\u0105c miasto La Laguna, bujne lasy, odkrywaj\u0105c malownicz\u0105 wiosk\u0119 Taganana i ch\u0142on\u0105c t\u0119tni\u0105c\u0105 \u017cyciem atmosfer\u0119 Santa Cruz de Tenerife.<br \/>\nTa wycieczka to idealne po\u0142\u0105czenie kultury, przyrody i zabawy!<\/p>\n","protected":false},"featured_media":105722,"template":"","meta":{"_acf_changed":false,"_joinchat":[]},"product_brand":[],"product_cat":[314],"product_tag":[],"class_list":{"0":"post-105705","1":"product","2":"type-product","3":"status-publish","4":"has-post-thumbnail","6":"product_cat-wycieczki-na-teneryfe","7":"pa_depart-from-na-poludnie-od-wyspy","9":"first","10":"instock","11":"virtual","12":"sold-individually","13":"purchasable","14":"product-type-booking"},"acf":[],"_links":{"self":[{"href":"https:\/\/thetenerifechannel.com\/pl\/wp-json\/wp\/v2\/product\/105705","targetHints":{"allow":["GET"]}}],"collection":[{"href":"https:\/\/thetenerifechannel.com\/pl\/wp-json\/wp\/v2\/product"}],"about":[{"href":"https:\/\/thetenerifechannel.com\/pl\/wp-json\/wp\/v2\/types\/product"}],"wp:featuredmedia":[{"embeddable":true,"href":"https:\/\/thetenerifechannel.com\/pl\/wp-json\/wp\/v2\/media\/105722"}],"wp:attachment":[{"href":"https:\/\/thetenerifechannel.com\/pl\/wp-json\/wp\/v2\/media?parent=105705"}],"wp:term":[{"taxonomy":"product_brand","embeddable":true,"href":"https:\/\/thetenerifechannel.com\/pl\/wp-json\/wp\/v2\/product_brand?post=105705"},{"taxonomy":"product_cat","embeddable":true,"href":"https:\/\/thetenerifechannel.com\/pl\/wp-json\/wp\/v2\/product_cat?post=105705"},{"taxonomy":"product_tag","embeddable":true,"href":"https:\/\/thetenerifechannel.com\/pl\/wp-json\/wp\/v2\/product_tag?post=105705"}],"curies":[{"name":"wp","href":"https:\/\/api.w.org\/{rel}","templated":true}]}}