{"id":105706,"date":"2024-01-25T17:53:26","date_gmt":"2024-01-25T17:53:26","guid":{"rendered":"https:\/\/thetenerifechannel.com\/excursions\/aqualand\/"},"modified":"2026-03-09T13:54:58","modified_gmt":"2026-03-09T13:54:58","slug":"aqualand","status":"publish","type":"product","link":"https:\/\/thetenerifechannel.com\/pl\/excursions\/aqualand\/","title":{"rendered":"Aqualand"},"content":{"rendered":"<p>Aqualand to znany park wodny po\u0142o\u017cony w Costa Adeje<br \/>\nOferuje szereg atrakcji wodnych, w tym zje\u017cd\u017calnie wodne, baseny z falami i leniw\u0105 rzek\u0119, dzi\u0119ki czemu jest doskona\u0142ym miejscem na rodzinny dzie\u0144.<br \/>\nNie przegap pokaz\u00f3w delfin\u00f3w, kt\u00f3re dodaj\u0105 dodatkow\u0105 warstw\u0119 rozrywki do Twojej wizyty.<br \/>\nPrzyjd\u017a i ciesz si\u0119 orze\u017awiaj\u0105cym i przyjemnym dniem w Aqualand Tenerife!<\/p>\n<p><em> <\/em><\/p>\n","protected":false},"excerpt":{"rendered":"<p>Odkryj wodn\u0105 rozrywk\u0119 i rodzinn\u0105 zabaw\u0119 w Aqualand Tenerife.<br \/>\nTen park wodny oferuje szereg atrakcji wodnych, w tym zabawne zje\u017cd\u017calnie, baseny z falami i leniw\u0105 rzek\u0119, a tak\u017ce pokazy delfin\u00f3w.<\/p>\n","protected":false},"featured_media":105273,"template":"","meta":{"_acf_changed":false,"_joinchat":[]},"product_brand":[],"product_cat":[327],"product_tag":[],"class_list":{"0":"post-105706","1":"product","2":"type-product","3":"status-publish","4":"has-post-thumbnail","6":"product_cat-bilety-do-parkow-rozrywki","7":"pa_depart-from-na-poludnie-od-wyspy","9":"first","10":"instock","11":"virtual","12":"sold-individually","13":"purchasable","14":"product-type-booking"},"acf":[],"_links":{"self":[{"href":"https:\/\/thetenerifechannel.com\/pl\/wp-json\/wp\/v2\/product\/105706","targetHints":{"allow":["GET"]}}],"collection":[{"href":"https:\/\/thetenerifechannel.com\/pl\/wp-json\/wp\/v2\/product"}],"about":[{"href":"https:\/\/thetenerifechannel.com\/pl\/wp-json\/wp\/v2\/types\/product"}],"wp:featuredmedia":[{"embeddable":true,"href":"https:\/\/thetenerifechannel.com\/pl\/wp-json\/wp\/v2\/media\/105273"}],"wp:attachment":[{"href":"https:\/\/thetenerifechannel.com\/pl\/wp-json\/wp\/v2\/media?parent=105706"}],"wp:term":[{"taxonomy":"product_brand","embeddable":true,"href":"https:\/\/thetenerifechannel.com\/pl\/wp-json\/wp\/v2\/product_brand?post=105706"},{"taxonomy":"product_cat","embeddable":true,"href":"https:\/\/thetenerifechannel.com\/pl\/wp-json\/wp\/v2\/product_cat?post=105706"},{"taxonomy":"product_tag","embeddable":true,"href":"https:\/\/thetenerifechannel.com\/pl\/wp-json\/wp\/v2\/product_tag?post=105706"}],"curies":[{"name":"wp","href":"https:\/\/api.w.org\/{rel}","templated":true}]}}