{"id":105757,"date":"2024-01-25T16:56:59","date_gmt":"2024-01-25T16:56:59","guid":{"rendered":"https:\/\/thetenerifechannel.com\/excursions\/wycieczka-po-wyspie-la-laguna-anaga-santa-cruz-od-polnocy\/"},"modified":"2026-03-09T13:55:10","modified_gmt":"2026-03-09T13:55:10","slug":"wycieczka-po-wyspie-la-laguna-anaga-santa-cruz-od-polnocy","status":"publish","type":"product","link":"https:\/\/thetenerifechannel.com\/pl\/excursions\/wycieczka-po-wyspie-la-laguna-anaga-santa-cruz-od-polnocy\/","title":{"rendered":"Wycieczka po wyspie: La Laguna &#8211; Anaga &#8211; Santa Cruz (od p\u00f3\u0142nocy)"},"content":{"rendered":"<p>Nasz\u0105 wycieczk\u0119 rozpoczniemy w p\u00f3\u0142nocnej cz\u0119\u015bci Teneryfy, w kierunku historycznego miasta La Laguna, wpisanego na List\u0119 \u015awiatowego Dziedzictwa UNESCO. By\u0142o to pierwsze kolonialne miasto bez mur\u00f3w, kt\u00f3re zachowa\u0142o sw\u00f3j oryginalny XV-wieczny uk\u0142ad praktycznie w nienaruszonym stanie. Tutaj odkryjemy najwa\u017cniejsze i najbardziej malownicze miejsca w mie\u015bcie, w tym Plaza del Adelantado, ko\u015bci\u00f3\u0142 Naj\u015bwi\u0119tszego Chrystusa z La Laguna, Cristo Market, stare miasto i Pa\u0142ac Biskupi.  <\/p>\n<p>Nast\u0119pnie udamy si\u0119 na g\u00f3r\u0119 Las Mercedes, przechodz\u0105c przez lasy laurowe, kt\u00f3re prowadz\u0105 do wioski Taganana. Wioska ta zachowuje zwyczaje i tradycyjn\u0105 architektur\u0119 wyspy, otoczona pla\u017cami i skalistymi formacjami wy\u0142aniaj\u0105cymi si\u0119 z morza zaledwie kilka metr\u00f3w od wybrze\u017ca. <\/p>\n<p>B\u0119dziemy kontynuowa\u0107 podr\u00f3\u017c w kierunku dzielnicy rybackiej San Andr\u00e9s, a po przekroczeniu autostrady dotrzemy do centrum Santa Cruz de Tenerife, stolicy wyspy. To kosmopolityczne, fascynuj\u0105ce, radosne i pe\u0142ne \u015bwiat\u0142a miasto. B\u0119dziesz mie\u0107 czas wolny na zwiedzanie jego najbardziej znanych miejsc, takich jak Plaza de Espa\u00f1a, Plaza de La Candelaria i Calle Castillo.  <\/p>\n<p>Po zako\u0144czeniu wizyty wr\u00f3cimy autostrad\u0105 na p\u00f3\u0142noc do Puerto de la Cruz.<\/p>\n<p><strong>W zestawie:<\/strong><\/p>\n<ul>\n<li>Klimatyzowany autobus<\/li>\n<li>Oficjalny przewodnik<\/li>\n<\/ul>\n<p><strong>Brak w zestawie:<\/strong><\/p>\n<ul>\n<li>Posi\u0142ki<\/li>\n<\/ul>\n","protected":false},"excerpt":{"rendered":"<p>Do\u0142\u0105cz do nas podczas pi\u0119knej przygody na p\u00f3\u0142nocy Teneryfy, odwiedzaj\u0105c miasto La Laguna, bujne lasy, odkrywaj\u0105c malownicz\u0105 wiosk\u0119 Taganana i ch\u0142on\u0105c t\u0119tni\u0105c\u0105 \u017cyciem atmosfer\u0119 Santa Cruz de Tenerife.<br \/>\nTa wycieczka to idealne po\u0142\u0105czenie kultury, przyrody i zabawy!<\/p>\n","protected":false},"featured_media":105722,"template":"","meta":{"_acf_changed":false,"_joinchat":[]},"product_brand":[],"product_cat":[314],"product_tag":[],"class_list":{"0":"post-105757","1":"product","2":"type-product","3":"status-publish","4":"has-post-thumbnail","6":"product_cat-wycieczki-na-teneryfe","7":"pa_depart-from-polnoc-wyspy","9":"first","10":"instock","11":"virtual","12":"sold-individually","13":"purchasable","14":"product-type-booking"},"acf":[],"_links":{"self":[{"href":"https:\/\/thetenerifechannel.com\/pl\/wp-json\/wp\/v2\/product\/105757","targetHints":{"allow":["GET"]}}],"collection":[{"href":"https:\/\/thetenerifechannel.com\/pl\/wp-json\/wp\/v2\/product"}],"about":[{"href":"https:\/\/thetenerifechannel.com\/pl\/wp-json\/wp\/v2\/types\/product"}],"wp:featuredmedia":[{"embeddable":true,"href":"https:\/\/thetenerifechannel.com\/pl\/wp-json\/wp\/v2\/media\/105722"}],"wp:attachment":[{"href":"https:\/\/thetenerifechannel.com\/pl\/wp-json\/wp\/v2\/media?parent=105757"}],"wp:term":[{"taxonomy":"product_brand","embeddable":true,"href":"https:\/\/thetenerifechannel.com\/pl\/wp-json\/wp\/v2\/product_brand?post=105757"},{"taxonomy":"product_cat","embeddable":true,"href":"https:\/\/thetenerifechannel.com\/pl\/wp-json\/wp\/v2\/product_cat?post=105757"},{"taxonomy":"product_tag","embeddable":true,"href":"https:\/\/thetenerifechannel.com\/pl\/wp-json\/wp\/v2\/product_tag?post=105757"}],"curies":[{"name":"wp","href":"https:\/\/api.w.org\/{rel}","templated":true}]}}