{"id":105760,"date":"2024-01-25T16:56:05","date_gmt":"2024-01-25T16:56:05","guid":{"rendered":"https:\/\/thetenerifechannel.com\/excursions\/wycieczka-po-wyspach-teide-masca-garachico-icod-od-polnocy\/"},"modified":"2026-03-09T13:55:16","modified_gmt":"2026-03-09T13:55:16","slug":"wycieczka-po-wyspach-teide-masca-garachico-icod-od-polnocy","status":"publish","type":"product","link":"https:\/\/thetenerifechannel.com\/pl\/excursions\/wycieczka-po-wyspach-teide-masca-garachico-icod-od-polnocy\/","title":{"rendered":"Wycieczka po wyspach: Teide &#8211; Masca &#8211; Garachico &#8211; Icod (od p\u00f3\u0142nocy)"},"content":{"rendered":"<p>Wyruszaj\u0105c z Puerto de la Cruz, b\u0119dziesz kierowa\u0107 si\u0119 w stron\u0119 Parku Narodowego Teide, przemierzaj\u0105c ca\u0142y zalesiony obszar doliny Orotava i robi\u0105c kr\u00f3tki post\u00f3j na zdj\u0119cia i podziwianie panoramicznego widoku.<\/p>\n<p>Po dotarciu do Parku Narodowego Teide nast\u0105pi przystanek, aby podziwia\u0107 pi\u0119kne widoki, a je\u015bli pozwol\u0105 na to warunki pogodowe, zobaczymy wyspy La Gomera, La Palma i El Hierro.<\/p>\n<p>Nast\u0119pnie udamy si\u0119 do wioski Masca (po\u0142o\u017conej w Parku Wiejskim Teno), gdzie b\u0119dzie czas wolny na zwiedzanie.<\/p>\n<p>Nast\u0119pnym przystankiem b\u0119dzie Garachico, gdzie b\u0119dziesz mia\u0142 czas na zwiedzenie starego miasta. Nast\u0119pnie udasz si\u0119 w kierunku gminy Icod, aby odwiedzi\u0107 tysi\u0105cletnie smocze drzewo. <\/p>\n<p>Na koniec zako\u0144czymy nasz\u0105 podr\u00f3\u017c z powrotem do Puerto de la Cruz, przeje\u017cd\u017caj\u0105c przez gminy San Juan de la Rambla i Los Realejos.<\/p>\n<p><strong>W zestawie:<\/strong><\/p>\n<ul>\n<li>Klimatyzowany autobus uznaniowy<\/li>\n<li>Oficjalny przewodnik<\/li>\n<\/ul>\n<p><strong>Brak w zestawie:<\/strong><\/p>\n<ul>\n<li>Lunch<\/li>\n<\/ul>\n","protected":false},"excerpt":{"rendered":"<p>Poznaj najpi\u0119kniejsze miejsca na Teneryfie podczas tej wycieczki po wyspie, kt\u00f3ra zabierze Ci\u0119 do Masca, Garachico, Teide i jego pi\u0119knego parku narodowego oraz Icod de los Vinos.<\/p>\n","protected":false},"featured_media":105529,"template":"","meta":{"_acf_changed":false,"_joinchat":[]},"product_brand":[],"product_cat":[314],"product_tag":[],"class_list":{"0":"post-105760","1":"product","2":"type-product","3":"status-publish","4":"has-post-thumbnail","6":"product_cat-wycieczki-na-teneryfe","7":"pa_depart-from-polnoc-wyspy","9":"first","10":"instock","11":"virtual","12":"sold-individually","13":"purchasable","14":"product-type-booking"},"acf":[],"_links":{"self":[{"href":"https:\/\/thetenerifechannel.com\/pl\/wp-json\/wp\/v2\/product\/105760","targetHints":{"allow":["GET"]}}],"collection":[{"href":"https:\/\/thetenerifechannel.com\/pl\/wp-json\/wp\/v2\/product"}],"about":[{"href":"https:\/\/thetenerifechannel.com\/pl\/wp-json\/wp\/v2\/types\/product"}],"wp:featuredmedia":[{"embeddable":true,"href":"https:\/\/thetenerifechannel.com\/pl\/wp-json\/wp\/v2\/media\/105529"}],"wp:attachment":[{"href":"https:\/\/thetenerifechannel.com\/pl\/wp-json\/wp\/v2\/media?parent=105760"}],"wp:term":[{"taxonomy":"product_brand","embeddable":true,"href":"https:\/\/thetenerifechannel.com\/pl\/wp-json\/wp\/v2\/product_brand?post=105760"},{"taxonomy":"product_cat","embeddable":true,"href":"https:\/\/thetenerifechannel.com\/pl\/wp-json\/wp\/v2\/product_cat?post=105760"},{"taxonomy":"product_tag","embeddable":true,"href":"https:\/\/thetenerifechannel.com\/pl\/wp-json\/wp\/v2\/product_tag?post=105760"}],"curies":[{"name":"wp","href":"https:\/\/api.w.org\/{rel}","templated":true}]}}