{"id":105761,"date":"2024-01-23T13:49:50","date_gmt":"2024-01-23T13:49:50","guid":{"rendered":"https:\/\/thetenerifechannel.com\/excursions\/loro-parque-diamond-tour\/"},"modified":"2026-03-31T12:56:56","modified_gmt":"2026-03-31T12:56:56","slug":"loro-parque-diamond-tour","status":"publish","type":"product","link":"https:\/\/thetenerifechannel.com\/pl\/excursions\/loro-parque-diamond-tour\/","title":{"rendered":"Loro Parque Diamond Tour"},"content":{"rendered":"<section class=\"l-section wpb_row height_huge\"><div class=\"l-section-h i-cf\"><div class=\"g-cols vc_row via_grid cols_1 laptops-cols_inherit tablets-cols_inherit mobiles-cols_1 valign_top type_default stacking_default\"><div class=\"wpb_column vc_column_container\"><div class=\"vc_column-inner\"><div class=\"wpb_text_column\"><div class=\"wpb_wrapper\"><p>Przygotuj si\u0119 na niesamowit\u0105 przygod\u0119 w Loro Parque!<br \/>\nZ wycieczk\u0105 Loro Explore (90 minut zabawy z przewodnikiem), miejscami VIP na niesamowite pokazy ork\u00f3w, delfin\u00f3w i lw\u00f3w morskich oraz pysznym lunchem w Brunelli&#8217;s Steakhouse (serwuj\u0105cym pyszne menu od 13:00 do 15:30), ten pakiet jest dla Ciebie!<br \/>\nUpewnij si\u0119 tylko, \u017ce dotrzesz do parku przed 09:45, aby uzyska\u0107 najlepsze wra\u017cenia.<\/p>\n<p><strong>W zestawie:<\/strong><\/p>\n<ul>\n<li>Bilety wst\u0119pu<\/li>\n<li>90-minutowa wycieczka z przewodnikiem<\/li>\n<li>Miejsca VIP podczas pokaz\u00f3w<\/li>\n<li>Lunch w restauracji Brunelli&#8217;s Steakhouse<\/li>\n<\/ul>\n<\/div><\/div><\/div><\/div><\/div><\/div><\/section>\n","protected":false},"excerpt":{"rendered":"<p>Prze\u017cyj pe\u0142n\u0105 przygod\u0119 z Loro Parque!<br \/>\nCiesz si\u0119 90-minutow\u0105 wycieczk\u0105 z przewodnikiem Loro Explore, miejscami VIP na pokazy ork\u00f3w, delfin\u00f3w i lw\u00f3w morskich oraz smacznym lunchem.<\/p>\n","protected":false},"featured_media":105773,"template":"","meta":{"_acf_changed":false,"_joinchat":[]},"product_brand":[],"product_cat":[327,328],"product_tag":[],"class_list":{"0":"post-105761","1":"product","2":"type-product","3":"status-publish","4":"has-post-thumbnail","6":"product_cat-bilety-do-parkow-rozrywki","7":"product_cat-loro-park","8":"pa_depart-from-polnoc-wyspy","10":"first","11":"instock","12":"virtual","13":"sold-individually","14":"purchasable","15":"product-type-booking"},"acf":[],"_links":{"self":[{"href":"https:\/\/thetenerifechannel.com\/pl\/wp-json\/wp\/v2\/product\/105761","targetHints":{"allow":["GET"]}}],"collection":[{"href":"https:\/\/thetenerifechannel.com\/pl\/wp-json\/wp\/v2\/product"}],"about":[{"href":"https:\/\/thetenerifechannel.com\/pl\/wp-json\/wp\/v2\/types\/product"}],"wp:featuredmedia":[{"embeddable":true,"href":"https:\/\/thetenerifechannel.com\/pl\/wp-json\/wp\/v2\/media\/105773"}],"wp:attachment":[{"href":"https:\/\/thetenerifechannel.com\/pl\/wp-json\/wp\/v2\/media?parent=105761"}],"wp:term":[{"taxonomy":"product_brand","embeddable":true,"href":"https:\/\/thetenerifechannel.com\/pl\/wp-json\/wp\/v2\/product_brand?post=105761"},{"taxonomy":"product_cat","embeddable":true,"href":"https:\/\/thetenerifechannel.com\/pl\/wp-json\/wp\/v2\/product_cat?post=105761"},{"taxonomy":"product_tag","embeddable":true,"href":"https:\/\/thetenerifechannel.com\/pl\/wp-json\/wp\/v2\/product_tag?post=105761"}],"curies":[{"name":"wp","href":"https:\/\/api.w.org\/{rel}","templated":true}]}}