{"id":105765,"date":"2024-01-25T16:28:17","date_gmt":"2024-01-25T16:28:17","guid":{"rendered":"https:\/\/thetenerifechannel.com\/excursions\/park-lesny\/"},"modified":"2024-01-25T16:28:17","modified_gmt":"2024-01-25T16:28:17","slug":"park-lesny","status":"publish","type":"product","link":"https:\/\/thetenerifechannel.com\/pl\/excursions\/park-lesny\/","title":{"rendered":"Park le\u015bny"},"content":{"rendered":"<p>Forestal Park na Teneryfie to miejsce, w kt\u00f3rym mo\u017cna znale\u017a\u0107 ekscytuj\u0105ce tyrolki i szlaki wysokog\u00f3rskie, dzi\u0119ki czemu jest to idealna przygoda dla wszystkich grup wiekowych. Niezale\u017cnie od tego, czy jeste\u015b do\u015bwiadczonym odkrywc\u0105, czy odwiedzasz park po raz pierwszy, znajdziesz tu co\u015b dla siebie. <\/p>\n<p>Wysoko lataj\u0105ce tyrolki w parku oferuj\u0105 wyj\u0105tkow\u0105 perspektyw\u0119 baldachimu lasu, umo\u017cliwiaj\u0105c szybowanie w koronach drzew z widokiem z lotu ptaka na dziewicze otoczenie. To zabawne do\u015bwiadczenie, kt\u00f3re \u0142\u0105czy dreszczyk przygody ze spokojem natury. Mo\u017cesz wybiera\u0107 spo\u015br\u00f3d r\u00f3\u017cnych poziom\u00f3w trudno\u015bci.  <\/p>\n<p><em>*Nale\u017cy pami\u0119ta\u0107, \u017ce park znajduje si\u0119 w La Esperanza, na p\u00f3\u0142nocy Teneryfy, a dojazd do niego wymaga w\u0142asnego transportu lub taks\u00f3wki.<\/em><\/p>\n<p>&nbsp;<\/p>\n<p>&nbsp;<\/p>\n","protected":false},"excerpt":{"rendered":"<p>Gotowy na przygod\u0119 w \u015brodku natury? Odkryj Forestal Park z ekscytuj\u0105cymi tyrolkami i szlakami w koronach drzew, aby prze\u017cy\u0107 niezapomniane wra\u017cenia na \u015bwie\u017cym powietrzu. <\/p>\n","protected":false},"featured_media":105766,"template":"","meta":{"_acf_changed":false,"_joinchat":[]},"product_brand":[],"product_cat":[327],"product_tag":[],"class_list":{"0":"post-105765","1":"product","2":"type-product","3":"status-publish","4":"has-post-thumbnail","6":"product_cat-bilety-do-parkow-rozrywki","7":"pa_depart-from-polnoc-wyspy","9":"first","10":"instock","11":"virtual","12":"sold-individually","13":"purchasable","14":"product-type-booking"},"acf":[],"_links":{"self":[{"href":"https:\/\/thetenerifechannel.com\/pl\/wp-json\/wp\/v2\/product\/105765","targetHints":{"allow":["GET"]}}],"collection":[{"href":"https:\/\/thetenerifechannel.com\/pl\/wp-json\/wp\/v2\/product"}],"about":[{"href":"https:\/\/thetenerifechannel.com\/pl\/wp-json\/wp\/v2\/types\/product"}],"wp:featuredmedia":[{"embeddable":true,"href":"https:\/\/thetenerifechannel.com\/pl\/wp-json\/wp\/v2\/media\/105766"}],"wp:attachment":[{"href":"https:\/\/thetenerifechannel.com\/pl\/wp-json\/wp\/v2\/media?parent=105765"}],"wp:term":[{"taxonomy":"product_brand","embeddable":true,"href":"https:\/\/thetenerifechannel.com\/pl\/wp-json\/wp\/v2\/product_brand?post=105765"},{"taxonomy":"product_cat","embeddable":true,"href":"https:\/\/thetenerifechannel.com\/pl\/wp-json\/wp\/v2\/product_cat?post=105765"},{"taxonomy":"product_tag","embeddable":true,"href":"https:\/\/thetenerifechannel.com\/pl\/wp-json\/wp\/v2\/product_tag?post=105765"}],"curies":[{"name":"wp","href":"https:\/\/api.w.org\/{rel}","templated":true}]}}