{"id":105778,"date":"2024-01-23T15:04:30","date_gmt":"2024-01-23T15:04:30","guid":{"rendered":"https:\/\/thetenerifechannel.com\/excursions\/ole-pokaz-flamenco\/"},"modified":"2026-03-09T13:55:27","modified_gmt":"2026-03-09T13:55:27","slug":"ole-pokaz-flamenco","status":"publish","type":"product","link":"https:\/\/thetenerifechannel.com\/pl\/excursions\/ole-pokaz-flamenco\/","title":{"rendered":"Ol\u00e9 &#8211; pokaz flamenco"},"content":{"rendered":"<p>Ol\u00e9! Flamenco Show&#8221; to spektakl ta\u0144ca hiszpa\u0144skiego i flamenco, kt\u00f3ry zabiera w podr\u00f3\u017c przez taniec hiszpa\u0144ski i ko\u0144czy si\u0119 przedstawieniem najczystszego flamenco. Kompozycja choreograficzna, aran\u017cacje muzyczne, inscenizacja, o\u015bwietlenie i kostiumy nadaj\u0105 temu mistrzowskiemu<br \/>\nshow w\u0142asn\u0105 to\u017csamo\u015b\u0107.  <\/p>\n<p><strong>Bilet Gold wliczony w cen\u0119:<\/strong><\/p>\n<ul>\n<li>Bilet wst\u0119pu<\/li>\n<\/ul>\n<p><strong>Bilet Platinum wliczony w cen\u0119<\/strong><\/p>\n<ul>\n<li>1 kieliszek wina<\/li>\n<li>1 tapa na osob\u0119<\/li>\n<\/ul>\n","protected":false},"excerpt":{"rendered":"<p>Ciesz si\u0119 autentyczno\u015bci\u0105 flamenco z Ol\u00e9 Flamenco Show.<br \/>\nDo\u015bwiadczenie, kt\u00f3re wyr\u00f3\u017cnia si\u0119 scen\u0105 \u015bwiat\u0142a, koloru, si\u0142y i charakteru na wieczory na po\u0142udniu Teneryfy.<\/p>\n","protected":false},"featured_media":105783,"template":"","meta":{"_acf_changed":false,"_joinchat":[]},"product_brand":[],"product_cat":[319],"product_tag":[],"class_list":{"0":"post-105778","1":"product","2":"type-product","3":"status-publish","4":"has-post-thumbnail","6":"product_cat-pokazy-kolacji","7":"pa_depart-from-na-poludnie-od-wyspy","9":"first","10":"instock","11":"virtual","12":"sold-individually","13":"purchasable","14":"product-type-booking"},"acf":[],"_links":{"self":[{"href":"https:\/\/thetenerifechannel.com\/pl\/wp-json\/wp\/v2\/product\/105778","targetHints":{"allow":["GET"]}}],"collection":[{"href":"https:\/\/thetenerifechannel.com\/pl\/wp-json\/wp\/v2\/product"}],"about":[{"href":"https:\/\/thetenerifechannel.com\/pl\/wp-json\/wp\/v2\/types\/product"}],"wp:featuredmedia":[{"embeddable":true,"href":"https:\/\/thetenerifechannel.com\/pl\/wp-json\/wp\/v2\/media\/105783"}],"wp:attachment":[{"href":"https:\/\/thetenerifechannel.com\/pl\/wp-json\/wp\/v2\/media?parent=105778"}],"wp:term":[{"taxonomy":"product_brand","embeddable":true,"href":"https:\/\/thetenerifechannel.com\/pl\/wp-json\/wp\/v2\/product_brand?post=105778"},{"taxonomy":"product_cat","embeddable":true,"href":"https:\/\/thetenerifechannel.com\/pl\/wp-json\/wp\/v2\/product_cat?post=105778"},{"taxonomy":"product_tag","embeddable":true,"href":"https:\/\/thetenerifechannel.com\/pl\/wp-json\/wp\/v2\/product_tag?post=105778"}],"curies":[{"name":"wp","href":"https:\/\/api.w.org\/{rel}","templated":true}]}}