{"id":105784,"date":"2024-01-23T13:23:26","date_gmt":"2024-01-23T13:23:26","guid":{"rendered":"https:\/\/thetenerifechannel.com\/excursions\/twin-ticket-siam-park-loro-parque\/"},"modified":"2026-03-09T13:52:43","modified_gmt":"2026-03-09T13:52:43","slug":"twin-ticket-siam-park-loro-parque","status":"publish","type":"product","link":"https:\/\/thetenerifechannel.com\/pl\/excursions\/twin-ticket-siam-park-loro-parque\/","title":{"rendered":"Twin Ticket Siam Park &#8211; Loro Parque"},"content":{"rendered":"<section class=\"l-section wpb_row height_huge\"><div class=\"l-section-h i-cf\"><div class=\"g-cols vc_row via_grid cols_1 laptops-cols_inherit tablets-cols_inherit mobiles-cols_1 valign_top type_default stacking_default\"><div class=\"wpb_column vc_column_container\"><div class=\"vc_column-inner\"><div class=\"wpb_text_column\"><div class=\"wpb_wrapper\"><p>Odkryj te dwa niezwyk\u0142e parki dzi\u0119ki najlepszemu podw\u00f3jnemu biletowi do Loro Parque i Siam Park.<br \/>\nZanurz si\u0119 w \u015bwiecie cud\u00f3w w Loro Parque, gdzie mo\u017cesz zobaczy\u0107 niesamowit\u0105 dzik\u0105 przyrod\u0119 i urzekaj\u0105ce pokazy. Je\u015bli masz ochot\u0119 na troch\u0119 wodnej zabawy, udaj si\u0119 do Siam Park, pe\u0142nego adrenalinowych zje\u017cd\u017calni i jednego z najlepszych park\u00f3w wodnych w Europie. <\/p>\n<p>Nie przegap tej niesamowitej okazji, aby podwoi\u0107 zabaw\u0119 i stworzy\u0107 niezapomniane wspomnienia!<\/p>\n<p><strong>W zestawie:<\/strong><\/p>\n<ul>\n<li>Bilet wst\u0119pu QR do Siam Park i Loro Parque.<\/li>\n<li>Bezp\u0142atny autobus do Siam Park z odbiorem w Los Cristianos, Las Americas i Costa Adeje.<\/li>\n<li>Korzystanie z le\u017cak\u00f3w, kamizelek ratunkowych i parasoli.<\/li>\n<li>Bezp\u0142atny poci\u0105g do Loro Parque z odbiorem w Puerto de la Cruz.<\/li>\n<\/ul>\n<p><strong>Brak w zestawie:<\/strong><\/p>\n<ul>\n<li>Jedzenie i napoje<\/li>\n<li>Wynajem szafek i r\u0119cznik\u00f3w<\/li>\n<li>Miejsca parkingowe<\/li>\n<\/ul>\n<\/div><\/div><\/div><\/div><\/div><\/div><\/section>\n","protected":false},"excerpt":{"rendered":"<p>Odkryj zar\u00f3wno Siam Park, jak i Loro Parque dzi\u0119ki najlepszemu podw\u00f3jnemu biletowi! Podw\u00f3jna frajda! <\/p>\n","protected":false},"featured_media":105804,"template":"","meta":{"_acf_changed":false,"_joinchat":[]},"product_brand":[],"product_cat":[327,328,329],"product_tag":[],"class_list":{"0":"post-105784","1":"product","2":"type-product","3":"status-publish","4":"has-post-thumbnail","6":"product_cat-bilety-do-parkow-rozrywki","7":"product_cat-loro-park","8":"product_cat-siam-park","9":"pa_depart-from-na-poludnie-od-wyspy","10":"pa_depart-from-polnoc-wyspy","12":"first","13":"instock","14":"virtual","15":"sold-individually","16":"purchasable","17":"product-type-booking"},"acf":[],"_links":{"self":[{"href":"https:\/\/thetenerifechannel.com\/pl\/wp-json\/wp\/v2\/product\/105784","targetHints":{"allow":["GET"]}}],"collection":[{"href":"https:\/\/thetenerifechannel.com\/pl\/wp-json\/wp\/v2\/product"}],"about":[{"href":"https:\/\/thetenerifechannel.com\/pl\/wp-json\/wp\/v2\/types\/product"}],"wp:featuredmedia":[{"embeddable":true,"href":"https:\/\/thetenerifechannel.com\/pl\/wp-json\/wp\/v2\/media\/105804"}],"wp:attachment":[{"href":"https:\/\/thetenerifechannel.com\/pl\/wp-json\/wp\/v2\/media?parent=105784"}],"wp:term":[{"taxonomy":"product_brand","embeddable":true,"href":"https:\/\/thetenerifechannel.com\/pl\/wp-json\/wp\/v2\/product_brand?post=105784"},{"taxonomy":"product_cat","embeddable":true,"href":"https:\/\/thetenerifechannel.com\/pl\/wp-json\/wp\/v2\/product_cat?post=105784"},{"taxonomy":"product_tag","embeddable":true,"href":"https:\/\/thetenerifechannel.com\/pl\/wp-json\/wp\/v2\/product_tag?post=105784"}],"curies":[{"name":"wp","href":"https:\/\/api.w.org\/{rel}","templated":true}]}}