{"id":105789,"date":"2024-01-23T15:01:13","date_gmt":"2024-01-23T15:01:13","guid":{"rendered":"https:\/\/thetenerifechannel.com\/excursions\/scandal-dinner-show\/"},"modified":"2026-04-24T10:42:39","modified_gmt":"2026-04-24T10:42:39","slug":"scandal-dinner-show","status":"publish","type":"product","link":"https:\/\/thetenerifechannel.com\/pl\/excursions\/scandal-dinner-show\/","title":{"rendered":"Scandal Dinner Show"},"content":{"rendered":"<section class=\"l-section wpb_row height_huge\"><div class=\"l-section-h i-cf\"><div class=\"g-cols vc_row via_grid cols_1 laptops-cols_inherit tablets-cols_inherit mobiles-cols_1 valign_top type_default stacking_default\"><div class=\"wpb_column vc_column_container\"><div class=\"vc_column-inner\"><div class=\"wpb_text_column\"><div class=\"wpb_wrapper\"><p><strong>SCANDAL: SATYSFAKCJA<\/strong><br \/>\nTeneryfa to nie tylko wyspa, to pokusa. Scena, na kt\u00f3rej po\u017c\u0105danie, sztuka i wyrafinowanie \u0142\u0105cz\u0105 si\u0119, oferuj\u0105c niezr\u00f3wnane wra\u017cenia. <\/p>\n<p>Scandal Dinner Show to pokaz w stylu burleski przeznaczony dla doros\u0142ych widz\u00f3w, \u0142\u0105cz\u0105cy r\u00f3\u017cne dyscypliny artystyczne, zmys\u0142owo\u015b\u0107 i gastronomi\u0119.<br \/>\nKomentarz na \u017cywo, muzyka, taniec, b\u0142ysk i humor sk\u0142adaj\u0105 si\u0119 na Scandal Dinner Show. Propozycja nocnego \u017cycia, kt\u00f3ra oczaruje &#8220;6 zmys\u0142\u00f3w&#8221; dzi\u0119ki maria\u017cowi wykwintnej kuchni i rozrywki. <\/p>\n<p><strong>Bilet Gold wliczony w cen\u0119:<\/strong><\/p>\n<ul>\n<li>Menu degustacyjne i napoje (wino, piwo, napoje bezalkoholowe i woda)<\/li>\n<\/ul>\n<p><strong>Bilet Silver wliczony w cen\u0119<\/strong><\/p>\n<ul>\n<li>Menu degustacyjne i napoje (wino, piwo, napoje bezalkoholowe i woda)<\/li>\n<li>Kieliszek wina musuj\u0105cego<\/li>\n<li>Doskona\u0142a lokalizacja<\/li>\n<\/ul>\n<p>*<span>Podczas kolacji obowi\u0105zuje str\u00f3j elegancki. W przypadku m\u0119\u017cczyzn wymagane s\u0105 spodnie, a str\u00f3j pla\u017cowy jest niedozwolony. <\/span><\/p>\n<\/div><\/div><\/div><\/div><\/div><\/div><\/section>\n","protected":false},"excerpt":{"rendered":"<p>Zanurz si\u0119 w wyj\u0105tkowym do\u015bwiadczeniu, w kt\u00f3rym sztuka, zmys\u0142owo\u015b\u0107 i gastronomia \u0142\u0105cz\u0105 si\u0119, aby obudzi\u0107 Twoje &#8220;6 zmys\u0142\u00f3w&#8221;.<br \/>\nScandal Dinner Show, organizowany w luksusowym GF Victoria, to co\u015b wi\u0119cej ni\u017c spektakl; to podr\u00f3\u017c przez g\u0142os na \u017cywo, \u017cyw\u0105 muzyk\u0119, urzekaj\u0105ce ta\u0144ce i humor, kt\u00f3ry sprawi, \u017ce b\u0119dziesz si\u0119 g\u0142o\u015bno \u015bmia\u0107.<\/p>\n","protected":false},"featured_media":105796,"template":"","meta":{"_acf_changed":false,"_joinchat":[]},"product_brand":[],"product_cat":[319],"product_tag":[372,375,442,443,436],"class_list":{"0":"post-105789","1":"product","2":"type-product","3":"status-publish","4":"has-post-thumbnail","6":"product_cat-pokazy-kolacji","7":"product_tag-a-group-couples","8":"product_tag-a-group-solo","9":"product_tag-a-must-shows-couples","10":"product_tag-a-must-shows-friends","11":"product_tag-a-vibe-evening","12":"pa_depart-from-na-poludnie-od-wyspy","14":"first","15":"instock","16":"virtual","17":"sold-individually","18":"purchasable","19":"product-type-booking"},"acf":[],"_links":{"self":[{"href":"https:\/\/thetenerifechannel.com\/pl\/wp-json\/wp\/v2\/product\/105789","targetHints":{"allow":["GET"]}}],"collection":[{"href":"https:\/\/thetenerifechannel.com\/pl\/wp-json\/wp\/v2\/product"}],"about":[{"href":"https:\/\/thetenerifechannel.com\/pl\/wp-json\/wp\/v2\/types\/product"}],"wp:featuredmedia":[{"embeddable":true,"href":"https:\/\/thetenerifechannel.com\/pl\/wp-json\/wp\/v2\/media\/105796"}],"wp:attachment":[{"href":"https:\/\/thetenerifechannel.com\/pl\/wp-json\/wp\/v2\/media?parent=105789"}],"wp:term":[{"taxonomy":"product_brand","embeddable":true,"href":"https:\/\/thetenerifechannel.com\/pl\/wp-json\/wp\/v2\/product_brand?post=105789"},{"taxonomy":"product_cat","embeddable":true,"href":"https:\/\/thetenerifechannel.com\/pl\/wp-json\/wp\/v2\/product_cat?post=105789"},{"taxonomy":"product_tag","embeddable":true,"href":"https:\/\/thetenerifechannel.com\/pl\/wp-json\/wp\/v2\/product_tag?post=105789"}],"curies":[{"name":"wp","href":"https:\/\/api.w.org\/{rel}","templated":true}]}}