{"id":105808,"date":"2024-01-23T14:29:48","date_gmt":"2024-01-23T14:29:48","guid":{"rendered":"https:\/\/thetenerifechannel.com\/excursions\/castillo-san-miguel-pokaz-kolacji\/"},"modified":"2026-04-04T13:53:41","modified_gmt":"2026-04-04T13:53:41","slug":"castillo-san-miguel-pokaz-kolacji","status":"publish","type":"product","link":"https:\/\/thetenerifechannel.com\/pl\/excursions\/castillo-san-miguel-pokaz-kolacji\/","title":{"rendered":"Castillo San Miguel &#8211; pokaz kolacji"},"content":{"rendered":"<p class=\"p1\">Przygotuj si\u0119 na prze\u017cycie \u015bredniowiecznego do\u015bwiadczenia z Rycerzami Okr\u0105g\u0142ego Sto\u0142u w magicznym Castillo San Miguel. Ciesz si\u0119 wystawn\u0105 uczt\u0105, krzycz, bucz lub dopinguj d\u017centelmena, kt\u00f3ry ci\u0119 reprezentuje i kt\u00f3ry jest got\u00f3w wygra\u0107 lub umrze\u0107 na twoj\u0105 cze\u015b\u0107! <\/p>\n<p class=\"p1\">Po wej\u015bciu do Sali Kr\u00f3lewskiej wita ci\u0119 rodzina kr\u00f3lewska, a przyja\u017ani poddani eskortuj\u0105 ci\u0119 do sali turniejowej, sprawiaj\u0105c, \u017ce czujesz si\u0119 jak w autentycznym \u015bredniowiecznym \u015bwiecie, po\u015br\u00f3d zbroi z epoki, skrzy\u0144, pism i dekoracji.<\/p>\n<p class=\"p1\">Dwie dru\u017cyny zmierz\u0105 si\u0119 ze sob\u0105, sze\u015bciu rycerzy b\u0119dzie walczy\u0107 o honor na koniach z oszczepem w r\u0119ku, podczas gdy ty, jako go\u015b\u0107 hrabiego, b\u0119dziesz mia\u0142 przyjemno\u015b\u0107 podziwia\u0107 pokaz z lo\u017cy, z kolacj\u0105, winem i wod\u0105 wliczonymi w cen\u0119! Jedz, pij, krzycz i dopinguj swojego rycerza, tak jak robiono to w \u015bredniowieczu. <\/p>\n<p class=\"p1\">Baw si\u0119 dobrze widz\u0105c umiej\u0119tno\u015bci naszych rycerzy z oszczepem lub mieczem, ciesz si\u0119 akrobacjami na hiszpa\u0144skich koniach, lotem naszych majestatycznych ptak\u00f3w, pokazem ognia i wieloma innymi atrakcjami. Poczuj przyp\u0142yw adrenaliny! <\/p>\n<p><strong>W zestawie:<\/strong><\/p>\n<ul class=\"ul1\">\n<li class=\"li1\">Kolacja z napojami<\/li>\n<li>Bezp\u0142atny parking<\/li>\n<\/ul>\n<p class=\"p1\"><i>Pocz\u0105tek programu: 7:00 p.m.<br \/>\nKoniec Pokazu: 9:30 p.m.<\/i><\/p>\n","protected":false},"excerpt":{"rendered":"<p>Prze\u017cyj \u015bredniowieczn\u0105 przygod\u0119 w Castillo San Miguel z Rycerzami Okr\u0105g\u0142ego Sto\u0142u, gdzie b\u0119dziesz cieszy\u0107 si\u0119 wielk\u0105 uczt\u0105 i kibicowa\u0107 wybranemu mistrzowi. Wejd\u017a do Sali Kr\u00f3lewskiej, otoczonej wystrojem z epoki, a nast\u0119pnie obserwuj, jak sze\u015bciu rycerzy rywalizuje konno z oszczepami. Zobacz ekscytuj\u0105ce pokazy umiej\u0119tno\u015bci, akrobatyki, a nawet pokaz ognia, tworz\u0105c niezapomniany pokaz kolacji.  <\/p>\n","protected":false},"featured_media":105846,"template":"","meta":{"_acf_changed":false,"_joinchat":[]},"product_brand":[],"product_cat":[319],"product_tag":[341,346,311],"class_list":{"0":"post-105808","1":"product","2":"type-product","3":"status-publish","4":"has-post-thumbnail","6":"product_cat-pokazy-kolacji","7":"product_tag-a-vibe-nightlife","8":"product_tag-a-vibe-romantic","9":"product_tag-karty-domowe","10":"pa_depart-from-na-poludnie-od-wyspy","11":"pa_depart-from-polnoc-wyspy","13":"first","14":"instock","15":"virtual","16":"sold-individually","17":"purchasable","18":"product-type-booking"},"acf":[],"_links":{"self":[{"href":"https:\/\/thetenerifechannel.com\/pl\/wp-json\/wp\/v2\/product\/105808","targetHints":{"allow":["GET"]}}],"collection":[{"href":"https:\/\/thetenerifechannel.com\/pl\/wp-json\/wp\/v2\/product"}],"about":[{"href":"https:\/\/thetenerifechannel.com\/pl\/wp-json\/wp\/v2\/types\/product"}],"wp:featuredmedia":[{"embeddable":true,"href":"https:\/\/thetenerifechannel.com\/pl\/wp-json\/wp\/v2\/media\/105846"}],"wp:attachment":[{"href":"https:\/\/thetenerifechannel.com\/pl\/wp-json\/wp\/v2\/media?parent=105808"}],"wp:term":[{"taxonomy":"product_brand","embeddable":true,"href":"https:\/\/thetenerifechannel.com\/pl\/wp-json\/wp\/v2\/product_brand?post=105808"},{"taxonomy":"product_cat","embeddable":true,"href":"https:\/\/thetenerifechannel.com\/pl\/wp-json\/wp\/v2\/product_cat?post=105808"},{"taxonomy":"product_tag","embeddable":true,"href":"https:\/\/thetenerifechannel.com\/pl\/wp-json\/wp\/v2\/product_tag?post=105808"}],"curies":[{"name":"wp","href":"https:\/\/api.w.org\/{rel}","templated":true}]}}