{"id":105944,"date":"2024-01-23T09:06:27","date_gmt":"2024-01-23T09:06:27","guid":{"rendered":"https:\/\/thetenerifechannel.com\/excursions\/royal-delfin-45-godzinny-rejs-po-los-gigantes-i-masca\/"},"modified":"2026-04-05T12:01:37","modified_gmt":"2026-04-05T12:01:37","slug":"royal-delfin-45-godzinny-rejs-po-los-gigantes-i-masca","status":"publish","type":"product","link":"https:\/\/thetenerifechannel.com\/pl\/excursions\/royal-delfin-45-godzinny-rejs-po-los-gigantes-i-masca\/","title":{"rendered":"Royal Delfin 4,5-godzinny rejs po Los Gigantes i Masca"},"content":{"rendered":"<p>Ciesz si\u0119 wyj\u0105tkowym do\u015bwiadczeniem ogl\u0105dania wieloryb\u00f3w i delfin\u00f3w pod wod\u0105. Katamaran wyp\u0142ynie z Puerto Colon i pop\u0142ynie wzd\u0142u\u017c po\u0142udniowo-zachodniego wybrze\u017ca, od Costa Adeje do majestatycznych klif\u00f3w Acantilados de Los Gigantes w poszukiwaniu wolnych wieloryb\u00f3w, kt\u00f3re b\u0119dzie mo\u017cna obserwowa\u0107 w ich naturalnym \u015brodowisku. Zatrzymamy si\u0119 w zatoce Masca, z kt\u00f3rej roztaczaj\u0105 si\u0119 wspania\u0142e widoki na klify, pop\u0142ywamy i zjemy lunch. Podczas ca\u0142ej wycieczki napoje s\u0105 wliczone w cen\u0119. Ciesz si\u0119 najlepszym i wyj\u0105tkowym do\u015bwiadczeniem ogl\u0105dania wieloryb\u00f3w i delfin\u00f3w za po\u015brednictwem tego ekskluzywnego podwodnego katamaranu.    <\/p>\n<p><strong>W zestawie:<\/strong><\/p>\n<ul>\n<li>Bilet elektroniczny.<\/li>\n<li>Specjalistyczni przewodnicy na pok\u0142adzie.<\/li>\n<li>Transfer autobusem z po\u0142udniowej cz\u0119\u015bci wyspy<\/li>\n<li>Przystawka: owoce sezonowe.<\/li>\n<li>Lunch: ciep\u0142y posi\u0142ek (mo\u017cliwo\u015b\u0107 alternatywnego menu dla wegetarian i os\u00f3b z celiaki\u0105 po wcze\u015bniejszej rezerwacji).<\/li>\n<li>Napoje wliczone w cen\u0119 podczas ca\u0142ej wycieczki: piwo, sangria, sok, woda i napoje bezalkoholowe.<\/li>\n<\/ul>\n<p><strong>Brak w zestawie:<\/strong><\/p>\n<ul>\n<li>Filtr przeciws\u0142oneczny<\/li>\n<li>R\u0119czniki<\/li>\n<li>Fajka do nurkowania i maski<\/li>\n<\/ul>\n<p>&nbsp;<\/p>\n","protected":false},"excerpt":{"rendered":"<p>Do\u015bwiadcz obserwacji wieloryb\u00f3w i delfin\u00f3w na pok\u0142adzie katamaranu Royal Delfin z podwodn\u0105 wizj\u0105. Odwied\u017a majestatyczne klify Los Gigantes, delektuj si\u0119 lunchem i za\u017cyj orze\u017awiaj\u0105cej k\u0105pieli w pi\u0119knej scenerii zatoki Masca. <\/p>\n","protected":false},"featured_media":103344,"template":"","meta":{"_acf_changed":false,"_joinchat":[]},"product_brand":[],"product_cat":[310],"product_tag":[351],"class_list":{"0":"post-105944","1":"product","2":"type-product","3":"status-publish","4":"has-post-thumbnail","6":"product_cat-obserwacja-wielorybow","7":"product_tag-a-vibe-boats","8":"pa_depart-from-na-poludnie-od-wyspy","9":"pa_depart-from-polnoc-wyspy","11":"first","12":"instock","13":"virtual","14":"sold-individually","15":"purchasable","16":"product-type-booking"},"acf":[],"_links":{"self":[{"href":"https:\/\/thetenerifechannel.com\/pl\/wp-json\/wp\/v2\/product\/105944","targetHints":{"allow":["GET"]}}],"collection":[{"href":"https:\/\/thetenerifechannel.com\/pl\/wp-json\/wp\/v2\/product"}],"about":[{"href":"https:\/\/thetenerifechannel.com\/pl\/wp-json\/wp\/v2\/types\/product"}],"wp:featuredmedia":[{"embeddable":true,"href":"https:\/\/thetenerifechannel.com\/pl\/wp-json\/wp\/v2\/media\/103344"}],"wp:attachment":[{"href":"https:\/\/thetenerifechannel.com\/pl\/wp-json\/wp\/v2\/media?parent=105944"}],"wp:term":[{"taxonomy":"product_brand","embeddable":true,"href":"https:\/\/thetenerifechannel.com\/pl\/wp-json\/wp\/v2\/product_brand?post=105944"},{"taxonomy":"product_cat","embeddable":true,"href":"https:\/\/thetenerifechannel.com\/pl\/wp-json\/wp\/v2\/product_cat?post=105944"},{"taxonomy":"product_tag","embeddable":true,"href":"https:\/\/thetenerifechannel.com\/pl\/wp-json\/wp\/v2\/product_tag?post=105944"}],"curies":[{"name":"wp","href":"https:\/\/api.w.org\/{rel}","templated":true}]}}