{"id":105978,"date":"2024-01-22T15:01:05","date_gmt":"2024-01-22T15:01:05","guid":{"rendered":"https:\/\/thetenerifechannel.com\/excursions\/parascending\/"},"modified":"2026-03-09T13:54:58","modified_gmt":"2026-03-09T13:54:58","slug":"parascending","status":"publish","type":"product","link":"https:\/\/thetenerifechannel.com\/pl\/excursions\/parascending\/","title":{"rendered":"Parascending"},"content":{"rendered":"<p>Parascending lub parasailing polega na szybowaniu nad oceanem, b\u0119d\u0105c delikatnie holowanym przez \u0142\u00f3d\u017a. Podobnie jak w przypadku latawca, \u017cagiel i pr\u0119dko\u015b\u0107 \u0142odzi generuj\u0105 si\u0142\u0119 no\u015bn\u0105 niezb\u0119dn\u0105 do lotu do 50 metr\u00f3w nad wod\u0105. Parascending to wyj\u0105tkowa, relaksuj\u0105ca aktywno\u015b\u0107 na morzu odpowiednia dla dzieci i doros\u0142ych. Wejd\u017a na pok\u0142ad nowoczesnej \u0142odzi motorowej, a nast\u0119pnie ciesz si\u0119 szybowaniem nad oceanem, podziwiaj\u0105c wspania\u0142e naturalne otoczenie z nieba! Wycieczka trwa oko\u0142o 45 minut, w tym odprawa, kr\u00f3tka przeja\u017cd\u017cka \u0142odzi\u0105 i lot. Czas lotu wynosi 10 minut.     <\/p>\n<p><strong>W zestawie:<\/strong><\/p>\n<ul>\n<li>Miejsce spotkania na pla\u017cy najbli\u017cej miejsca zakwaterowania.<\/li>\n<li>Bilet elektroniczny. Kamizelka ratunkowa (obowi\u0105zkowa) <\/li>\n<\/ul>\n<p><strong>Brak w zestawie:<\/strong><\/p>\n<ul>\n<li>Transport<\/li>\n<li>Pami\u0105tkowe zdj\u0119cie<\/li>\n<\/ul>\n","protected":false},"excerpt":{"rendered":"<p>Gotowy na pi\u0119kne do\u015bwiadczenie?<br \/>\nWejd\u017a na pok\u0142ad nowoczesnej \u0142odzi motorowej i ciesz si\u0119 szybowaniem nad oceanem, podziwiaj\u0105c wspania\u0142e naturalne otoczenie z lotu ptaka.<\/p>\n","protected":false},"featured_media":105277,"template":"","meta":{"_acf_changed":false,"_joinchat":[]},"product_brand":[],"product_cat":[308],"product_tag":[],"class_list":{"0":"post-105978","1":"product","2":"type-product","3":"status-publish","4":"has-post-thumbnail","6":"product_cat-sporty-wodne","7":"pa_depart-from-na-poludnie-od-wyspy","9":"first","10":"instock","11":"virtual","12":"sold-individually","13":"purchasable","14":"product-type-booking"},"acf":[],"_links":{"self":[{"href":"https:\/\/thetenerifechannel.com\/pl\/wp-json\/wp\/v2\/product\/105978","targetHints":{"allow":["GET"]}}],"collection":[{"href":"https:\/\/thetenerifechannel.com\/pl\/wp-json\/wp\/v2\/product"}],"about":[{"href":"https:\/\/thetenerifechannel.com\/pl\/wp-json\/wp\/v2\/types\/product"}],"wp:featuredmedia":[{"embeddable":true,"href":"https:\/\/thetenerifechannel.com\/pl\/wp-json\/wp\/v2\/media\/105277"}],"wp:attachment":[{"href":"https:\/\/thetenerifechannel.com\/pl\/wp-json\/wp\/v2\/media?parent=105978"}],"wp:term":[{"taxonomy":"product_brand","embeddable":true,"href":"https:\/\/thetenerifechannel.com\/pl\/wp-json\/wp\/v2\/product_brand?post=105978"},{"taxonomy":"product_cat","embeddable":true,"href":"https:\/\/thetenerifechannel.com\/pl\/wp-json\/wp\/v2\/product_cat?post=105978"},{"taxonomy":"product_tag","embeddable":true,"href":"https:\/\/thetenerifechannel.com\/pl\/wp-json\/wp\/v2\/product_tag?post=105978"}],"curies":[{"name":"wp","href":"https:\/\/api.w.org\/{rel}","templated":true}]}}