{"id":106029,"date":"2024-01-19T13:44:12","date_gmt":"2024-01-19T13:44:12","guid":{"rendered":"https:\/\/thetenerifechannel.com\/excursions\/paralotniarstwo-w-tandemie-zalecany-lot\/"},"modified":"2026-03-09T13:50:08","modified_gmt":"2026-03-09T13:50:08","slug":"paralotniarstwo-w-tandemie-zalecany-lot","status":"publish","type":"product","link":"https:\/\/thetenerifechannel.com\/pl\/excursions\/paralotniarstwo-w-tandemie-zalecany-lot\/","title":{"rendered":"Paralotniarstwo w tandemie &#8211; zalecany lot"},"content":{"rendered":"<div class=\"flex-shrink-0 flex flex-col relative items-end\">\n<div>\n<div class=\"pt-0.5\">\n<div class=\"gizmo-shadow-stroke flex h-6 w-6 items-center justify-center overflow-hidden rounded-full\">Poczuj dreszczyk emocji podczas lotu paralotni\u0105! Wznie\u015b si\u0119 ponad wspania\u0142e doliny i g\u00f3ry, aby prze\u017cy\u0107 niezapomnian\u0105 przygod\u0119. <\/div>\n<\/div>\n<\/div>\n<\/div>\n<div class=\"relative flex w-full flex-col lg:w-[calc(100%-115px)] agent-turn\">\n<div class=\"flex-col gap-1 md:gap-3\">\n<div class=\"flex flex-grow flex-col max-w-full\">\n<div class=\"min-h-[20px] text-message flex flex-col items-start gap-3 whitespace-pre-wrap break-words [.text-message+&amp;]:mt-5 overflow-x-auto\" data-message-author-role=\"assistant\" data-message-id=\"8725c370-5a8c-458a-af2d-2cd328dc6457\">\n<div class=\"markdown prose w-full break-words dark:prose-invert dark\">\n<p>Rozpocznij lot w zapieraj\u0105cej dech w piersiach scenerii po\u0142udniowej Teneryfy i ciesz si\u0119 pe\u0142nym do\u015bwiadczeniem paralotniarskim od pocz\u0105tku do ko\u0144ca.<\/p>\n<\/div>\n<\/div>\n<\/div>\n<\/div>\n<\/div>\n<p>Ka\u017cdy lot oferuje wyj\u0105tkow\u0105 podr\u00f3\u017c, kt\u00f3ra zale\u017cy od codziennych warunk\u00f3w pogodowych.<\/p>\n<ul>\n<li>20-25 minut lotu.<\/li>\n<li>700-1100 m n.p.m.<\/li>\n<\/ul>\n","protected":false},"excerpt":{"rendered":"<p>Ciesz si\u0119 emocjami zwi\u0105zanymi z paralotniarstwem! Szybuj nad pi\u0119knymi dolinami i g\u00f3rami, aby prze\u017cy\u0107 niezapomniane wra\u017cenia. Rozpocznij lot z osza\u0142amiaj\u0105cym widokiem na po\u0142udniow\u0105 Teneryf\u0119 i delektuj si\u0119 pe\u0142n\u0105 paralotniarsk\u0105 podr\u00f3\u017c\u0105.  <\/p>\n","protected":false},"featured_media":105078,"template":"","meta":{"_acf_changed":false,"_joinchat":[]},"product_brand":[],"product_cat":[323],"product_tag":[311],"class_list":{"0":"post-106029","1":"product","2":"type-product","3":"status-publish","4":"has-post-thumbnail","6":"product_cat-paralotniarstwo","7":"product_tag-karty-domowe","8":"pa_depart-from-na-poludnie-od-wyspy","10":"first","11":"instock","12":"virtual","13":"sold-individually","14":"purchasable","15":"product-type-booking"},"acf":[],"_links":{"self":[{"href":"https:\/\/thetenerifechannel.com\/pl\/wp-json\/wp\/v2\/product\/106029","targetHints":{"allow":["GET"]}}],"collection":[{"href":"https:\/\/thetenerifechannel.com\/pl\/wp-json\/wp\/v2\/product"}],"about":[{"href":"https:\/\/thetenerifechannel.com\/pl\/wp-json\/wp\/v2\/types\/product"}],"wp:featuredmedia":[{"embeddable":true,"href":"https:\/\/thetenerifechannel.com\/pl\/wp-json\/wp\/v2\/media\/105078"}],"wp:attachment":[{"href":"https:\/\/thetenerifechannel.com\/pl\/wp-json\/wp\/v2\/media?parent=106029"}],"wp:term":[{"taxonomy":"product_brand","embeddable":true,"href":"https:\/\/thetenerifechannel.com\/pl\/wp-json\/wp\/v2\/product_brand?post=106029"},{"taxonomy":"product_cat","embeddable":true,"href":"https:\/\/thetenerifechannel.com\/pl\/wp-json\/wp\/v2\/product_cat?post=106029"},{"taxonomy":"product_tag","embeddable":true,"href":"https:\/\/thetenerifechannel.com\/pl\/wp-json\/wp\/v2\/product_tag?post=106029"}],"curies":[{"name":"wp","href":"https:\/\/api.w.org\/{rel}","templated":true}]}}