{"id":106030,"date":"2024-01-22T14:33:26","date_gmt":"2024-01-22T14:33:26","guid":{"rendered":"https:\/\/thetenerifechannel.com\/excursions\/safari-na-skuterach-wodnych-1-godzina\/"},"modified":"2026-03-09T13:55:21","modified_gmt":"2026-03-09T13:55:21","slug":"safari-na-skuterach-wodnych-1-godzina","status":"publish","type":"product","link":"https:\/\/thetenerifechannel.com\/pl\/excursions\/safari-na-skuterach-wodnych-1-godzina\/","title":{"rendered":"Safari na skuterach wodnych (1 godzina)"},"content":{"rendered":"<p>Jazda na nartach wodnych to zabawna i szybka aktywno\u015b\u0107, z kt\u00f3rej mog\u0105 korzysta\u0107 osoby w ka\u017cdym wieku i na ka\u017cdym poziomie umiej\u0119tno\u015bci. Niezale\u017cnie od tego, czy jeste\u015b pocz\u0105tkuj\u0105cym, czy do\u015bwiadczonym je\u017ad\u017acem, jazda na nartach wodnych na Teneryfie to ekscytuj\u0105ce do\u015bwiadczenie.<br \/>\nDo\u0142\u0105czysz do wycieczki z przewodnikiem, kt\u00f3ra zabierze Ci\u0119, aby zobaczy\u0107 osza\u0142amiaj\u0105ce krajobrazy z wody, daj\u0105c Ci wyj\u0105tkow\u0105 perspektyw\u0119 linii brzegowej i otaczaj\u0105cych g\u00f3r. Wybierz, czy chcesz je\u017adzi\u0107 solo, czy w tandemie, dziel\u0105c si\u0119 do\u015bwiadczeniem.<br \/>\nGodzinne safari na skuterach wodnych to idealny spos\u00f3b, aby w pe\u0142ni do\u015bwiadczy\u0107 jednej z najlepszych dost\u0119pnych aktywno\u015bci wodnych.   Po prostu zrelaksuj si\u0119 i pozw\u00f3l nam zaj\u0105\u0107 si\u0119 wszystkimi szczeg\u00f3\u0142ami, aby\u015b m\u00f3g\u0142 bez obaw wybra\u0107 si\u0119 na t\u0119 adrenalinow\u0105 wycieczk\u0119!<\/p>\n<p><strong>W zestawie:<\/strong><\/p>\n<ul>\n<li>Jazda wzd\u0142u\u017c po\u0142udniowo-zachodniego wybrze\u017ca Teneryfy<\/li>\n<li>Miejsce spotkania na pla\u017cy najbli\u017cej miejsca zakwaterowania.<\/li>\n<li>Bilet elektroniczny.<\/li>\n<li>Kamizelka ratunkowa (obowi\u0105zkowa)<\/li>\n<li>Specjalistyczny przewodnik<\/li>\n<\/ul>\n<p><strong>Brak w zestawie:<\/strong><\/p>\n<ul>\n<li>Transport<\/li>\n<li>Pami\u0105tka fotograficzna<\/li>\n<\/ul>\n<p><strong>Podczas dokonywania rezerwacji prosimy o kontakt w celu sprawdzenia dost\u0119pno\u015bci.<\/strong><\/p>\n<p>*Minimalny wiek pasa\u017cera: 10 lat<br \/>\n*Pojedynczy skuter wodny: minimalny wiek: 16 lat (wymagana zgoda rodzic\u00f3w)<br \/>\n*Podw\u00f3jny skuter wodny: minimalny wiek: 18 lat<br \/>\n*Ograniczenie wagi podw\u00f3jnego skutera wodnego: 150-170 kg.<\/p>\n<p>&nbsp;<\/p>\n","protected":false},"excerpt":{"rendered":"<p>Pokonaj fale podczas 1-godzinnej wycieczki na skuterze wodnym z przewodnikiem, kt\u00f3ra zabierze Ci\u0119 do podziwiania osza\u0142amiaj\u0105cej scenerii z wody, daj\u0105c Ci wyj\u0105tkow\u0105 perspektyw\u0119 linii brzegowej i otaczaj\u0105cych g\u00f3r.<\/p>\n","protected":false},"featured_media":103678,"template":"","meta":{"_acf_changed":false,"_joinchat":[]},"product_brand":[],"product_cat":[308],"product_tag":[],"class_list":{"0":"post-106030","1":"product","2":"type-product","3":"status-publish","4":"has-post-thumbnail","6":"product_cat-sporty-wodne","7":"pa_depart-from-na-poludnie-od-wyspy","9":"first","10":"instock","11":"virtual","12":"sold-individually","13":"purchasable","14":"product-type-booking"},"acf":[],"_links":{"self":[{"href":"https:\/\/thetenerifechannel.com\/pl\/wp-json\/wp\/v2\/product\/106030","targetHints":{"allow":["GET"]}}],"collection":[{"href":"https:\/\/thetenerifechannel.com\/pl\/wp-json\/wp\/v2\/product"}],"about":[{"href":"https:\/\/thetenerifechannel.com\/pl\/wp-json\/wp\/v2\/types\/product"}],"wp:featuredmedia":[{"embeddable":true,"href":"https:\/\/thetenerifechannel.com\/pl\/wp-json\/wp\/v2\/media\/103678"}],"wp:attachment":[{"href":"https:\/\/thetenerifechannel.com\/pl\/wp-json\/wp\/v2\/media?parent=106030"}],"wp:term":[{"taxonomy":"product_brand","embeddable":true,"href":"https:\/\/thetenerifechannel.com\/pl\/wp-json\/wp\/v2\/product_brand?post=106030"},{"taxonomy":"product_cat","embeddable":true,"href":"https:\/\/thetenerifechannel.com\/pl\/wp-json\/wp\/v2\/product_cat?post=106030"},{"taxonomy":"product_tag","embeddable":true,"href":"https:\/\/thetenerifechannel.com\/pl\/wp-json\/wp\/v2\/product_tag?post=106030"}],"curies":[{"name":"wp","href":"https:\/\/api.w.org\/{rel}","templated":true}]}}