{"id":106087,"date":"2024-01-19T13:43:49","date_gmt":"2024-01-19T13:43:49","guid":{"rendered":"https:\/\/thetenerifechannel.com\/excursions\/paralotniarstwo-w-tandemie-lot-standardowy\/"},"modified":"2026-03-09T13:50:20","modified_gmt":"2026-03-09T13:50:20","slug":"paralotniarstwo-w-tandemie-lot-standardowy","status":"publish","type":"product","link":"https:\/\/thetenerifechannel.com\/pl\/excursions\/paralotniarstwo-w-tandemie-lot-standardowy\/","title":{"rendered":"Paralotniarstwo w tandemie &#8211; lot standardowy"},"content":{"rendered":"<p>Poczuj dreszczyk emocji zwi\u0105zany z lataniem dzi\u0119ki naszemu pakietowi &#8220;Pierwszy lot&#8221; &#8211; idealnemu dla ma\u0142ych dzieci i ka\u017cdego, kto chce wzbi\u0107 si\u0119 w przestworza.<br \/>\nWystartuj z Adeje i podziwiaj widoki na Costa Adeje i La Gomer\u0119 na horyzoncie.<\/p>\n<p>Ka\u017cdy lot oferuje wyj\u0105tkow\u0105 podr\u00f3\u017c, kierowan\u0105 codziennymi warunkami pogodowymi.<br \/>\nDoskona\u0142e wprowadzenie do \u015bwiata latania!<\/p>\n<ul>\n<li>15-20 minut lotu.<\/li>\n<li>700-900 m n.p.m.<\/li>\n<\/ul>\n","protected":false},"excerpt":{"rendered":"<p>Do\u015bwiadcz pi\u0119kna latania w tandemie i podziwiaj zapieraj\u0105ce dech w piersiach widoki na Costa Adeje.<br \/>\nIdealne jako pierwsze do\u015bwiadczenie lub dla dzieci.<\/p>\n","protected":false},"featured_media":105075,"template":"","meta":{"_acf_changed":false,"_joinchat":[]},"product_brand":[],"product_cat":[323],"product_tag":[],"class_list":{"0":"post-106087","1":"product","2":"type-product","3":"status-publish","4":"has-post-thumbnail","6":"product_cat-paralotniarstwo","7":"pa_depart-from-na-poludnie-od-wyspy","9":"first","10":"instock","11":"virtual","12":"sold-individually","13":"purchasable","14":"product-type-booking"},"acf":[],"_links":{"self":[{"href":"https:\/\/thetenerifechannel.com\/pl\/wp-json\/wp\/v2\/product\/106087","targetHints":{"allow":["GET"]}}],"collection":[{"href":"https:\/\/thetenerifechannel.com\/pl\/wp-json\/wp\/v2\/product"}],"about":[{"href":"https:\/\/thetenerifechannel.com\/pl\/wp-json\/wp\/v2\/types\/product"}],"wp:featuredmedia":[{"embeddable":true,"href":"https:\/\/thetenerifechannel.com\/pl\/wp-json\/wp\/v2\/media\/105075"}],"wp:attachment":[{"href":"https:\/\/thetenerifechannel.com\/pl\/wp-json\/wp\/v2\/media?parent=106087"}],"wp:term":[{"taxonomy":"product_brand","embeddable":true,"href":"https:\/\/thetenerifechannel.com\/pl\/wp-json\/wp\/v2\/product_brand?post=106087"},{"taxonomy":"product_cat","embeddable":true,"href":"https:\/\/thetenerifechannel.com\/pl\/wp-json\/wp\/v2\/product_cat?post=106087"},{"taxonomy":"product_tag","embeddable":true,"href":"https:\/\/thetenerifechannel.com\/pl\/wp-json\/wp\/v2\/product_tag?post=106087"}],"curies":[{"name":"wp","href":"https:\/\/api.w.org\/{rel}","templated":true}]}}