{"id":106098,"date":"2024-01-22T14:11:34","date_gmt":"2024-01-22T14:11:34","guid":{"rendered":"https:\/\/thetenerifechannel.com\/excursions\/loro-parque\/"},"modified":"2026-03-09T13:52:01","modified_gmt":"2026-03-09T13:52:01","slug":"loro-parque","status":"publish","type":"product","link":"https:\/\/thetenerifechannel.com\/pl\/excursions\/loro-parque\/","title":{"rendered":"Loro Parque"},"content":{"rendered":"<section class=\"l-section wpb_row height_huge\"><div class=\"l-section-h i-cf\"><div class=\"g-cols vc_row via_grid cols_1 laptops-cols_inherit tablets-cols_inherit mobiles-cols_1 valign_top type_default stacking_default\"><div class=\"wpb_column vc_column_container\"><div class=\"vc_column-inner\"><div class=\"wpb_text_column\"><div class=\"wpb_wrapper\"><p class=\"p3\">Loro Parque to s\u0142ynny park zwierz\u0105t na Teneryfie.<br \/>\nMo\u017cesz spotka\u0107 si\u0119 z bliska z pi\u0119knymi zwierz\u0119tami, aby prze\u017cy\u0107 niezapomniane wra\u017cenia.<br \/>\nOdkryj Antarktyk\u0119 w Planet Penguin, domu z prawdziw\u0105 g\u00f3r\u0105 lodow\u0105 i setkami pingwin\u00f3w.<\/p>\n<p class=\"p3\">Zajmij miejsce w spektakularnym Orca Ocean i obserwuj, jak te wieloryby demonstruj\u0105 swoj\u0105 si\u0142\u0119 i zwinno\u015b\u0107, i sprawd\u017a, czy uda ci si\u0119 powstrzyma\u0107 u\u015bmiech na twarzy, gdy akrobatyczne delfiny i lwy morskie poka\u017c\u0105 ci swoje ruchy przecz\u0105ce grawitacji.<\/p>\n<p class=\"p3\">Ciesz si\u0119 Katandra TreeTops, miejscem, w kt\u00f3rym mo\u017cna spotka\u0107 najbardziej niesamowite gatunki ptak\u00f3w w ich \u015bwiecie i mie\u0107 oczy szeroko otwarte na Loris, kakadu, emu i kookaburras podczas przemierzania wisz\u0105cych most\u00f3w i przechodzenia przez \u015bcie\u017cki d\u017cungli.<\/p>\n<p>Dzie\u0144 pe\u0142en zabawy dla wszystkich grup wiekowych!<\/p>\n<p class=\"p3\"><b>  W zestawie<\/b><\/p>\n<ul class=\"ul1\">\n<li class=\"li3\">Bilet wst\u0119pu QR<\/li>\n<li>Bezp\u0142atny poci\u0105g z Puerto de la Cruz<\/li>\n<\/ul>\n<p class=\"p3\"><b>Nie zawiera<\/b><\/p>\n<ul class=\"ul1\">\n<li class=\"li3\">Transport<\/li>\n<li class=\"li3\">Jedzenie i napoje<\/li>\n<li class=\"li3\">Pami\u0105tki<\/li>\n<\/ul>\n<p><b>*Bilety nie podlegaj\u0105 zwrotowi<\/b><\/p>\n<\/div><\/div><\/div><\/div><\/div><\/div><\/section>\n","protected":false},"excerpt":{"rendered":"<p>Odkryj \u015bwiat dzikich zwierz\u0105t w Loro Parque.<br \/>\nTo niesamowite zoo na Teneryfie oferuje niezapomniane wra\u017cenia z egzotycznymi zwierz\u0119tami, osza\u0142amiaj\u0105cymi ogrodami botanicznymi i ekscytuj\u0105cymi pokazami.<\/p>\n","protected":false},"featured_media":106101,"template":"","meta":{"_acf_changed":false,"_joinchat":[]},"product_brand":[],"product_cat":[327,328],"product_tag":[],"class_list":{"0":"post-106098","1":"product","2":"type-product","3":"status-publish","4":"has-post-thumbnail","6":"product_cat-bilety-do-parkow-rozrywki","7":"product_cat-loro-park","8":"pa_depart-from-polnoc-wyspy","10":"first","11":"instock","12":"virtual","13":"sold-individually","14":"purchasable","15":"product-type-booking"},"acf":[],"_links":{"self":[{"href":"https:\/\/thetenerifechannel.com\/pl\/wp-json\/wp\/v2\/product\/106098","targetHints":{"allow":["GET"]}}],"collection":[{"href":"https:\/\/thetenerifechannel.com\/pl\/wp-json\/wp\/v2\/product"}],"about":[{"href":"https:\/\/thetenerifechannel.com\/pl\/wp-json\/wp\/v2\/types\/product"}],"wp:featuredmedia":[{"embeddable":true,"href":"https:\/\/thetenerifechannel.com\/pl\/wp-json\/wp\/v2\/media\/106101"}],"wp:attachment":[{"href":"https:\/\/thetenerifechannel.com\/pl\/wp-json\/wp\/v2\/media?parent=106098"}],"wp:term":[{"taxonomy":"product_brand","embeddable":true,"href":"https:\/\/thetenerifechannel.com\/pl\/wp-json\/wp\/v2\/product_brand?post=106098"},{"taxonomy":"product_cat","embeddable":true,"href":"https:\/\/thetenerifechannel.com\/pl\/wp-json\/wp\/v2\/product_cat?post=106098"},{"taxonomy":"product_tag","embeddable":true,"href":"https:\/\/thetenerifechannel.com\/pl\/wp-json\/wp\/v2\/product_tag?post=106098"}],"curies":[{"name":"wp","href":"https:\/\/api.w.org\/{rel}","templated":true}]}}