{"id":106100,"date":"2024-01-19T09:33:27","date_gmt":"2024-01-19T09:33:27","guid":{"rendered":"https:\/\/thetenerifechannel.com\/excursions\/siam-park-all-inclusive\/"},"modified":"2026-03-09T13:50:20","modified_gmt":"2026-03-09T13:50:20","slug":"siam-park-all-inclusive","status":"publish","type":"product","link":"https:\/\/thetenerifechannel.com\/pl\/excursions\/siam-park-all-inclusive\/","title":{"rendered":"Siam Park All Inclusive"},"content":{"rendered":"<p>Odkryj Siam Park; wodne kr\u00f3lestwo Teneryfy, uznawane za jeden z najlepszych park\u00f3w wodnych na \u015bwiecie. Bilet Siam Park All Inclusive obejmuje <strong><em>preferencyjny dost\u0119p<\/em> <\/strong>do atrakcji (fast pass), <em><strong>bezp\u0142atn\u0105 konsumpcj\u0119<\/strong><\/em> jedzenia i napoj\u00f3w,<em><strong> r\u0119cznik i szafk\u0119<\/strong><\/em>. Preferencyjny dost\u0119p nie obejmuje Tower of Power.  <\/p>\n<p>Po\u0142o\u017cony na tle spektakularnej tajskiej architektury, jest to park jak \u017caden inny i od momentu wej\u015bcia b\u0119dziesz wiedzia\u0142, \u017ce nie b\u0119dzie to zwyk\u0142y dzie\u0144. Poznaj liczne atrakcje i ekscytuj\u0105ce zje\u017cd\u017calnie. Siam Park obiecuje dzie\u0144 pe\u0142en emocji, wra\u017ce\u0144 i nieko\u0144cz\u0105cej si\u0119 zabawy dla wszystkich grup wiekowych. Szukaj\u0105c najwi\u0119kszych emocji, sprawd\u017a swoje nerwy podczas swobodnego spadania z Tower of Power lub do\u015bwiadcz zerowej grawitacji na pot\u0119\u017cnym The Dragon. Je\u015bli wakacyjny relaks jest bardziej w Twoim stylu, wyci\u0105gnij si\u0119 na bia\u0142ych piaskach, w\u0119druj wzd\u0142u\u017c leniwej rzeki lub z\u0142ap surfing w Wave Palace. Ekstremalnie czy spokojnie? To tw\u00f3j wyb\u00f3r, po prostu zanurz si\u0119!      <\/p>\n<p><strong>W zestawie:<\/strong><\/p>\n<ul>\n<li>Bilet wst\u0119pu QR.<\/li>\n<li>Szybka przepustka do atrakcji (z wyj\u0105tkiem Tower of Power)*<\/li>\n<li>Jedzenie i napoje.<\/li>\n<li>Szafka.<\/li>\n<li>R\u0119cznik.<\/li>\n<li>Bezp\u0142atny autobus z odbiorem w Los Cristianos, Las Americas i Costa Adeje.<\/li>\n<li>Korzystanie z le\u017cak\u00f3w, kamizelek ratunkowych i parasoli.<\/li>\n<\/ul>\n<p><strong>Brak w zestawie:<\/strong><\/p>\n<ul>\n<li>Miejsca parkingowe<\/li>\n<li>Batony czekoladowe, koktajle lub niekt\u00f3re napoje alkoholowe<\/li>\n<\/ul>\n","protected":false},"excerpt":{"rendered":"<p>Prze\u017cyj niezapomniany dzie\u0144 w Siam Park dzi\u0119ki biletom all inclusive: szybka przepustka do atrakcji, bezp\u0142atna konsumpcja jedzenia i napoj\u00f3w, r\u0119cznik i szafka!<br \/>\nPrzygotuj si\u0119 na niesamowite wra\u017cenia!<\/p>\n","protected":false},"featured_media":106202,"template":"","meta":{"_acf_changed":false,"_joinchat":[]},"product_brand":[],"product_cat":[327,329],"product_tag":[],"class_list":{"0":"post-106100","1":"product","2":"type-product","3":"status-publish","4":"has-post-thumbnail","6":"product_cat-bilety-do-parkow-rozrywki","7":"product_cat-siam-park","8":"pa_depart-from-na-poludnie-od-wyspy","10":"first","11":"instock","12":"virtual","13":"sold-individually","14":"purchasable","15":"product-type-booking"},"acf":[],"_links":{"self":[{"href":"https:\/\/thetenerifechannel.com\/pl\/wp-json\/wp\/v2\/product\/106100","targetHints":{"allow":["GET"]}}],"collection":[{"href":"https:\/\/thetenerifechannel.com\/pl\/wp-json\/wp\/v2\/product"}],"about":[{"href":"https:\/\/thetenerifechannel.com\/pl\/wp-json\/wp\/v2\/types\/product"}],"wp:featuredmedia":[{"embeddable":true,"href":"https:\/\/thetenerifechannel.com\/pl\/wp-json\/wp\/v2\/media\/106202"}],"wp:attachment":[{"href":"https:\/\/thetenerifechannel.com\/pl\/wp-json\/wp\/v2\/media?parent=106100"}],"wp:term":[{"taxonomy":"product_brand","embeddable":true,"href":"https:\/\/thetenerifechannel.com\/pl\/wp-json\/wp\/v2\/product_brand?post=106100"},{"taxonomy":"product_cat","embeddable":true,"href":"https:\/\/thetenerifechannel.com\/pl\/wp-json\/wp\/v2\/product_cat?post=106100"},{"taxonomy":"product_tag","embeddable":true,"href":"https:\/\/thetenerifechannel.com\/pl\/wp-json\/wp\/v2\/product_tag?post=106100"}],"curies":[{"name":"wp","href":"https:\/\/api.w.org\/{rel}","templated":true}]}}