{"id":106242,"date":"2024-01-19T08:32:35","date_gmt":"2024-01-19T08:32:35","guid":{"rendered":"https:\/\/thetenerifechannel.com\/excursions\/siam-park\/"},"modified":"2026-03-09T13:50:53","modified_gmt":"2026-03-09T13:50:53","slug":"siam-park","status":"publish","type":"product","link":"https:\/\/thetenerifechannel.com\/pl\/excursions\/siam-park\/","title":{"rendered":"Siam Park"},"content":{"rendered":"<section class=\"l-section wpb_row height_huge\"><div class=\"l-section-h i-cf\"><div class=\"g-cols vc_row via_grid cols_1 laptops-cols_inherit tablets-cols_inherit mobiles-cols_1 valign_top type_default stacking_default\"><div class=\"wpb_column vc_column_container\"><div class=\"vc_column-inner\"><div class=\"wpb_text_column\"><div class=\"wpb_wrapper\"><p>Odkryj Siam Park; wodne kr\u00f3lestwo Teneryfy, uznawane za jeden z najlepszych park\u00f3w wodnych na \u015bwiecie. Po\u0142o\u017cony na tle spektakularnej tajskiej architektury, jest to park jak \u017caden inny i od momentu wej\u015bcia b\u0119dziesz wiedzia\u0142, \u017ce nie b\u0119dzie to zwyk\u0142y dzie\u0144. Odkryj wiele atrakcji i ekscytuj\u0105cych zje\u017cd\u017calni.  <\/p>\n<p>Siam Park obiecuje dzie\u0144 pe\u0142en emocji, wra\u017ce\u0144 i nieko\u0144cz\u0105cej si\u0119 zabawy dla wszystkich grup wiekowych. Szukaj\u0105c ekstremalnych emocji, sprawd\u017a swoje nerwy podczas swobodnego spadania z Wie\u017cy Mocy lub do\u015bwiadcz zerowej grawitacji na pot\u0119\u017cnym Smoku. Je\u015bli wakacyjny relaks jest bardziej w Twoim stylu, wyci\u0105gnij si\u0119 na bia\u0142ych piaskach, w\u0119druj wzd\u0142u\u017c leniwej rzeki lub z\u0142ap surfing w Wave Palace.<br \/>\nEkstremalne czy spokojne? To tw\u00f3j wyb\u00f3r, po prostu zanurz si\u0119!   <\/p>\n<p><strong>W zestawie:<\/strong><\/p>\n<ul>\n<li>Bilet wst\u0119pu QR.<\/li>\n<li>Bezp\u0142atny autobus z odbiorem w Los Cristianos, Las Americas i Costa Adeje.<\/li>\n<li>Korzystanie z le\u017cak\u00f3w, kamizelek ratunkowych i parasoli.<\/li>\n<li>Dost\u0119p do wszystkich atrakcji.<\/li>\n<\/ul>\n<p><strong>Nie zawiera:<\/strong><\/p>\n<ul>\n<li>Jedzenie i napoje<\/li>\n<li>Wynajem szafek i r\u0119cznik\u00f3w<\/li>\n<li>Miejsca parkingowe<\/li>\n<\/ul>\n<p><b>*Bilety nie podlegaj\u0105 zwrotowi<\/b><\/p>\n<\/div><\/div><\/div><\/div><\/div><\/div><\/section>\n","protected":false},"excerpt":{"rendered":"<p>Prze\u017cyj niezapomniany dzie\u0144 w Siam Park, jednym z najlepszych park\u00f3w wodnych na \u015bwiecie, kt\u00f3ry obiecuje dzie\u0144 pe\u0142en emocji, wra\u017ce\u0144 i nieko\u0144cz\u0105cej si\u0119 zabawy dla wszystkich grup wiekowych.<\/p>\n","protected":false},"featured_media":106202,"template":"","meta":{"_acf_changed":false,"_joinchat":[]},"product_brand":[],"product_cat":[327,329],"product_tag":[311],"class_list":{"0":"post-106242","1":"product","2":"type-product","3":"status-publish","4":"has-post-thumbnail","6":"product_cat-bilety-do-parkow-rozrywki","7":"product_cat-siam-park","8":"product_tag-karty-domowe","9":"pa_depart-from-na-poludnie-od-wyspy","11":"first","12":"instock","13":"virtual","14":"sold-individually","15":"purchasable","16":"product-type-booking"},"acf":[],"_links":{"self":[{"href":"https:\/\/thetenerifechannel.com\/pl\/wp-json\/wp\/v2\/product\/106242","targetHints":{"allow":["GET"]}}],"collection":[{"href":"https:\/\/thetenerifechannel.com\/pl\/wp-json\/wp\/v2\/product"}],"about":[{"href":"https:\/\/thetenerifechannel.com\/pl\/wp-json\/wp\/v2\/types\/product"}],"wp:featuredmedia":[{"embeddable":true,"href":"https:\/\/thetenerifechannel.com\/pl\/wp-json\/wp\/v2\/media\/106202"}],"wp:attachment":[{"href":"https:\/\/thetenerifechannel.com\/pl\/wp-json\/wp\/v2\/media?parent=106242"}],"wp:term":[{"taxonomy":"product_brand","embeddable":true,"href":"https:\/\/thetenerifechannel.com\/pl\/wp-json\/wp\/v2\/product_brand?post=106242"},{"taxonomy":"product_cat","embeddable":true,"href":"https:\/\/thetenerifechannel.com\/pl\/wp-json\/wp\/v2\/product_cat?post=106242"},{"taxonomy":"product_tag","embeddable":true,"href":"https:\/\/thetenerifechannel.com\/pl\/wp-json\/wp\/v2\/product_tag?post=106242"}],"curies":[{"name":"wp","href":"https:\/\/api.w.org\/{rel}","templated":true}]}}