{"id":106290,"date":"2024-01-22T13:30:27","date_gmt":"2024-01-22T13:30:27","guid":{"rendered":"https:\/\/thetenerifechannel.com\/excursions\/rejs-wikingow-ragnarok-2-godziny\/"},"modified":"2026-03-09T13:52:07","modified_gmt":"2026-03-09T13:52:07","slug":"rejs-wikingow-ragnarok-2-godziny","status":"publish","type":"product","link":"https:\/\/thetenerifechannel.com\/pl\/excursions\/rejs-wikingow-ragnarok-2-godziny\/","title":{"rendered":"Rejs wiking\u00f3w Ragnarok (2 godziny)"},"content":{"rendered":"<p>Obserwacja wieloryb\u00f3w z wikingami!<br \/>\nWycieczka jest niezapomnian\u0105 podr\u00f3\u017c\u0105 do czas\u00f3w wiking\u00f3w z za\u0142og\u0105 wiking\u00f3w.<br \/>\n\u0141\u00f3d\u017a wyp\u0142ywa z Los Cristianos i b\u0119dziesz mia\u0142 okazj\u0119 do\u015bwiadczy\u0107 najpi\u0119kniejszych widok\u00f3w wyspy, a tak\u017ce zobaczy\u0107 dzikie delfiny i wieloryby pilotuj\u0105ce w ich naturalnym \u015brodowisku.<\/p>\n<p><strong>W zestawie:<\/strong><\/p>\n<ul>\n<li class=\"li1\">Bilet elektroniczny.<\/li>\n<li class=\"li1\">Specjalistyczni przewodnicy na pok\u0142adzie.<\/li>\n<li class=\"li1\">Obserwowanie wieloryb\u00f3w<\/li>\n<li>Zesp\u00f3\u0142 Viking\u00f3w na pok\u0142adzie<\/li>\n<\/ul>\n<p><strong>Brak w zestawie:<\/strong><\/p>\n<ul>\n<li>Transport<\/li>\n<li>Swim stop<\/li>\n<li>Pokaz na \u017cywo<\/li>\n<li>Jedzenie lub napoje (do nabycia na pok\u0142adzie)<\/li>\n<li class=\"li1\">Filtr przeciws\u0142oneczny<\/li>\n<li class=\"li1\">R\u0119czniki<\/li>\n<\/ul>\n","protected":false},"excerpt":{"rendered":"<p>Przygotuj si\u0119 na obserwowanie wieloryb\u00f3w i delfin\u00f3w podczas 2-godzinnego rejsu wiking\u00f3w! Na pok\u0142adzie zaopiekuje si\u0119 Tob\u0105 za\u0142oga Viking i b\u0119dziesz mia\u0142 okazj\u0119 podziwia\u0107 najpi\u0119kniejsze zabytki wyspy. <\/p>\n","protected":false},"featured_media":117506,"template":"","meta":{"_acf_changed":false,"_joinchat":[]},"product_brand":[],"product_cat":[310],"product_tag":[],"class_list":{"0":"post-106290","1":"product","2":"type-product","3":"status-publish","4":"has-post-thumbnail","6":"product_cat-obserwacja-wielorybow","7":"pa_depart-from-na-poludnie-od-wyspy","9":"first","10":"instock","11":"virtual","12":"sold-individually","13":"purchasable","14":"product-type-booking"},"acf":[],"_links":{"self":[{"href":"https:\/\/thetenerifechannel.com\/pl\/wp-json\/wp\/v2\/product\/106290","targetHints":{"allow":["GET"]}}],"collection":[{"href":"https:\/\/thetenerifechannel.com\/pl\/wp-json\/wp\/v2\/product"}],"about":[{"href":"https:\/\/thetenerifechannel.com\/pl\/wp-json\/wp\/v2\/types\/product"}],"wp:featuredmedia":[{"embeddable":true,"href":"https:\/\/thetenerifechannel.com\/pl\/wp-json\/wp\/v2\/media\/117506"}],"wp:attachment":[{"href":"https:\/\/thetenerifechannel.com\/pl\/wp-json\/wp\/v2\/media?parent=106290"}],"wp:term":[{"taxonomy":"product_brand","embeddable":true,"href":"https:\/\/thetenerifechannel.com\/pl\/wp-json\/wp\/v2\/product_brand?post=106290"},{"taxonomy":"product_cat","embeddable":true,"href":"https:\/\/thetenerifechannel.com\/pl\/wp-json\/wp\/v2\/product_cat?post=106290"},{"taxonomy":"product_tag","embeddable":true,"href":"https:\/\/thetenerifechannel.com\/pl\/wp-json\/wp\/v2\/product_tag?post=106290"}],"curies":[{"name":"wp","href":"https:\/\/api.w.org\/{rel}","templated":true}]}}