{"id":106382,"date":"2024-01-22T12:02:19","date_gmt":"2024-01-22T12:02:19","guid":{"rendered":"https:\/\/thetenerifechannel.com\/excursions\/rejs-wikingow-ragnarok-3-godziny\/"},"modified":"2026-03-09T13:52:23","modified_gmt":"2026-03-09T13:52:23","slug":"rejs-wikingow-ragnarok-3-godziny","status":"publish","type":"product","link":"https:\/\/thetenerifechannel.com\/pl\/excursions\/rejs-wikingow-ragnarok-3-godziny\/","title":{"rendered":"Rejs wiking\u00f3w Ragnarok (3 godziny)"},"content":{"rendered":"<p>Obserwowanie wieloryb\u00f3w z wikingami!<br \/>\nWycieczka jest niezapomnian\u0105 podr\u00f3\u017c\u0105 do czas\u00f3w Wiking\u00f3w, a na pok\u0142adzie b\u0119dzie Ci\u0119 zabawia\u0107 za\u0142oga Wiking\u00f3w. B\u0119dziesz mia\u0142 okazj\u0119 do\u015bwiadczy\u0107 najpi\u0119kniejszych widok\u00f3w wyspy, a tak\u017ce zobaczy\u0107 dzikie delfiny i wieloryby w ich naturalnym \u015brodowisku.<br \/>\n\u0141\u00f3d\u017a wyp\u0142ywa z Los Cristianos i obejmuje czas na p\u0142ywanie, napoje i wspania\u0142e show na \u017cywo! Poczujesz si\u0119 jak prawdziwy wiking!  <\/p>\n<p><strong>W zestawie:<\/strong><\/p>\n<ul>\n<li class=\"li1\">Bilet elektroniczny.<\/li>\n<li class=\"li1\">Specjalistyczni przewodnicy na pok\u0142adzie.<\/li>\n<li class=\"li1\">Bezp\u0142atne napoje (napoje bezalkoholowe, lokalne piwo, wino i woda)<\/li>\n<li class=\"li1\">Pokaz na \u017cywo<\/li>\n<li>Fajka do nurkowania i maski<\/li>\n<li class=\"li1\">Malowanie twarzy<\/li>\n<\/ul>\n<p><strong>Brak w zestawie:<\/strong><\/p>\n<ul>\n<li>Transport<\/li>\n<li class=\"li1\">Filtr przeciws\u0142oneczny<\/li>\n<li class=\"li1\">R\u0119czniki<\/li>\n<li class=\"li1\">Przek\u0105ski (do nabycia na pok\u0142adzie)<\/li>\n<\/ul>\n","protected":false},"excerpt":{"rendered":"<p>Przygotuj si\u0119 na wypatrywanie wieloryb\u00f3w podczas rejsu wiking\u00f3w!<br \/>\nZosta\u0144 prawdziwym wikingiem podczas tej 3-godzinnej przygody ze \u015bwietn\u0105 rozrywk\u0105, pi\u0119knymi widokami i mn\u00f3stwem zabawy!<\/p>\n","protected":false},"featured_media":117506,"template":"","meta":{"_acf_changed":false,"_joinchat":[]},"product_brand":[],"product_cat":[310],"product_tag":[],"class_list":{"0":"post-106382","1":"product","2":"type-product","3":"status-publish","4":"has-post-thumbnail","6":"product_cat-obserwacja-wielorybow","7":"pa_depart-from-na-poludnie-od-wyspy","9":"first","10":"instock","11":"virtual","12":"sold-individually","13":"purchasable","14":"product-type-booking"},"acf":[],"_links":{"self":[{"href":"https:\/\/thetenerifechannel.com\/pl\/wp-json\/wp\/v2\/product\/106382","targetHints":{"allow":["GET"]}}],"collection":[{"href":"https:\/\/thetenerifechannel.com\/pl\/wp-json\/wp\/v2\/product"}],"about":[{"href":"https:\/\/thetenerifechannel.com\/pl\/wp-json\/wp\/v2\/types\/product"}],"wp:featuredmedia":[{"embeddable":true,"href":"https:\/\/thetenerifechannel.com\/pl\/wp-json\/wp\/v2\/media\/117506"}],"wp:attachment":[{"href":"https:\/\/thetenerifechannel.com\/pl\/wp-json\/wp\/v2\/media?parent=106382"}],"wp:term":[{"taxonomy":"product_brand","embeddable":true,"href":"https:\/\/thetenerifechannel.com\/pl\/wp-json\/wp\/v2\/product_brand?post=106382"},{"taxonomy":"product_cat","embeddable":true,"href":"https:\/\/thetenerifechannel.com\/pl\/wp-json\/wp\/v2\/product_cat?post=106382"},{"taxonomy":"product_tag","embeddable":true,"href":"https:\/\/thetenerifechannel.com\/pl\/wp-json\/wp\/v2\/product_tag?post=106382"}],"curies":[{"name":"wp","href":"https:\/\/api.w.org\/{rel}","templated":true}]}}