{"id":106569,"date":"2024-01-22T12:01:32","date_gmt":"2024-01-22T12:01:32","guid":{"rendered":"https:\/\/thetenerifechannel.com\/excursions\/safari-morskie-2-godziny\/"},"modified":"2026-03-09T13:52:39","modified_gmt":"2026-03-09T13:52:39","slug":"safari-morskie-2-godziny","status":"publish","type":"product","link":"https:\/\/thetenerifechannel.com\/pl\/excursions\/safari-morskie-2-godziny\/","title":{"rendered":"Safari morskie 2 godziny"},"content":{"rendered":"<div>Wyruszaj\u0105c z Puerto Colon, wyp\u0142ywamy \u0142odzi\u0105 motorow\u0105 z maksymalnie 11 osobami.<\/div>\n<div>Ta p\u0142ynnie poruszaj\u0105ca si\u0119 \u0142\u00f3d\u017a motorowa pozwala nam szybko dotrze\u0107 do obszar\u00f3w, w kt\u00f3rych wyst\u0119puj\u0105 wieloryby i delfiny, zwi\u0119kszaj\u0105c nasze szanse na obserwacje.<\/div>\n<p><span>Po dostrze\u017ceniu delfin\u00f3w, wieloryb\u00f3w, a mo\u017ce tak\u017ce \u017c\u00f3\u0142wi lub innych gatunk\u00f3w, udamy si\u0119 do Palm-Mar lub La Caleta, gdzie zatrzymamy si\u0119 w zatoce, aby pop\u0142ywa\u0107 (opcjonalnie) lub ponurkowa\u0107 (maski do snorkelingu zapewnione).<\/span><br \/>\n<span>W cen\u0119 wliczony jest nap\u00f3j, przek\u0105ska i degustacja lokalnych banan\u00f3w (pl\u00e1tano) z plantacji na Teneryfie.<\/span><br \/>\n<span>W drodze powrotnej b\u0119dziesz podziwia\u0107 widoki wzd\u0142u\u017c po\u0142udniowego wybrze\u017ca Teneryfy: ma\u0142e porty, pla\u017ce, klify, jaskinie, naturalne baseny, wulkan Teide, La Gomera i wiele innych.<\/span><\/p>\n<p>*Dost\u0119pny prywatny czarter. Aby uzyska\u0107 wi\u0119cej informacji, prosimy o kontakt. <\/p>\n<p><strong>W zestawie:<\/strong><\/p>\n<ul>\n<li>Bilet elektroniczny.<\/li>\n<li>Specjalistyczny przewodnik na pok\u0142adzie.<\/li>\n<li>Przek\u0105ska i nap\u00f3j<\/li>\n<li>Maska do nurkowania<\/li>\n<li>Ma\u0142a grupa: maksymalnie 11 os\u00f3b<\/li>\n<\/ul>\n<p><strong>Brak w zestawie:<\/strong><\/p>\n<ul>\n<li>Transport: miejsce spotkania w porcie Puerto Colon.<\/li>\n<li>R\u0119czniki<\/li>\n<li>Filtr przeciws\u0142oneczny<\/li>\n<\/ul>\n","protected":false},"excerpt":{"rendered":"<p>Pop\u0142y\u0144 \u0142odzi\u0105 motorow\u0105 Sea Safari, aby zobaczy\u0107 wieloryby i delfiny. Ciesz si\u0119 k\u0105piel\u0105 <span>, zjedz <\/span>przek\u0105sk\u0119 i wypij drinka <span>przed pi\u0119kn\u0105 zatok\u0105 wzd\u0142u\u017c po\u0142udniowego wybrze\u017ca Teneryfy.<\/span> <\/p>\n","protected":false},"featured_media":106583,"template":"","meta":{"_acf_changed":false,"_joinchat":[]},"product_brand":[],"product_cat":[310],"product_tag":[],"class_list":{"0":"post-106569","1":"product","2":"type-product","3":"status-publish","4":"has-post-thumbnail","6":"product_cat-obserwacja-wielorybow","7":"pa_depart-from-na-poludnie-od-wyspy","9":"first","10":"instock","11":"virtual","12":"sold-individually","13":"purchasable","14":"product-type-booking"},"acf":[],"_links":{"self":[{"href":"https:\/\/thetenerifechannel.com\/pl\/wp-json\/wp\/v2\/product\/106569","targetHints":{"allow":["GET"]}}],"collection":[{"href":"https:\/\/thetenerifechannel.com\/pl\/wp-json\/wp\/v2\/product"}],"about":[{"href":"https:\/\/thetenerifechannel.com\/pl\/wp-json\/wp\/v2\/types\/product"}],"wp:featuredmedia":[{"embeddable":true,"href":"https:\/\/thetenerifechannel.com\/pl\/wp-json\/wp\/v2\/media\/106583"}],"wp:attachment":[{"href":"https:\/\/thetenerifechannel.com\/pl\/wp-json\/wp\/v2\/media?parent=106569"}],"wp:term":[{"taxonomy":"product_brand","embeddable":true,"href":"https:\/\/thetenerifechannel.com\/pl\/wp-json\/wp\/v2\/product_brand?post=106569"},{"taxonomy":"product_cat","embeddable":true,"href":"https:\/\/thetenerifechannel.com\/pl\/wp-json\/wp\/v2\/product_cat?post=106569"},{"taxonomy":"product_tag","embeddable":true,"href":"https:\/\/thetenerifechannel.com\/pl\/wp-json\/wp\/v2\/product_tag?post=106569"}],"curies":[{"name":"wp","href":"https:\/\/api.w.org\/{rel}","templated":true}]}}