{"id":106842,"date":"2024-01-19T07:18:25","date_gmt":"2024-01-19T07:18:25","guid":{"rendered":"https:\/\/thetenerifechannel.com\/excursions\/masca-express\/"},"modified":"2026-03-09T13:51:02","modified_gmt":"2026-03-09T13:51:02","slug":"masca-express","status":"publish","type":"product","link":"https:\/\/thetenerifechannel.com\/pl\/excursions\/masca-express\/","title":{"rendered":"Masca Express"},"content":{"rendered":"<p>Wyruszaj\u0105c z portu Los Gigantes na ekscytuj\u0105c\u0105 2-godzinn\u0105 wycieczk\u0119, b\u0119dziemy szuka\u0107 wieloryb\u00f3w lub delfin\u00f3w. Po zrobieniu pi\u0119knych zdj\u0119\u0107 tych stworze\u0144, zabierzemy Ci\u0119 bli\u017cej klif\u00f3w Masca i Los Gigantes. Te cuda natury, szczyc\u0105ce si\u0119 szczytami si\u0119gaj\u0105cymi prawie 600 metr\u00f3w, s\u0105 jednymi z najwy\u017cszych klif\u00f3w na \u015bwiecie. W jednej z zatok zarzucamy kotwic\u0119, pozwalaj\u0105c na orze\u017awiaj\u0105c\u0105 k\u0105piel. Do\u015bwiadczona za\u0142oga zapewnia bezpiecze\u0144stwo i komfort podczas ca\u0142ej wycieczki, dzi\u0119ki czemu jest to niezapomniane prze\u017cycie.    <\/p>\n<p><strong>W zestawie:<\/strong><\/p>\n<ul>\n<li>Bilet elektroniczny.<\/li>\n<li>maks. 36 os\u00f3b <\/li>\n<li>Specjalistyczni przewodnicy na pok\u0142adzie.<\/li>\n<li>Swim stop<\/li>\n<li>Odwied\u017a pi\u0119kne klify Los Gigantes i zatok\u0119 Masca.<\/li>\n<li>Jeden nap\u00f3j (bezalkoholowy, woda lub piwo). Mo\u017cna przynie\u015b\u0107 w\u0142asne napoje. <\/li>\n<\/ul>\n<p><strong>Nie zawiera:<\/strong><\/p>\n<ul>\n<li>Transport &#8211; Miejsce spotkania w Los Gigantes 30 minut przed wycieczk\u0105.<\/li>\n<li>Fajka do nurkowania i maski<\/li>\n<\/ul>\n","protected":false},"excerpt":{"rendered":"<p>Do\u0142\u0105cz do 2-godzinnej wycieczki \u0142odzi\u0105 z Los Gigantes, aby zobaczy\u0107 wieloryby lub delfiny. \u017begluj w pobli\u017cu wysokich klif\u00f3w Masca i Los Gigantes i zakotwicz w jednej z zatok, aby za\u017cy\u0107 orze\u017awiaj\u0105cej k\u0105pieli.<\/p>\n","protected":false},"featured_media":106846,"template":"","meta":{"_acf_changed":false,"_joinchat":[]},"product_brand":[],"product_cat":[310],"product_tag":[],"class_list":{"0":"post-106842","1":"product","2":"type-product","3":"status-publish","4":"has-post-thumbnail","6":"product_cat-obserwacja-wielorybow","7":"pa_depart-from-na-poludnie-od-wyspy","9":"first","10":"instock","11":"virtual","12":"sold-individually","13":"purchasable","14":"product-type-booking"},"acf":[],"_links":{"self":[{"href":"https:\/\/thetenerifechannel.com\/pl\/wp-json\/wp\/v2\/product\/106842","targetHints":{"allow":["GET"]}}],"collection":[{"href":"https:\/\/thetenerifechannel.com\/pl\/wp-json\/wp\/v2\/product"}],"about":[{"href":"https:\/\/thetenerifechannel.com\/pl\/wp-json\/wp\/v2\/types\/product"}],"wp:featuredmedia":[{"embeddable":true,"href":"https:\/\/thetenerifechannel.com\/pl\/wp-json\/wp\/v2\/media\/106846"}],"wp:attachment":[{"href":"https:\/\/thetenerifechannel.com\/pl\/wp-json\/wp\/v2\/media?parent=106842"}],"wp:term":[{"taxonomy":"product_brand","embeddable":true,"href":"https:\/\/thetenerifechannel.com\/pl\/wp-json\/wp\/v2\/product_brand?post=106842"},{"taxonomy":"product_cat","embeddable":true,"href":"https:\/\/thetenerifechannel.com\/pl\/wp-json\/wp\/v2\/product_cat?post=106842"},{"taxonomy":"product_tag","embeddable":true,"href":"https:\/\/thetenerifechannel.com\/pl\/wp-json\/wp\/v2\/product_tag?post=106842"}],"curies":[{"name":"wp","href":"https:\/\/api.w.org\/{rel}","templated":true}]}}