{"id":106881,"date":"2024-01-18T15:10:33","date_gmt":"2024-01-18T15:10:33","guid":{"rendered":"https:\/\/thetenerifechannel.com\/excursions\/royal-delfin-3-godzinny-rejs-po-atlantyku\/"},"modified":"2026-03-09T14:22:35","modified_gmt":"2026-03-09T14:22:35","slug":"royal-delfin-3-godzinny-rejs-po-atlantyku","status":"publish","type":"product","link":"https:\/\/thetenerifechannel.com\/pl\/excursions\/royal-delfin-3-godzinny-rejs-po-atlantyku\/","title":{"rendered":"Royal Delfin 3-godzinny rejs po Atlantyku"},"content":{"rendered":"<p>Zobacz wieloryby i delfiny podczas tego 3-godzinnego rejsu katamaranem Royal Delfin z ekskluzywn\u0105 podwodn\u0105 wizj\u0105. Wycieczka rozpoczyna si\u0119 w Puerto Colon, Costa Adeje. Pop\u0142yniesz wzd\u0142u\u017c wybrze\u017ca, od Playa de Las Am\u00e9ricas do La Caleta, gdzie zatrzymasz si\u0119 w zatoce, aby pop\u0142ywa\u0107 i zje\u015b\u0107 lunch. Podczas ca\u0142ej wycieczki napoje s\u0105 wliczone w cen\u0119.   <\/p>\n<p><strong>W zestawie:<\/strong><\/p>\n<ul>\n<li>Bilet elektroniczny.<\/li>\n<li>Specjalistyczni przewodnicy na pok\u0142adzie.<\/li>\n<li>Odbi\u00f3r z g\u0142\u00f3wnych hoteli na po\u0142udniu Teneryfy.<\/li>\n<li>Lunch: ciep\u0142y posi\u0142ek (mo\u017cliwo\u015b\u0107 alternatywnego menu dla wegetarian i os\u00f3b z celiaki\u0105 po wcze\u015bniejszej rezerwacji).<\/li>\n<li>Napoje wliczone w cen\u0119 podczas ca\u0142ej wycieczki: piwo, sangria, sok, woda i napoje bezalkoholowe.<\/li>\n<li>Zatrzymaj si\u0119, aby pop\u0142ywa\u0107 w La Caleta.<\/li>\n<\/ul>\n<p><strong>Brak w zestawie:<\/strong><\/p>\n<ul>\n<li>Filtr przeciws\u0142oneczny<\/li>\n<li>R\u0119czniki<\/li>\n<li>Fajka do nurkowania i maski<\/li>\n<\/ul>\n<p>&nbsp;<\/p>\n","protected":false},"excerpt":{"rendered":"<p>Ciesz si\u0119 wyj\u0105tkowym do\u015bwiadczeniem ogl\u0105dania wieloryb\u00f3w i delfin\u00f3w przez ekskluzywny podwodny katamaran podczas tego 3-godzinnego rejsu po Atlantyku.<\/p>\n","protected":false},"featured_media":103344,"template":"","meta":{"_acf_changed":false,"_joinchat":[]},"product_brand":[],"product_cat":[310],"product_tag":[],"class_list":{"0":"post-106881","1":"product","2":"type-product","3":"status-publish","4":"has-post-thumbnail","6":"product_cat-obserwacja-wielorybow","7":"pa_depart-from-na-poludnie-od-wyspy","9":"first","10":"instock","11":"virtual","12":"sold-individually","13":"purchasable","14":"product-type-booking"},"acf":[],"_links":{"self":[{"href":"https:\/\/thetenerifechannel.com\/pl\/wp-json\/wp\/v2\/product\/106881","targetHints":{"allow":["GET"]}}],"collection":[{"href":"https:\/\/thetenerifechannel.com\/pl\/wp-json\/wp\/v2\/product"}],"about":[{"href":"https:\/\/thetenerifechannel.com\/pl\/wp-json\/wp\/v2\/types\/product"}],"wp:featuredmedia":[{"embeddable":true,"href":"https:\/\/thetenerifechannel.com\/pl\/wp-json\/wp\/v2\/media\/103344"}],"wp:attachment":[{"href":"https:\/\/thetenerifechannel.com\/pl\/wp-json\/wp\/v2\/media?parent=106881"}],"wp:term":[{"taxonomy":"product_brand","embeddable":true,"href":"https:\/\/thetenerifechannel.com\/pl\/wp-json\/wp\/v2\/product_brand?post=106881"},{"taxonomy":"product_cat","embeddable":true,"href":"https:\/\/thetenerifechannel.com\/pl\/wp-json\/wp\/v2\/product_cat?post=106881"},{"taxonomy":"product_tag","embeddable":true,"href":"https:\/\/thetenerifechannel.com\/pl\/wp-json\/wp\/v2\/product_tag?post=106881"}],"curies":[{"name":"wp","href":"https:\/\/api.w.org\/{rel}","templated":true}]}}